{"id":17232,"date":"2026-04-20T03:10:21","date_gmt":"2026-04-20T00:10:21","guid":{"rendered":"https:\/\/kasskoer.ee\/product\/barry-king-kutsika-lelu-rebane-20x14cm\/"},"modified":"2026-04-20T03:10:22","modified_gmt":"2026-04-20T00:10:22","slug":"barry-king-kutsika-lelu-rebane-20x14cm","status":"publish","type":"product","link":"https:\/\/kasskoer.ee\/en\/toode\/barry-king-kutsika-lelu-rebane-20x14cm\/","title":{"rendered":"Barry King kutsika lelu rebane 20x14cm"},"content":{"rendered":"<li>M\u00e4nguasi teeb piiksuvat heli, kui sellele vajutada.<\/li>\n<p>&#13;<\/p>\n<li>M\u00e4nguasi on kerge, nii et ka k\u00f5ige v\u00e4iksemad lemmikloomad saavad sellega l\u00f5busalt hakkama.<\/li>\n<p>&#13;<\/p>\n<li>Pakub aktiivset tegevust ja palju m\u00e4ngur\u00f5\u00f5mu.<\/li>\n","protected":false},"excerpt":{"rendered":"<p>Barry King sinine piiksuga rebane kutsikale.<\/p>\n","protected":false},"featured_media":17233,"template":"","meta":[],"product_cat":[1326,688],"product_tag":[],"class_list":{"0":"post-17232","1":"product","2":"type-product","3":"status-publish","4":"has-post-thumbnail","6":"product_cat-koerte-manguasjad","7":"product_cat-koerad","8":"pa_brand-barry-king","9":"pa_ean-2855","10":"pa_kaal-0-020","11":"pa_tootjariik-hiina","13":"first","14":"outofstock","15":"taxable","16":"shipping-taxable","17":"purchasable","18":"product-type-simple"},"_links":{"self":[{"href":"https:\/\/kasskoer.ee\/en\/wp-json\/wp\/v2\/product\/17232","targetHints":{"allow":["GET"]}}],"collection":[{"href":"https:\/\/kasskoer.ee\/en\/wp-json\/wp\/v2\/product"}],"about":[{"href":"https:\/\/kasskoer.ee\/en\/wp-json\/wp\/v2\/types\/product"}],"wp:featuredmedia":[{"embeddable":true,"href":"https:\/\/kasskoer.ee\/en\/wp-json\/wp\/v2\/media\/17233"}],"wp:attachment":[{"href":"https:\/\/kasskoer.ee\/en\/wp-json\/wp\/v2\/media?parent=17232"}],"wp:term":[{"taxonomy":"product_cat","embeddable":true,"href":"https:\/\/kasskoer.ee\/en\/wp-json\/wp\/v2\/product_cat?post=17232"},{"taxonomy":"product_tag","embeddable":true,"href":"https:\/\/kasskoer.ee\/en\/wp-json\/wp\/v2\/product_tag?post=17232"}],"curies":[{"name":"wp","href":"https:\/\/api.w.org\/{rel}","templated":true}]}}