{"id":17234,"date":"2026-04-20T03:05:35","date_gmt":"2026-04-20T00:05:35","guid":{"rendered":"https:\/\/kasskoer.ee\/product\/record-kassimuru-kasvatamise-pakk-120g\/"},"modified":"2026-04-20T03:05:38","modified_gmt":"2026-04-20T00:05:38","slug":"record-kassimuru-kasvatamise-pakk-120g","status":"publish","type":"product","link":"https:\/\/kasskoer.ee\/en\/toode\/record-kassimuru-kasvatamise-pakk-120g\/","title":{"rendered":"Record kassimuru kasvatamise pakk 120g"},"content":{"rendered":"<p><b>Naisten\u00f5ges raiheinaga uuenduslikus pakendis &#8211; kott muutub v\u00e4ikeseks \u201cpotiks\u201d, mis v\u00f5imaldab kassimuru kasvatada otse pakendis. Ilus, kasulik ja keskkonnas\u00f5bralik!<\/b>&#13;<\/p>\n<li>Raiheinaga naisten\u00f5ges toetab mao ja soolte heaolu ning on kassile v\u00e4\u00e4rtuslik looduslik abivahend &#8211; see h\u00f5lbustab karvapallide eemaldamist, mis tekivad k\u00f5hus karvkatte puhastamisel.<\/li>\n<p>&#13;<\/p>\n<li>Raihein &#8211; puhastavate omadustega taim, mis on rikas vitamiinide ja mineraalide poolest. <\/li>\n<p>&#13;<\/p>\n<li>Kiire kasvuga &#8211; k\u00f5rge kvaliteediga seemned idanevad kiiresti, umbes 7 p\u00e4evaga, ja v\u00f5imaldavad moodustada v\u00e4ga pikad ja s\u00fcgavad juured, mis takistavad rohuk\u00f5rte t\u00e4ielikku v\u00e4lja t\u00f5mbamist.<\/li>\n","protected":false},"excerpt":{"rendered":"<p>Uuenduslik keskkonnas\u00f5bralik kassimuru kasvatamise pakk.<\/p>\n","protected":false},"featured_media":17235,"template":"","meta":[],"product_cat":[1216],"product_tag":[],"class_list":{"0":"post-17234","1":"product","2":"type-product","3":"status-publish","4":"has-post-thumbnail","6":"product_cat-kasside-tarvikud","7":"pa_brand-record","8":"pa_ean-2856","9":"pa_kaal-0-120","10":"pa_tootjariik-itaalia","12":"first","13":"instock","14":"taxable","15":"shipping-taxable","16":"purchasable","17":"product-type-simple"},"_links":{"self":[{"href":"https:\/\/kasskoer.ee\/en\/wp-json\/wp\/v2\/product\/17234","targetHints":{"allow":["GET"]}}],"collection":[{"href":"https:\/\/kasskoer.ee\/en\/wp-json\/wp\/v2\/product"}],"about":[{"href":"https:\/\/kasskoer.ee\/en\/wp-json\/wp\/v2\/types\/product"}],"wp:featuredmedia":[{"embeddable":true,"href":"https:\/\/kasskoer.ee\/en\/wp-json\/wp\/v2\/media\/17235"}],"wp:attachment":[{"href":"https:\/\/kasskoer.ee\/en\/wp-json\/wp\/v2\/media?parent=17234"}],"wp:term":[{"taxonomy":"product_cat","embeddable":true,"href":"https:\/\/kasskoer.ee\/en\/wp-json\/wp\/v2\/product_cat?post=17234"},{"taxonomy":"product_tag","embeddable":true,"href":"https:\/\/kasskoer.ee\/en\/wp-json\/wp\/v2\/product_tag?post=17234"}],"curies":[{"name":"wp","href":"https:\/\/api.w.org\/{rel}","templated":true}]}}