{"id":17238,"date":"2026-04-20T03:15:24","date_gmt":"2026-04-20T00:15:24","guid":{"rendered":"https:\/\/kasskoer.ee\/product\/record-narimiskont-presstikud-koerale-m-13cm-100tk\/"},"modified":"2026-04-20T03:15:25","modified_gmt":"2026-04-20T00:15:25","slug":"record-narimiskont-presstikud-koerale-m-13cm-100tk","status":"publish","type":"product","link":"https:\/\/kasskoer.ee\/en\/toode\/record-narimiskont-presstikud-koerale-m-13cm-100tk\/","title":{"rendered":"Record n\u00e4rimiskont presstikud koerale M 13cm 100tk"},"content":{"rendered":"<p><b>Record toornahast n\u00e4rimispulgad. T\u00e4iends\u00f6\u00f6t koertele.<\/b>&#13;<\/p>\n<li>Kondid rahuldavad koera loomulikku n\u00e4rimisvajadust, stimuleerivad ja tugevdavad koera igemelihaseid ning leevendavad \u00e4revus- ja \u00fcksindustunnet.<\/li>\n<p>&#13;<\/p>\n<li>N\u00e4rimine aitab v\u00e4hendada hambakattu ja hambakivi.<\/li>\n<p>&#13;<\/p>\n<li>Ei sisalda v\u00e4rv- ega maitseaineid ning on kauakestvad.<\/li>\n<p>&#13;<\/p>\n<li>T\u00e4nu oma v\u00e4ikesele suurusele sobivad need ka v\u00e4ikestele koertele.<\/li>\n<p>&#13;<br \/>\n<br \/>&#13;<br \/>\n<b>Koostis<\/b><br \/>&#13;<br \/>\nToornahk 99%, tapioki t\u00e4rklis 1%.<br \/>&#13;<br \/>\n<br \/>&#13;<br \/>\n<b>Anal\u00fc\u00fctilised koostisosad<\/b><br \/>&#13;<br \/>\nToorvalk 82%, toor\u00f5lid ja -rasvad 1.0%, toorkiud 0.8%, niiskus 16.0%, toortuhk 1.0%.<\/p>\n","protected":false},"excerpt":{"rendered":"<p>Record toornahast k\u00f5rge valgusisaldusega n\u00e4rimispulgad.<\/p>\n","protected":false},"featured_media":17239,"template":"","meta":[],"product_cat":[1332,688],"product_tag":[],"class_list":{"0":"post-17238","1":"product","2":"type-product","3":"status-publish","4":"has-post-thumbnail","6":"product_cat-koerte-narimiskondid","7":"product_cat-koerad","8":"pa_brand-record","9":"pa_ean-2858","10":"pa_kaal-0-600","11":"pa_tootjariik-hiina","13":"first","14":"instock","15":"taxable","16":"shipping-taxable","17":"purchasable","18":"product-type-simple"},"_links":{"self":[{"href":"https:\/\/kasskoer.ee\/en\/wp-json\/wp\/v2\/product\/17238","targetHints":{"allow":["GET"]}}],"collection":[{"href":"https:\/\/kasskoer.ee\/en\/wp-json\/wp\/v2\/product"}],"about":[{"href":"https:\/\/kasskoer.ee\/en\/wp-json\/wp\/v2\/types\/product"}],"wp:featuredmedia":[{"embeddable":true,"href":"https:\/\/kasskoer.ee\/en\/wp-json\/wp\/v2\/media\/17239"}],"wp:attachment":[{"href":"https:\/\/kasskoer.ee\/en\/wp-json\/wp\/v2\/media?parent=17238"}],"wp:term":[{"taxonomy":"product_cat","embeddable":true,"href":"https:\/\/kasskoer.ee\/en\/wp-json\/wp\/v2\/product_cat?post=17238"},{"taxonomy":"product_tag","embeddable":true,"href":"https:\/\/kasskoer.ee\/en\/wp-json\/wp\/v2\/product_tag?post=17238"}],"curies":[{"name":"wp","href":"https:\/\/api.w.org\/{rel}","templated":true}]}}