{"id":17244,"date":"2026-04-20T03:05:38","date_gmt":"2026-04-20T00:05:38","guid":{"rendered":"https:\/\/kasskoer.ee\/product\/record-traksid-koerale-90-125cm-xl-must\/"},"modified":"2026-04-20T03:05:39","modified_gmt":"2026-04-20T00:05:39","slug":"record-traksid-koerale-90-125cm-xl-must","status":"publish","type":"product","link":"https:\/\/kasskoer.ee\/en\/toode\/record-traksid-koerale-90-125cm-xl-must\/","title":{"rendered":"Record traksid koerale 90\/125cm XL must"},"content":{"rendered":"<p><b>Suurep\u00e4rase j\u00f5udluse, tugevuse ja ohutusega Action Alpi koerarakmed.<\/b>&#13;<\/p>\n<li>Suur kandev\u00f5ime v\u00e4hendab h\u00f5\u00f5rdumise ohtu ja j\u00e4tab koerale maksimaalse liikumisvabaduse.<\/li>\n<p>&#13;<\/p>\n<li>Varustatud helkurribadega.<\/li>\n<p>&#13;<br \/>\n<br \/>&#13;<br \/>\n<b>M\u00f5\u00f5dud<\/b><br \/>&#13;<br \/>\n90-125cm<\/p>\n","protected":false},"excerpt":{"rendered":"<p>Record musta v\u00e4rvi nailonist traksid koertele.<\/p>\n","protected":false},"featured_media":17245,"template":"","meta":[],"product_cat":[1324],"product_tag":[],"class_list":{"0":"post-17244","1":"product","2":"type-product","3":"status-publish","4":"has-post-thumbnail","6":"product_cat-koerte-traksid","7":"pa_brand-record","8":"pa_ean-2860","9":"pa_kaal-0-400","10":"pa_tootjariik-hiina","12":"first","13":"instock","14":"taxable","15":"shipping-taxable","16":"purchasable","17":"product-type-simple"},"_links":{"self":[{"href":"https:\/\/kasskoer.ee\/en\/wp-json\/wp\/v2\/product\/17244","targetHints":{"allow":["GET"]}}],"collection":[{"href":"https:\/\/kasskoer.ee\/en\/wp-json\/wp\/v2\/product"}],"about":[{"href":"https:\/\/kasskoer.ee\/en\/wp-json\/wp\/v2\/types\/product"}],"wp:featuredmedia":[{"embeddable":true,"href":"https:\/\/kasskoer.ee\/en\/wp-json\/wp\/v2\/media\/17245"}],"wp:attachment":[{"href":"https:\/\/kasskoer.ee\/en\/wp-json\/wp\/v2\/media?parent=17244"}],"wp:term":[{"taxonomy":"product_cat","embeddable":true,"href":"https:\/\/kasskoer.ee\/en\/wp-json\/wp\/v2\/product_cat?post=17244"},{"taxonomy":"product_tag","embeddable":true,"href":"https:\/\/kasskoer.ee\/en\/wp-json\/wp\/v2\/product_tag?post=17244"}],"curies":[{"name":"wp","href":"https:\/\/api.w.org\/{rel}","templated":true}]}}