{"id":17288,"date":"2026-04-20T03:05:32","date_gmt":"2026-04-20T00:05:32","guid":{"rendered":"https:\/\/kasskoer.ee\/product\/flamingo-talvine-koerajope-lima-punane-40cm\/"},"modified":"2026-04-20T03:05:35","modified_gmt":"2026-04-20T00:05:35","slug":"flamingo-talvine-koerajope-lima-punane-40cm","status":"publish","type":"product","link":"https:\/\/kasskoer.ee\/en\/toode\/flamingo-talvine-koerajope-lima-punane-40cm\/","title":{"rendered":"Flamingo talvine koerajope Lima punane 40cm"},"content":{"rendered":"<p><b>Kaitske oma karvast s\u00f5pra k\u00fclma eest Lima talvejopega!<\/b>   &#13;<\/p>\n<li>Pritsme- ja tuulekindel.<\/li>\n<p>&#13;<\/p>\n<li>T\u00f5mblukk ja elastsed k\u00fcljed mugavaks istumiseks.<\/li>\n<p>&#13;<\/p>\n<li>K\u00f5rge krae ning k\u00f5hu- ja rindkere kate.<\/li>\n<p>&#13;<\/p>\n<li>T\u00f5mbluku, elastsete k\u00fclgede ja seest fliisiga t\u00e4iusliku istuvuse ja lisasoojuse tagamiseks.<\/li>\n<p>&#13;<\/p>\n<li>Valmistatud pol\u00fcestrist ja pestav 30\u00b0C juures.<\/li>\n<p>&#13;<br \/>\n<br \/>&#13;<br \/>\n<b>M\u00f5\u00f5dud<\/b><br \/>&#13;<br \/>\nA:40cm B:38cm C:55cm<\/p>\n","protected":false},"excerpt":{"rendered":"<p>Flamingo punane talvejope Lima koerale.<\/p>\n","protected":false},"featured_media":17289,"template":"","meta":[],"product_cat":[2240],"product_tag":[],"class_list":{"0":"post-17288","1":"product","2":"type-product","3":"status-publish","4":"has-post-thumbnail","6":"product_cat-koerte-riided","7":"pa_brand-flamingo","8":"pa_ean-2877","9":"pa_kaal-0-170","10":"pa_tootjariik-hiina","12":"first","13":"outofstock","14":"taxable","15":"shipping-taxable","16":"purchasable","17":"product-type-simple"},"_links":{"self":[{"href":"https:\/\/kasskoer.ee\/en\/wp-json\/wp\/v2\/product\/17288","targetHints":{"allow":["GET"]}}],"collection":[{"href":"https:\/\/kasskoer.ee\/en\/wp-json\/wp\/v2\/product"}],"about":[{"href":"https:\/\/kasskoer.ee\/en\/wp-json\/wp\/v2\/types\/product"}],"wp:featuredmedia":[{"embeddable":true,"href":"https:\/\/kasskoer.ee\/en\/wp-json\/wp\/v2\/media\/17289"}],"wp:attachment":[{"href":"https:\/\/kasskoer.ee\/en\/wp-json\/wp\/v2\/media?parent=17288"}],"wp:term":[{"taxonomy":"product_cat","embeddable":true,"href":"https:\/\/kasskoer.ee\/en\/wp-json\/wp\/v2\/product_cat?post=17288"},{"taxonomy":"product_tag","embeddable":true,"href":"https:\/\/kasskoer.ee\/en\/wp-json\/wp\/v2\/product_tag?post=17288"}],"curies":[{"name":"wp","href":"https:\/\/api.w.org\/{rel}","templated":true}]}}