{"id":17316,"date":"2026-04-20T03:05:32","date_gmt":"2026-04-20T00:05:32","guid":{"rendered":"https:\/\/kasskoer.ee\/product\/profine-light-lamb-potatoes-koeratoit-12-kg\/"},"modified":"2026-04-20T03:05:33","modified_gmt":"2026-04-20T00:05:33","slug":"profine-light-lamb-potatoes-koeratoit-12-kg","status":"publish","type":"product","link":"https:\/\/kasskoer.ee\/en\/toode\/profine-light-lamb-potatoes-koeratoit-12-kg\/","title":{"rendered":"Profine Light Lamb &#038; Potatoes koeratoit 12 kg"},"content":{"rendered":"<p><b>Profine Light Lamb superpremium koeratoit \u00fclekaalulistele koertele lambaliha ja kartuliga.<\/b>&#13;<\/p>\n<li>\u00dclekaalulisuse v\u00e4ltimine &#8211; madala rasvasisaldusega koostis koos dieetvalguga aitab koertel kaotada \u00fclekaalu.<\/li>\n<p>&#13;<\/p>\n<li>3 kiudaine kompleks &#8211; peedi viljaliha, \u00f5un ja ps\u00fclliumikiud toetavad seedimist ja tervislikku kaalulangetust.<\/li>\n<p>&#13;<\/p>\n<li>Liigeste ja liikuvuse tugi &#8211; kondroprotektiivid ja mineraalid toetab \u00fclekaalulistel koertel terveid liigeseid ja liikuvust.<\/li>\n<p>&#13;<\/p>\n<li>\u00dcrdisegu &#8211; apteegitill, basiilik, salvei ja t\u00e4\u00e4kliilia toetavad tervislikku seedimist ja parandavad ainevahetusprotsesse.<\/li>\n<p>&#13;<br \/>\n<br \/>&#13;<br \/>\n<b>Koostis<\/b><br \/>&#13;<br \/>\nKuivatatud lammas 30%, kartul 30%, mais, kuivatatud \u00f5unad, peedi viljaliha, kanarasv (s\u00e4ilitatud segatud tokoferoolidega, E-vitamiini allikas), \u00f5llep\u00e4rm, h\u00fcdrol\u00fc\u00fcsitud kanamaks, krevetijahu 1,5%, l\u00f5he\u00f5li 1%, kuivatatud merevetikad 0,5%, ps\u00fclliumikestad ja -seemned 0,5%, gl\u00fckosamiin 0,02%, sigurijuur (mannaani-oligosahhariidide allikas) 0,018%, \u00fcrdisegu (apteegitill, basiilik, salvei) 0,018%, frukto-oligosahhariidid 0,012%, t\u00f6\u00f6kliilia 0,01%, kondroitiinsulfaat 0,012%.<br \/>&#13;<br \/>\n<br \/>&#13;<br \/>\n<b>Anal\u00fc\u00fctiline koostis<\/b><br \/>&#13;<br \/>\nToorvalk 25%, toorrasv 9%, toorkiud 3,5%, niiskus 10%, toortuhk 7%, kaltsium 1,5%, fosfor 1,2%, oomega-3 0,17%, oomega-6 0,62%.<\/p>\n<p>&#13;<br \/>\n<b>Toitainelised lisandid<\/b><br \/>&#13;<br \/>\nA-vitamiin (3a672a) 18 000 IU, D3-vitamiin (3a671) 1 600 IU, E-vitamiin (3a700) 500 mg, koliinkloriid (3a890) 700 mg, biotiin (3a880) 0,7 mg, niatsiinamiid (3a314) 15 mg, kaltsium-D-pantotenaat (3a841) 12 mg, B12-vitamiin (3a835) 0,05 mg, B2-vitamiin (3a825i) 4 mg, B1-vitamiin (3a820) 1,0 mg, B6-vitamiin (3a831) 1,5 mg, foolhape (3a316) 0,6 mg, raud (3b107) 90 mg, tsink (3b612) 100 mg, vask (3b407) 18 mg, kaaliumjodiid (3b201) 0,7 mg, mangaan (3b505) 45 mg, seleen (3b810) 0,2 mg, L-metioniin (3c305) 15 mg, L-l\u00fcsiin (3c322) 3 mg.<br \/>&#13;<br \/>\n<br \/>&#13;<br \/>\n<b>Metaboliseeruv energia<\/b><br \/>&#13;<br \/>\n3400 kcal\/kg<br \/>&#13;<br \/>\n<br \/>&#13;<br \/>\n<b>Soovituslik p\u00e4evane kogus<\/b> <\/p>\n<table>\n<tbody>\n<tr class=\"subhead\">\n<td>Koera kaal (kg)<\/td>\n<td>5 kg<\/td>\n<td>10 kg<\/td>\n<td>15 kg<\/td>\n<td>20 kg<\/td>\n<td>25 kg<\/td>\n<td>30 kg<\/td>\n<td>40 kg<\/td>\n<td>50 kg<\/td>\n<td>60 kg<\/td>\n<td>70 kg<\/td>\n<td>80 kg<\/td>\n<td>90 kg<\/td>\n<\/tr>\n<tr>\n<td>Kaalu langetamise perioodil (g)<\/td>\n<td>90g<\/td>\n<td>160g<\/td>\n<td>210g<\/td>\n<td>260g<\/td>\n<td>310g<\/td>\n<td>360g<\/td>\n<td>440g<\/td>\n<td>525g<\/td>\n<td>600g<\/td>\n<td>680g<\/td>\n<td>750g<\/td>\n<td>810g<\/td>\n<\/tr>\n<tr>\n<td>Kaalu s\u00e4ilitamise perioodil (g)<\/td>\n<td>110g<\/td>\n<td>180g<\/td>\n<td>250g<\/td>\n<td>305g<\/td>\n<td>360g<\/td>\n<td>410g<\/td>\n<td>515g<\/td>\n<td>600g<\/td>\n<td>690g<\/td>\n<td>780g<\/td>\n<td>860g<\/td>\n<td>940g<\/td>\n<\/tr>\n<\/tbody>\n<\/table>\n","protected":false},"excerpt":{"rendered":"<p>Profine t\u00e4iss\u00f6\u00f6t \u00fclekaalulistele koertele lambaliha ja kartuliga.<\/p>\n","protected":false},"featured_media":17317,"template":"","meta":[],"product_cat":[688,64],"product_tag":[],"class_list":{"0":"post-17316","1":"product","2":"type-product","3":"status-publish","4":"has-post-thumbnail","6":"product_cat-koerad","7":"product_cat-koeratoit","8":"pa_brand-profine","9":"pa_ean-2884","10":"pa_kaal-12-000","11":"pa_tootjariik-tsehhi","13":"first","14":"instock","15":"taxable","16":"shipping-taxable","17":"purchasable","18":"product-type-simple"},"_links":{"self":[{"href":"https:\/\/kasskoer.ee\/en\/wp-json\/wp\/v2\/product\/17316","targetHints":{"allow":["GET"]}}],"collection":[{"href":"https:\/\/kasskoer.ee\/en\/wp-json\/wp\/v2\/product"}],"about":[{"href":"https:\/\/kasskoer.ee\/en\/wp-json\/wp\/v2\/types\/product"}],"wp:featuredmedia":[{"embeddable":true,"href":"https:\/\/kasskoer.ee\/en\/wp-json\/wp\/v2\/media\/17317"}],"wp:attachment":[{"href":"https:\/\/kasskoer.ee\/en\/wp-json\/wp\/v2\/media?parent=17316"}],"wp:term":[{"taxonomy":"product_cat","embeddable":true,"href":"https:\/\/kasskoer.ee\/en\/wp-json\/wp\/v2\/product_cat?post=17316"},{"taxonomy":"product_tag","embeddable":true,"href":"https:\/\/kasskoer.ee\/en\/wp-json\/wp\/v2\/product_tag?post=17316"}],"curies":[{"name":"wp","href":"https:\/\/api.w.org\/{rel}","templated":true}]}}