{"id":17332,"date":"2026-04-20T03:05:35","date_gmt":"2026-04-20T00:05:35","guid":{"rendered":"https:\/\/kasskoer.ee\/product\/flamingo-teddy-koera-alusmatt-puuri-705x415cm\/"},"modified":"2026-04-20T03:05:36","modified_gmt":"2026-04-20T00:05:36","slug":"flamingo-teddy-koera-alusmatt-puuri-705x415cm","status":"publish","type":"product","link":"https:\/\/kasskoer.ee\/en\/toode\/flamingo-teddy-koera-alusmatt-puuri-705x415cm\/","title":{"rendered":"Flamingo Teddy koera alusmatt puuri 70,5&#215;41,5cm"},"content":{"rendered":"<p><b>Super pehme ja mugav alusmatt puuri.<\/b>&#13;<\/p>\n<li>Masinpestav 30\u00b0C juures.<\/li>\n<p>&#13;<\/p>\n<li>Sobib traatpuuridesse.<\/li>\n<p>&#13;<\/p>\n<li>Valmistatud pol\u00fcester kiududega t\u00e4idetud pl\u00fc\u00fcsist.<\/li>\n<p>&#13;<br \/>\n<br \/>&#13;<br \/>\n<b>M\u00f5\u00f5tmed<\/b><br \/>&#13;<br \/>\n70,5&#215;41,5 cm<\/p>\n","protected":false},"excerpt":{"rendered":"<p>Flamingo halli v\u00e4rvi pehme pl\u00fc\u00fcsist alusmatt valge ja musta k\u00e4pamustriga.<\/p>\n","protected":false},"featured_media":17333,"template":"","meta":[],"product_cat":[692,456],"product_tag":[],"class_list":{"0":"post-17332","1":"product","2":"type-product","3":"status-publish","4":"has-post-thumbnail","6":"product_cat-lemmikutele-lisaks","7":"product_cat-pesad-ja-asemed","8":"pa_brand-flamingo","9":"pa_ean-2889","10":"pa_kaal-0-200","11":"pa_tootjariik-hiina","13":"first","14":"outofstock","15":"taxable","16":"shipping-taxable","17":"purchasable","18":"product-type-simple"},"_links":{"self":[{"href":"https:\/\/kasskoer.ee\/en\/wp-json\/wp\/v2\/product\/17332","targetHints":{"allow":["GET"]}}],"collection":[{"href":"https:\/\/kasskoer.ee\/en\/wp-json\/wp\/v2\/product"}],"about":[{"href":"https:\/\/kasskoer.ee\/en\/wp-json\/wp\/v2\/types\/product"}],"wp:featuredmedia":[{"embeddable":true,"href":"https:\/\/kasskoer.ee\/en\/wp-json\/wp\/v2\/media\/17333"}],"wp:attachment":[{"href":"https:\/\/kasskoer.ee\/en\/wp-json\/wp\/v2\/media?parent=17332"}],"wp:term":[{"taxonomy":"product_cat","embeddable":true,"href":"https:\/\/kasskoer.ee\/en\/wp-json\/wp\/v2\/product_cat?post=17332"},{"taxonomy":"product_tag","embeddable":true,"href":"https:\/\/kasskoer.ee\/en\/wp-json\/wp\/v2\/product_tag?post=17332"}],"curies":[{"name":"wp","href":"https:\/\/api.w.org\/{rel}","templated":true}]}}