{"id":17363,"date":"2026-04-20T03:15:06","date_gmt":"2026-04-20T00:15:06","guid":{"rendered":"https:\/\/kasskoer.ee\/product\/flamingo-hall-alusmatt-koerale-555x38cm\/"},"modified":"2026-04-20T03:15:07","modified_gmt":"2026-04-20T00:15:07","slug":"flamingo-hall-alusmatt-koerale-555x38cm","status":"publish","type":"product","link":"https:\/\/kasskoer.ee\/en\/toode\/flamingo-hall-alusmatt-koerale-555x38cm\/","title":{"rendered":"Flamingo hall alusmatt koerale 55,5x38cm"},"content":{"rendered":"<p><b>\u00dcli pehme ja mugav alusmatt puuri.<\/b>&#13;<\/p>\n<li>Ristk\u00fclikukujuline ja sobib ideaalselt igasse traatpuuri.<\/li>\n<p>&#13;<\/p>\n<li>Soovituslik pesta k\u00e4sitsi.<\/li>\n<p>&#13;<\/p>\n<li>Valmistatud pol\u00fcesterkiududega t\u00e4idetud pl\u00fc\u00fcsist.<\/li>\n<p>&#13;<br \/>\n<br \/>&#13;<br \/>\n<b>M\u00f5\u00f5dud<\/b><br \/>&#13;<br \/>\nA:55,5cm B:38,5cm C:2cm<\/p>\n","protected":false},"excerpt":{"rendered":"<p>Flamingo hall alusmatt koerapuuri.<\/p>\n","protected":false},"featured_media":17364,"template":"","meta":[],"product_cat":[692,456],"product_tag":[],"class_list":{"0":"post-17363","1":"product","2":"type-product","3":"status-publish","4":"has-post-thumbnail","6":"product_cat-lemmikutele-lisaks","7":"product_cat-pesad-ja-asemed","8":"pa_brand-flamingo","9":"pa_ean-2897","10":"pa_kaal-0-140","11":"pa_tootjariik-hiina","13":"first","14":"outofstock","15":"taxable","16":"shipping-taxable","17":"purchasable","18":"product-type-simple"},"_links":{"self":[{"href":"https:\/\/kasskoer.ee\/en\/wp-json\/wp\/v2\/product\/17363","targetHints":{"allow":["GET"]}}],"collection":[{"href":"https:\/\/kasskoer.ee\/en\/wp-json\/wp\/v2\/product"}],"about":[{"href":"https:\/\/kasskoer.ee\/en\/wp-json\/wp\/v2\/types\/product"}],"wp:featuredmedia":[{"embeddable":true,"href":"https:\/\/kasskoer.ee\/en\/wp-json\/wp\/v2\/media\/17364"}],"wp:attachment":[{"href":"https:\/\/kasskoer.ee\/en\/wp-json\/wp\/v2\/media?parent=17363"}],"wp:term":[{"taxonomy":"product_cat","embeddable":true,"href":"https:\/\/kasskoer.ee\/en\/wp-json\/wp\/v2\/product_cat?post=17363"},{"taxonomy":"product_tag","embeddable":true,"href":"https:\/\/kasskoer.ee\/en\/wp-json\/wp\/v2\/product_tag?post=17363"}],"curies":[{"name":"wp","href":"https:\/\/api.w.org\/{rel}","templated":true}]}}