{"id":17391,"date":"2026-04-20T03:05:38","date_gmt":"2026-04-20T00:05:38","guid":{"rendered":"https:\/\/kasskoer.ee\/product\/record-sinine-reisipudel-400ml\/"},"modified":"2026-04-20T03:05:40","modified_gmt":"2026-04-20T00:05:40","slug":"record-sinine-reisipudel-400ml","status":"publish","type":"product","link":"https:\/\/kasskoer.ee\/en\/toode\/record-sinine-reisipudel-400ml\/","title":{"rendered":"Record sinine reisipudel 400ml"},"content":{"rendered":"<li>Joogipudelit on v\u00e4ga mugav kasutada, kui olete koeraga matkamas, reisil v\u00f5i autos\u00f5idul.<\/li>\n<p>&#13;<\/p>\n<li>Pudeli korki saab kasutada kausina.<\/li>\n<p>&#13;<\/p>\n<li>Valmistatud l\u00f5hna- ja maitsevabadest materjalidest.<\/li>\n<p>&#13;<\/p>\n<li>Pudel on n\u00f5udepesumasinas pestav.<\/li>\n<p>&#13;<br \/>\n<br \/>&#13;<br \/>\n<b>M\u00f5\u00f5tmed<\/b><br \/>&#13;<br \/>\n\u00f8 7,5 x 15cm<\/p>\n","protected":false},"excerpt":{"rendered":"<p>Silikoonist veepudel lemmikloomaga v\u00e4ljas viibimiseks.<\/p>\n","protected":false},"featured_media":17392,"template":"","meta":[],"product_cat":[1319],"product_tag":[],"class_list":{"0":"post-17391","1":"product","2":"type-product","3":"status-publish","4":"has-post-thumbnail","6":"product_cat-koerte-sooginoud","7":"pa_brand-record","8":"pa_ean-2906","9":"pa_kaal-0-260","10":"pa_tootjariik-hiina","12":"first","13":"instock","14":"taxable","15":"shipping-taxable","16":"purchasable","17":"product-type-simple"},"_links":{"self":[{"href":"https:\/\/kasskoer.ee\/en\/wp-json\/wp\/v2\/product\/17391","targetHints":{"allow":["GET"]}}],"collection":[{"href":"https:\/\/kasskoer.ee\/en\/wp-json\/wp\/v2\/product"}],"about":[{"href":"https:\/\/kasskoer.ee\/en\/wp-json\/wp\/v2\/types\/product"}],"wp:featuredmedia":[{"embeddable":true,"href":"https:\/\/kasskoer.ee\/en\/wp-json\/wp\/v2\/media\/17392"}],"wp:attachment":[{"href":"https:\/\/kasskoer.ee\/en\/wp-json\/wp\/v2\/media?parent=17391"}],"wp:term":[{"taxonomy":"product_cat","embeddable":true,"href":"https:\/\/kasskoer.ee\/en\/wp-json\/wp\/v2\/product_cat?post=17391"},{"taxonomy":"product_tag","embeddable":true,"href":"https:\/\/kasskoer.ee\/en\/wp-json\/wp\/v2\/product_tag?post=17391"}],"curies":[{"name":"wp","href":"https:\/\/api.w.org\/{rel}","templated":true}]}}