{"id":17393,"date":"2026-04-20T03:05:38","date_gmt":"2026-04-20T00:05:38","guid":{"rendered":"https:\/\/kasskoer.ee\/product\/record-naturaalne-narimislelu-kanarbiku-juur-l-300-500g\/"},"modified":"2026-04-20T03:05:40","modified_gmt":"2026-04-20T00:05:40","slug":"record-naturaalne-narimislelu-kanarbiku-juur-l-300-500g","status":"publish","type":"product","link":"https:\/\/kasskoer.ee\/en\/toode\/record-naturaalne-narimislelu-kanarbiku-juur-l-300-500g\/","title":{"rendered":"Record naturaalne n\u00e4rimislelu kanarbiku juur L 300-500g"},"content":{"rendered":"<li>N\u00e4ritav puidust m\u00e4nguasi, mis ei sisalda plastikut ega lisaaineid.<\/li>\n<p>&#13;<\/p>\n<li>Super vastupidav ja kauakestev.<\/li>\n<p>&#13;<\/p>\n<li>M\u00e4nguasi aitab parandada koera suuh\u00fcgieeni.<\/li>\n","protected":false},"excerpt":{"rendered":"<p>Record n\u00e4ritav puidust m\u00e4nguasi kanarbiku juur koerale.<\/p>\n","protected":false},"featured_media":17394,"template":"","meta":[],"product_cat":[1326,688],"product_tag":[],"class_list":{"0":"post-17393","1":"product","2":"type-product","3":"status-publish","4":"has-post-thumbnail","6":"product_cat-koerte-manguasjad","7":"product_cat-koerad","8":"pa_brand-record","9":"pa_ean-2907","10":"pa_kaal-0-400","11":"pa_tootjariik-euroopa-liit","13":"first","14":"instock","15":"taxable","16":"shipping-taxable","17":"purchasable","18":"product-type-simple"},"_links":{"self":[{"href":"https:\/\/kasskoer.ee\/en\/wp-json\/wp\/v2\/product\/17393","targetHints":{"allow":["GET"]}}],"collection":[{"href":"https:\/\/kasskoer.ee\/en\/wp-json\/wp\/v2\/product"}],"about":[{"href":"https:\/\/kasskoer.ee\/en\/wp-json\/wp\/v2\/types\/product"}],"wp:featuredmedia":[{"embeddable":true,"href":"https:\/\/kasskoer.ee\/en\/wp-json\/wp\/v2\/media\/17394"}],"wp:attachment":[{"href":"https:\/\/kasskoer.ee\/en\/wp-json\/wp\/v2\/media?parent=17393"}],"wp:term":[{"taxonomy":"product_cat","embeddable":true,"href":"https:\/\/kasskoer.ee\/en\/wp-json\/wp\/v2\/product_cat?post=17393"},{"taxonomy":"product_tag","embeddable":true,"href":"https:\/\/kasskoer.ee\/en\/wp-json\/wp\/v2\/product_tag?post=17393"}],"curies":[{"name":"wp","href":"https:\/\/api.w.org\/{rel}","templated":true}]}}