{"id":17408,"date":"2026-04-20T03:05:38","date_gmt":"2026-04-20T00:05:38","guid":{"rendered":"https:\/\/kasskoer.ee\/product\/julius-k9-punane-hall-kaepidemega-kaelarihm-koerale-50mm\/"},"modified":"2026-04-20T03:05:39","modified_gmt":"2026-04-20T00:05:39","slug":"julius-k9-punane-hall-kaepidemega-kaelarihm-koerale-50mm","status":"publish","type":"product","link":"https:\/\/kasskoer.ee\/en\/toode\/julius-k9-punane-hall-kaepidemega-kaelarihm-koerale-50mm\/","title":{"rendered":"Julius-K9 punane-hall k\u00e4epidemega kaelarihm koerale 50mm"},"content":{"rendered":"<li>Kaelarihmal on takjaribaga turvak\u00e4epide, mis on paigaldatud keskr\u00f5nga k\u00f5rgusele v\u00f5imaldades kindlat haaret.<\/li>\n<p>&#13;<\/p>\n<li>Tugev klamber kinnitus on valmistatud \u0160veitsis toodetud materjalist ja kaetud turvaribaga.<\/li>\n<p>&#13;<\/p>\n<li>Kaelarihm on valmistatud pol\u00fcestrist, millel on peened \u00f5mblused, et v\u00e4hendada h\u00f5\u00f5rdumist ja v\u00e4ltida koera karvkatte kahjustamist.<\/li>\n<p>&#13;<\/p>\n<li>Kaelarihmal on takjapind, mis v\u00f5imaldab kinnitada sellele erinevaid embleeme.<\/li>\n<p>&#13;<br \/>\n<br \/>&#13;<br \/>\n<b>M\u00f5\u00f5dud<\/b><br \/>&#13;<br \/>\n49-70cm x 5cm<\/p>\n","protected":false},"excerpt":{"rendered":"<p>Julius-K9 punast v\u00e4rvi kaelarihm koos kokkupandava turvak\u00e4epidemega.<\/p>\n","protected":false},"featured_media":17409,"template":"","meta":[],"product_cat":[1331],"product_tag":[],"class_list":{"0":"post-17408","1":"product","2":"type-product","3":"status-publish","4":"has-post-thumbnail","6":"product_cat-koerte-rihmad","7":"pa_brand-julius-k9","8":"pa_ean-2913","9":"pa_kaal-0-200","10":"pa_tootjariik-euroopa-liit","12":"first","13":"instock","14":"taxable","15":"shipping-taxable","16":"purchasable","17":"product-type-simple"},"_links":{"self":[{"href":"https:\/\/kasskoer.ee\/en\/wp-json\/wp\/v2\/product\/17408","targetHints":{"allow":["GET"]}}],"collection":[{"href":"https:\/\/kasskoer.ee\/en\/wp-json\/wp\/v2\/product"}],"about":[{"href":"https:\/\/kasskoer.ee\/en\/wp-json\/wp\/v2\/types\/product"}],"wp:featuredmedia":[{"embeddable":true,"href":"https:\/\/kasskoer.ee\/en\/wp-json\/wp\/v2\/media\/17409"}],"wp:attachment":[{"href":"https:\/\/kasskoer.ee\/en\/wp-json\/wp\/v2\/media?parent=17408"}],"wp:term":[{"taxonomy":"product_cat","embeddable":true,"href":"https:\/\/kasskoer.ee\/en\/wp-json\/wp\/v2\/product_cat?post=17408"},{"taxonomy":"product_tag","embeddable":true,"href":"https:\/\/kasskoer.ee\/en\/wp-json\/wp\/v2\/product_tag?post=17408"}],"curies":[{"name":"wp","href":"https:\/\/api.w.org\/{rel}","templated":true}]}}