{"id":17425,"date":"2026-04-20T03:05:35","date_gmt":"2026-04-20T00:05:35","guid":{"rendered":"https:\/\/kasskoer.ee\/product\/flamingo-kassi-kraaplaud-greta-hall-74x54x15cm\/"},"modified":"2026-04-20T03:05:35","modified_gmt":"2026-04-20T00:05:35","slug":"flamingo-kassi-kraaplaud-greta-hall-74x54x15cm","status":"publish","type":"product","link":"https:\/\/kasskoer.ee\/en\/toode\/flamingo-kassi-kraaplaud-greta-hall-74x54x15cm\/","title":{"rendered":"Flamingo kassi kraaplaud Greta hall 74x54x1,5cm"},"content":{"rendered":"<li>Kraapimislaud on kassile heaks treeninguks.<\/li>\n<p>&#13;<\/p>\n<li>Kraapimine kulutab kassi k\u00fc\u00fcsi. Niimoodi kulub vana k\u00fc\u00fcs ning annab v\u00f5imaluse uuel ja tugeval k\u00fc\u00fcnel kasvada.<\/li>\n<p>&#13;<\/p>\n<li>Kraapimislaud aitab teie \u00fclej\u00e4\u00e4nud elamist tervena hoida.<\/li>\n<p>&#13;<br \/>\n<br \/>&#13;<br \/>\n<b>M\u00f5\u00f5tmed<\/b><br \/>&#13;<br \/>\n74x54x1,5cm<\/p>\n","protected":false},"excerpt":{"rendered":"<p>Flamingo halli v\u00e4rvi kraapimislaud kassile.<\/p>\n","protected":false},"featured_media":17426,"template":"","meta":[],"product_cat":[1322],"product_tag":[],"class_list":{"0":"post-17425","1":"product","2":"type-product","3":"status-publish","4":"has-post-thumbnail","6":"product_cat-kasside-ronimispuud-ja-kraapimislauad","7":"pa_brand-flamingo","8":"pa_ean-2917","9":"pa_kaal-1-800","10":"pa_tootjariik-hiina","12":"first","13":"outofstock","14":"taxable","15":"shipping-taxable","16":"purchasable","17":"product-type-simple"},"_links":{"self":[{"href":"https:\/\/kasskoer.ee\/en\/wp-json\/wp\/v2\/product\/17425","targetHints":{"allow":["GET"]}}],"collection":[{"href":"https:\/\/kasskoer.ee\/en\/wp-json\/wp\/v2\/product"}],"about":[{"href":"https:\/\/kasskoer.ee\/en\/wp-json\/wp\/v2\/types\/product"}],"wp:featuredmedia":[{"embeddable":true,"href":"https:\/\/kasskoer.ee\/en\/wp-json\/wp\/v2\/media\/17426"}],"wp:attachment":[{"href":"https:\/\/kasskoer.ee\/en\/wp-json\/wp\/v2\/media?parent=17425"}],"wp:term":[{"taxonomy":"product_cat","embeddable":true,"href":"https:\/\/kasskoer.ee\/en\/wp-json\/wp\/v2\/product_cat?post=17425"},{"taxonomy":"product_tag","embeddable":true,"href":"https:\/\/kasskoer.ee\/en\/wp-json\/wp\/v2\/product_tag?post=17425"}],"curies":[{"name":"wp","href":"https:\/\/api.w.org\/{rel}","templated":true}]}}