{"id":17429,"date":"2026-04-20T03:05:35","date_gmt":"2026-04-20T00:05:35","guid":{"rendered":"https:\/\/kasskoer.ee\/product\/flamingo-kraapimispuu-viva-2-sinine-36x36x51cm\/"},"modified":"2026-04-20T03:05:36","modified_gmt":"2026-04-20T00:05:36","slug":"flamingo-kraapimispuu-viva-2-sinine-36x36x51cm","status":"publish","type":"product","link":"https:\/\/kasskoer.ee\/en\/toode\/flamingo-kraapimispuu-viva-2-sinine-36x36x51cm\/","title":{"rendered":"Flamingo kraapimispuu Viva 2 sinine 36x36x51cm"},"content":{"rendered":"<p><b>Flamingo kraapimispuu m\u00e4nguasjadega kassile.<\/b><br \/>&#13;<\/p>\n<li>Kraapimispuu on kassile heaks treeningvahendiks, aidates v\u00e4ltida \u00fclekaalu.<\/li>\n<p>&#13;<\/p>\n<li>Kraapimine kulutab kassi k\u00fc\u00fcsi. Niimoodi kulub vana k\u00fc\u00fcs ning annab v\u00f5imaluse uuel ja tugeval k\u00fc\u00fcnel kasvada.<\/li>\n<p>&#13;<\/p>\n<li>Kraapimispuu aitab teie \u00fclej\u00e4\u00e4nud elamist tervena hoida, kuna kass saab oma energia \u00f5ige koha peal \u00e4ra kulutada.<\/li>\n<p>&#13;<\/p>\n<li>Kraapimispuul on k\u00fcljes mitu m\u00e4nguasja, et veelgi rohkem lemmikut tegevuses hoida.<\/li>\n","protected":false},"excerpt":{"rendered":"<p>Flamingo kassi kraapimispuu naisten\u00f5gesega.<\/p>\n","protected":false},"featured_media":17430,"template":"","meta":[],"product_cat":[1322],"product_tag":[],"class_list":{"0":"post-17429","1":"product","2":"type-product","3":"status-publish","4":"has-post-thumbnail","6":"product_cat-kasside-ronimispuud-ja-kraapimislauad","7":"pa_brand-flamingo","8":"pa_ean-2918","9":"pa_kaal-1-900","10":"pa_tootjariik-hiina","12":"first","13":"instock","14":"taxable","15":"shipping-taxable","16":"purchasable","17":"product-type-simple"},"_links":{"self":[{"href":"https:\/\/kasskoer.ee\/en\/wp-json\/wp\/v2\/product\/17429","targetHints":{"allow":["GET"]}}],"collection":[{"href":"https:\/\/kasskoer.ee\/en\/wp-json\/wp\/v2\/product"}],"about":[{"href":"https:\/\/kasskoer.ee\/en\/wp-json\/wp\/v2\/types\/product"}],"wp:featuredmedia":[{"embeddable":true,"href":"https:\/\/kasskoer.ee\/en\/wp-json\/wp\/v2\/media\/17430"}],"wp:attachment":[{"href":"https:\/\/kasskoer.ee\/en\/wp-json\/wp\/v2\/media?parent=17429"}],"wp:term":[{"taxonomy":"product_cat","embeddable":true,"href":"https:\/\/kasskoer.ee\/en\/wp-json\/wp\/v2\/product_cat?post=17429"},{"taxonomy":"product_tag","embeddable":true,"href":"https:\/\/kasskoer.ee\/en\/wp-json\/wp\/v2\/product_tag?post=17429"}],"curies":[{"name":"wp","href":"https:\/\/api.w.org\/{rel}","templated":true}]}}