{"id":17435,"date":"2026-04-20T03:05:45","date_gmt":"2026-04-20T00:05:45","guid":{"rendered":"https:\/\/kasskoer.ee\/product\/bubu-pets-kassimanguasi-naistenogesepalliga-55cm\/"},"modified":"2026-04-20T03:05:47","modified_gmt":"2026-04-20T00:05:47","slug":"bubu-pets-kassimanguasi-naistenogesepalliga-55cm","status":"publish","type":"product","link":"https:\/\/kasskoer.ee\/en\/toode\/bubu-pets-kassimanguasi-naistenogesepalliga-55cm\/","title":{"rendered":"Bubu Pets kassim\u00e4nguasi naisten\u00f5gesepalliga 5,5cm"},"content":{"rendered":"<p><b>Bubu Pets matatabi pulkadest naisten\u00f5gesepalliga m\u00e4nguasi kassile.<\/b>&#13;<\/p>\n<li>Matatabi ja naisten\u00f5ges &#8211; need looduslikud koostisosad pakuvad kassidele naudingut ja stimuleerivad m\u00e4ngulusti.<\/li>\n<p>&#13;<\/p>\n<li>Vastupidav &#8211; m\u00e4nguasi on hammustus- ja kraapimiskindel, sobides ka aktiivsele kassile.<\/li>\n<p>&#13;<\/p>\n<li>Kerge ja kompaktne &#8211; lihtne haarata, visata ja m\u00e4ngida, pakkudes kassile l\u00f5busat ajaviidet.<\/li>\n","protected":false},"excerpt":{"rendered":"<p>Matatabi pulkadest lelu naisten\u00f5gesepalliga kassile.<\/p>\n","protected":false},"featured_media":17436,"template":"","meta":[],"product_cat":[1321],"product_tag":[],"class_list":{"0":"post-17435","1":"product","2":"type-product","3":"status-publish","4":"has-post-thumbnail","6":"product_cat-kasside-manguasjad","7":"pa_brand-bubu-pets","8":"pa_ean-2920","9":"pa_kaal-0-030","10":"pa_tootjariik-hiina","12":"first","13":"outofstock","14":"taxable","15":"shipping-taxable","16":"purchasable","17":"product-type-simple"},"_links":{"self":[{"href":"https:\/\/kasskoer.ee\/en\/wp-json\/wp\/v2\/product\/17435","targetHints":{"allow":["GET"]}}],"collection":[{"href":"https:\/\/kasskoer.ee\/en\/wp-json\/wp\/v2\/product"}],"about":[{"href":"https:\/\/kasskoer.ee\/en\/wp-json\/wp\/v2\/types\/product"}],"wp:featuredmedia":[{"embeddable":true,"href":"https:\/\/kasskoer.ee\/en\/wp-json\/wp\/v2\/media\/17436"}],"wp:attachment":[{"href":"https:\/\/kasskoer.ee\/en\/wp-json\/wp\/v2\/media?parent=17435"}],"wp:term":[{"taxonomy":"product_cat","embeddable":true,"href":"https:\/\/kasskoer.ee\/en\/wp-json\/wp\/v2\/product_cat?post=17435"},{"taxonomy":"product_tag","embeddable":true,"href":"https:\/\/kasskoer.ee\/en\/wp-json\/wp\/v2\/product_tag?post=17435"}],"curies":[{"name":"wp","href":"https:\/\/api.w.org\/{rel}","templated":true}]}}