{"id":17444,"date":"2026-04-20T03:05:42","date_gmt":"2026-04-20T00:05:42","guid":{"rendered":"https:\/\/kasskoer.ee\/product\/bubu-pets-koeralelu-ragbi-pall-koiega-35cm\/"},"modified":"2026-04-20T03:05:44","modified_gmt":"2026-04-20T00:05:44","slug":"bubu-pets-koeralelu-ragbi-pall-koiega-35cm","status":"publish","type":"product","link":"https:\/\/kasskoer.ee\/en\/toode\/bubu-pets-koeralelu-ragbi-pall-koiega-35cm\/","title":{"rendered":"Bubu Pets koeralelu ragbi pall k\u00f6iega 35cm"},"content":{"rendered":"<p><b>Bubu Pets tugev vin\u00fc\u00fclist n\u00e4rimism\u00e4nguasi k\u00f6iega koerale.<\/b>&#13;<\/p>\n<li>M\u00e4nguasi teeb hammustades piiksuvat heli.<\/li>\n<p>&#13;<\/p>\n<li>Tugev ja vastupidav n\u00e4rimisele.<\/li>\n","protected":false},"excerpt":{"rendered":"<p>Piiksuv m\u00e4nguasi ragbi pall koerale.<\/p>\n","protected":false},"featured_media":17445,"template":"","meta":[],"product_cat":[1326,688],"product_tag":[],"class_list":{"0":"post-17444","1":"product","2":"type-product","3":"status-publish","4":"has-post-thumbnail","6":"product_cat-koerte-manguasjad","7":"product_cat-koerad","8":"pa_brand-bubu-pets","9":"pa_ean-2923","10":"pa_kaal-0-080","11":"pa_tootjariik-hiina","13":"first","14":"instock","15":"taxable","16":"shipping-taxable","17":"purchasable","18":"product-type-simple"},"_links":{"self":[{"href":"https:\/\/kasskoer.ee\/en\/wp-json\/wp\/v2\/product\/17444","targetHints":{"allow":["GET"]}}],"collection":[{"href":"https:\/\/kasskoer.ee\/en\/wp-json\/wp\/v2\/product"}],"about":[{"href":"https:\/\/kasskoer.ee\/en\/wp-json\/wp\/v2\/types\/product"}],"wp:featuredmedia":[{"embeddable":true,"href":"https:\/\/kasskoer.ee\/en\/wp-json\/wp\/v2\/media\/17445"}],"wp:attachment":[{"href":"https:\/\/kasskoer.ee\/en\/wp-json\/wp\/v2\/media?parent=17444"}],"wp:term":[{"taxonomy":"product_cat","embeddable":true,"href":"https:\/\/kasskoer.ee\/en\/wp-json\/wp\/v2\/product_cat?post=17444"},{"taxonomy":"product_tag","embeddable":true,"href":"https:\/\/kasskoer.ee\/en\/wp-json\/wp\/v2\/product_tag?post=17444"}],"curies":[{"name":"wp","href":"https:\/\/api.w.org\/{rel}","templated":true}]}}