{"id":17446,"date":"2026-04-20T03:05:42","date_gmt":"2026-04-20T00:05:42","guid":{"rendered":"https:\/\/kasskoer.ee\/product\/bubu-pets-koeralelu-steik-piiksuga-21cm\/"},"modified":"2026-04-20T03:05:45","modified_gmt":"2026-04-20T00:05:45","slug":"bubu-pets-koeralelu-steik-piiksuga-21cm","status":"publish","type":"product","link":"https:\/\/kasskoer.ee\/en\/toode\/bubu-pets-koeralelu-steik-piiksuga-21cm\/","title":{"rendered":"Bubu Pets koeralelu steik piiksuga 21cm"},"content":{"rendered":"<p><b>Bubu Pets tugev vin\u00fc\u00fclist n\u00e4rimism\u00e4nguasi koerale.<\/b>&#13;<\/p>\n<li>M\u00e4nguasi teeb hammustades piiksuvat heli.<\/li>\n<p>&#13;<\/p>\n<li>Tugev ja vastupidav n\u00e4rimisele.<\/li>\n","protected":false},"excerpt":{"rendered":"<p>Piiksuv m\u00e4nguasi steik koerale.<\/p>\n","protected":false},"featured_media":17447,"template":"","meta":[],"product_cat":[1326,688],"product_tag":[],"class_list":{"0":"post-17446","1":"product","2":"type-product","3":"status-publish","4":"has-post-thumbnail","6":"product_cat-koerte-manguasjad","7":"product_cat-koerad","8":"pa_brand-bubu-pets","9":"pa_ean-2924","10":"pa_kaal-0-170","11":"pa_tootjariik-hiina","13":"first","14":"instock","15":"taxable","16":"shipping-taxable","17":"purchasable","18":"product-type-simple"},"_links":{"self":[{"href":"https:\/\/kasskoer.ee\/en\/wp-json\/wp\/v2\/product\/17446","targetHints":{"allow":["GET"]}}],"collection":[{"href":"https:\/\/kasskoer.ee\/en\/wp-json\/wp\/v2\/product"}],"about":[{"href":"https:\/\/kasskoer.ee\/en\/wp-json\/wp\/v2\/types\/product"}],"wp:featuredmedia":[{"embeddable":true,"href":"https:\/\/kasskoer.ee\/en\/wp-json\/wp\/v2\/media\/17447"}],"wp:attachment":[{"href":"https:\/\/kasskoer.ee\/en\/wp-json\/wp\/v2\/media?parent=17446"}],"wp:term":[{"taxonomy":"product_cat","embeddable":true,"href":"https:\/\/kasskoer.ee\/en\/wp-json\/wp\/v2\/product_cat?post=17446"},{"taxonomy":"product_tag","embeddable":true,"href":"https:\/\/kasskoer.ee\/en\/wp-json\/wp\/v2\/product_tag?post=17446"}],"curies":[{"name":"wp","href":"https:\/\/api.w.org\/{rel}","templated":true}]}}