{"id":17450,"date":"2026-04-20T03:05:45","date_gmt":"2026-04-20T00:05:45","guid":{"rendered":"https:\/\/kasskoer.ee\/product\/bubu-pets-koeralelu-lateksist-piiksuv-porsas-13cm\/"},"modified":"2026-04-20T03:05:46","modified_gmt":"2026-04-20T00:05:46","slug":"bubu-pets-koeralelu-lateksist-piiksuv-porsas-13cm","status":"publish","type":"product","link":"https:\/\/kasskoer.ee\/en\/toode\/bubu-pets-koeralelu-lateksist-piiksuv-porsas-13cm\/","title":{"rendered":"Bubu Pets koeralelu lateksist piiksuv p\u00f5rsas 13cm"},"content":{"rendered":"<p><b>Bubu Pets lateksist n\u00e4rimism\u00e4nguasi koerale.<\/b>&#13;<\/p>\n<li>M\u00e4nguasi teeb hammustades piiksuvat heli.<\/li>\n<p>&#13;<\/p>\n<li>Elastne ja vastupidav n\u00e4rimisele.<\/li>\n<p>&#13;<\/p>\n<li>Ohutu ja keskkonnas\u00f5bralik.<\/li>\n","protected":false},"excerpt":{"rendered":"<p>Piiksuv lateksist notsu koerale.<\/p>\n","protected":false},"featured_media":17451,"template":"","meta":[],"product_cat":[1326,688],"product_tag":[],"class_list":{"0":"post-17450","1":"product","2":"type-product","3":"status-publish","4":"has-post-thumbnail","6":"product_cat-koerte-manguasjad","7":"product_cat-koerad","8":"pa_brand-bubu-pets","9":"pa_ean-2926","10":"pa_kaal-0-060","11":"pa_tootjariik-hiina","13":"first","14":"outofstock","15":"taxable","16":"shipping-taxable","17":"purchasable","18":"product-type-simple"},"_links":{"self":[{"href":"https:\/\/kasskoer.ee\/en\/wp-json\/wp\/v2\/product\/17450","targetHints":{"allow":["GET"]}}],"collection":[{"href":"https:\/\/kasskoer.ee\/en\/wp-json\/wp\/v2\/product"}],"about":[{"href":"https:\/\/kasskoer.ee\/en\/wp-json\/wp\/v2\/types\/product"}],"wp:featuredmedia":[{"embeddable":true,"href":"https:\/\/kasskoer.ee\/en\/wp-json\/wp\/v2\/media\/17451"}],"wp:attachment":[{"href":"https:\/\/kasskoer.ee\/en\/wp-json\/wp\/v2\/media?parent=17450"}],"wp:term":[{"taxonomy":"product_cat","embeddable":true,"href":"https:\/\/kasskoer.ee\/en\/wp-json\/wp\/v2\/product_cat?post=17450"},{"taxonomy":"product_tag","embeddable":true,"href":"https:\/\/kasskoer.ee\/en\/wp-json\/wp\/v2\/product_tag?post=17450"}],"curies":[{"name":"wp","href":"https:\/\/api.w.org\/{rel}","templated":true}]}}