{"id":17461,"date":"2026-04-20T03:05:32","date_gmt":"2026-04-20T00:05:32","guid":{"rendered":"https:\/\/kasskoer.ee\/product\/brit-veterinary-diet-ultra-hypoallergenic-erisoot-koertele-12kg\/"},"modified":"2026-04-20T03:05:33","modified_gmt":"2026-04-20T00:05:33","slug":"brit-veterinary-diet-ultra-hypoallergenic-erisoot-koertele-12kg","status":"publish","type":"product","link":"https:\/\/kasskoer.ee\/en\/toode\/brit-veterinary-diet-ultra-hypoallergenic-erisoot-koertele-12kg\/","title":{"rendered":"Brit Veterinary Diet Ultra-Hypoallergenic eris\u00f6\u00f6t koertele 12kg"},"content":{"rendered":"<p><b>Brit Ultra Hypoallergenic t\u00e4isdieettoit koertele &#8211; v\u00e4hendab koostisainete ja toitainete talumatust, toetab naha funktsiooni dermatoosi ja liigse karvakaotuse korral.<\/b><br \/>&#13;<br \/>\n<br \/>&#13;<br \/>\n<b>N\u00e4idustused<\/b>&#13;<\/p>\n<li>Leevendab naha- ja seedetrakti s\u00fcmptomeid, mis on p\u00f5hjustatud toiduallergiatest.<\/li>\n<p>&#13;<\/p>\n<li>V\u00e4hendab atoopilisi ja s\u00fcgelevaid dermatoloogilisi s\u00fcmptomeid.<\/li>\n<p>&#13;<\/p>\n<li>Tugevdab naha loomuliku barj\u00e4\u00e4ri ja immuuns\u00fcsteemi moodustumist.<\/li>\n<p>&#13;<\/p>\n<li>Toetab p\u00f5letikuliste nahahaiguste paranemist.<\/li>\n<p>&#13;<br \/>\n<br \/>&#13;<br \/>\n<b>Koostis<\/b><br \/>&#13;<br \/>\nDeh\u00fcdreeritud putukad (30%), kollased herned, kuivatatud \u00f5una viljaliha, kookos\u00f5li, hernevalk, linaseemned (4%), kaltsiumkarbonaat, kuivatatud vetikad (2,5%, Schizochytrium limacinum), hernejahu, h\u00fcdrol\u00fc\u00fcsitud p\u00e4rmid (0,5% &#8211; inositooli ja aminohapete allikas), p\u00e4rmiekstrakt (mannan-oligosahhariidide allikas, 0,02%), \u03b2-gl\u00fckaanid (0,02%), kuivatatud astelpaju (0,015%), frukto-oligosahhariidid (0,013%), t\u00e4\u00e4kliilia (0,013%), inaktiveeritud Lactobacillus helveticus HA-122 (15&#215;10\u2079 rakku\/kg).&#13;<br \/>\n<br \/>&#13;<br \/>\n<br \/><b>Anal\u00fc\u00fctilised koostisosad<\/b><br \/>&#13;<br \/>\nToorvalk 26,0%, toorrasv 15,0%, toorkiud 3,2%, toortuhk 6,2%, niiskus 10,0%, oomega-3 rasvhapped 1,5%, oomega-6 rasvhapped 1,4%, EPA (20:5 n-3) 0,25%, DHA (22:6 n-3) 0,35%, LA (18:2 n-6) 2,1%, kaltsium 1,1%, fosfor 0,7%, naatrium 0,2%, magneesium 0,1%.&#13;<br \/>\n<br \/>&#13;<br \/>\n<br \/><b>S\u00f6\u00f6dalisandid (kg kohta)<\/b><br \/>&#13;<br \/>\nToitainelised lisandid: vitamiin A (3a672a) 26 000 R\u00dc, vitamiin D3 (3a671) 1 800 R\u00dc, vitamiin E (3a700) 1 000 mg, vitamiin C (3a312) 600 mg, koliinkloriid (3a890) 750 mg, biotiin (3a880) 3,5 mg, vitamiin B1 (3a821) 2,5 mg, vitamiin B2 (3a825i) 9,5 mg, niatsiinamiid (3a315) 32 mg, kaltsium-D-pantotenaat (3a841) 25 mg, vitamiin B6 (3a831) 2,5 mg, foolhape (3a316) 1,3 mg, vitamiin B12 0,12 mg, tsink (3b606) 150 mg, raud (3b106) 90 mg, mangaan (3b504) 45 mg, jood (3b201) 0,85 mg, vask (3b406) 20 mg, seleen (3b810) 0,2 mg, tauriin (3a370) 2 000 mg. Sisaldab ELis heakskiidetud antioks\u00fcdante: tokoferooliekstraktid taimsest \u00f5list (1b306(i)), askorb\u00fc\u00fclpalmitaat (1b304) ja rosmariiniekstrakt.<br \/>&#13;<br \/>\n<br \/><b>Metaboliseeruv energia<\/b><br \/>&#13;<br \/>\n3750 kcal\/kg<br \/>&#13;<br \/>\n<br \/>&#13;<br \/>\n<b>S\u00f6\u00f6tmisjuhend<\/b><br \/>&#13;<br \/>\nKonsulteerige enne Brit VD toidu kasutamist oma veterinaararstiga. Toit sisaldab k\u00f5rgel tasemel linoolhapet (LA) ning eikosapentaeenhapet (EPA) ja dokosaheksaeenhapet (DHA).&#13;<br \/>\n&#13;<br \/>\nServeeri toit kuivalt v\u00f5i leiges vees niisutatult ning kasutage seda perioodil 3\u20138 n\u00e4dalat. Kui talumatuse s\u00fcmptomid kaovad, v\u00f5ib seda toitu kasutada esialgu kuni \u00fche aasta jooksul. Dermatoosi ja liigse karvakaotuse korral kasutage toitu esialgu kuni 2 kuud. Tagage, et koeral oleks alati ligip\u00e4\u00e4s v\u00e4rskele joogiveele.&#13;<br \/>\n<br \/>&#13;<br \/>\n<br \/><b>Soovituslik p\u00e4evane kogus<\/b>&#13;<\/p>\n<figure class=\"table\">\n<table>\n<tbody>\n<tr>\n<td><strong>Koera kaal (kg)<\/strong><\/td>\n<td>2<\/td>\n<td>5<\/td>\n<td>10<\/td>\n<td>15<\/td>\n<td>20<\/td>\n<td>25<\/td>\n<td>30<\/td>\n<td>40<\/td>\n<td>50<\/td>\n<td>60<\/td>\n<td>70<\/td>\n<td>80<\/td>\n<\/tr>\n<tr>\n<td><strong>P\u00e4evane kogus (g\/p\u00e4evas)<\/strong><\/td>\n<td>30<\/td>\n<td>80<\/td>\n<td>140<\/td>\n<td>180<\/td>\n<td>220<\/td>\n<td>260<\/td>\n<td>290<\/td>\n<td>360<\/td>\n<td>420<\/td>\n<td>490<\/td>\n<td>550<\/td>\n<td>610<\/td>\n<\/tr>\n<\/tbody>\n<\/table>\n<\/figure>\n","protected":false},"excerpt":{"rendered":"<p>Brit Veterinary h\u00fcpoallergeenne koeratoit.<\/p>\n","protected":false},"featured_media":17462,"template":"","meta":[],"product_cat":[688,64],"product_tag":[],"class_list":{"0":"post-17461","1":"product","2":"type-product","3":"status-publish","4":"has-post-thumbnail","6":"product_cat-koerad","7":"product_cat-koeratoit","8":"pa_brand-brit-gf-veterinary-diet","9":"pa_ean-2931","10":"pa_kaal-12-000","11":"pa_tootjariik-tsehhi","13":"first","14":"instock","15":"taxable","16":"shipping-taxable","17":"purchasable","18":"product-type-simple"},"_links":{"self":[{"href":"https:\/\/kasskoer.ee\/en\/wp-json\/wp\/v2\/product\/17461","targetHints":{"allow":["GET"]}}],"collection":[{"href":"https:\/\/kasskoer.ee\/en\/wp-json\/wp\/v2\/product"}],"about":[{"href":"https:\/\/kasskoer.ee\/en\/wp-json\/wp\/v2\/types\/product"}],"wp:featuredmedia":[{"embeddable":true,"href":"https:\/\/kasskoer.ee\/en\/wp-json\/wp\/v2\/media\/17462"}],"wp:attachment":[{"href":"https:\/\/kasskoer.ee\/en\/wp-json\/wp\/v2\/media?parent=17461"}],"wp:term":[{"taxonomy":"product_cat","embeddable":true,"href":"https:\/\/kasskoer.ee\/en\/wp-json\/wp\/v2\/product_cat?post=17461"},{"taxonomy":"product_tag","embeddable":true,"href":"https:\/\/kasskoer.ee\/en\/wp-json\/wp\/v2\/product_tag?post=17461"}],"curies":[{"name":"wp","href":"https:\/\/api.w.org\/{rel}","templated":true}]}}