{"id":17465,"date":"2026-04-20T03:15:36","date_gmt":"2026-04-20T00:15:36","guid":{"rendered":"https:\/\/kasskoer.ee\/product\/sams-field-delicious-wild-kassitoit-25kg\/"},"modified":"2026-04-20T03:15:37","modified_gmt":"2026-04-20T00:15:37","slug":"sams-field-delicious-wild-kassitoit-25kg","status":"publish","type":"product","link":"https:\/\/kasskoer.ee\/en\/toode\/sams-field-delicious-wild-kassitoit-25kg\/","title":{"rendered":"Sam&#8217;s Field Delicious Wild kassitoit 2,5kg"},"content":{"rendered":"<p><b>Sam&#8217;s Field Delicious Wild t\u00e4istoit valivatele gurmaanidest kassidele.<\/b><br \/>&#13;<\/p>\n<li>35% parti, riisi ja 15% v\u00e4rsket kana koos puuviljade ja k\u00f6\u00f6giviljadega.<\/li>\n<p>&#13;<\/p>\n<li>Varustab vajalike toitainetega.<\/li>\n<p>&#13;<\/p>\n<li>Taastab energiataseme.<\/li>\n<p>&#13;<\/p>\n<li>Tagab suurep\u00e4rase tervise.<\/li>\n<p>&#13;<br \/>\n<br \/>&#13;<br \/>\n<b>Koostis<\/b><br \/>&#13;<br \/>\nPart 35%, riis, kana (v\u00e4rskelt valmistatud) 15%, linnurasv (s\u00e4ilitatud tokoferoolide seguga, E-vitamiini allikas), kartul, kuivatatud \u00f5unad 5%, \u00f5llep\u00e4rm, l\u00f5he\u00f5li, kanamaks, tomat 1%, porgand 1%, t\u00e4\u00e4kliilia, mineraalid, roheline rannakarp (300 mg\/kg), kollageen, prebiootikumid (MOS ja FOS 200 mg\/kg), kummel (Matricaria chamomilla, 50 mg\/kg).<br \/>&#13;<br \/>\n<br \/>&#13;<br \/>\n<b>Anal\u00fc\u00fctilised koostisosad<\/b><br \/>&#13;<br \/>\nToorvalk 33%, toorrasv 18%, toortuhk 6,5%, toorkiud 4,5%, niiskus 10%, kaltsium 1,3%, fosfor 1,1%, naatrium 0,5%, magneesium 0,06%, oomega-3 rasvhapped 1%, oomega-6 rasvhapped 3,2%.<br \/>&#13;<br \/>\n<br \/>&#13;<br \/>\n<b>S\u00f6\u00f6dalisandid (kg kohta)<\/b><br \/>&#13;<br \/>\nToitainelised lisandid: vitamiin A 22000 R\u00dc, vitamiin D3 900 R\u00dc, vitamiin E 600 mg, tauriin 2000 mg, vitamiin C 300 mg, koliinkloriid 2000 mg, L-karnitiin 60 mg, niatsiin 40 mg, biotiin 1,7 mg, vitamiin B1 2,5 mg, vitamiin B2 3,5 mg, vitamiin B6 2 mg, vitamiin B12 0,02 mg, kaltsium-D-pantotenaat 5,2 mg, foolhape 0,2 mg, orgaaniline mangaan 55 mg, raud 45 mg, orgaaniline tsink (tsingi ja aminohapete kelaadi h\u00fcdraat) 150 mg, orgaaniline vask (vase ja aminohapete kelaadi h\u00fcdraat) 11 mg, jood 3,5 mg, orgaaniline seleen (Saccharomyces cerevisiae CNCM I-3060 p\u00e4rmidest saadud orgaaniline seleen) 0,20 mg.<br \/>&#13;<br \/>\n<br \/>&#13;<br \/>\n<b>Toitmisjuhend<\/b><br \/>&#13;<br \/>\nServeeri toit kuivalt v\u00f5i kergelt niisutatult. Veendu, et kassil oleks alati piisavalt v\u00e4rsket joogivett. Kasside igap\u00e4evane toitumisvajadus v\u00f5ib varieeruda s\u00f5ltuvalt keskkonnast, suurusest, vanusest ja aktiivsuse tasemest. Soovitatavad p\u00e4evased kogused on toodud toitumistabelis. Esmakordsel serveerimisel segage \u00fclemineku h\u00f5lbustamiseks j\u00e4rk-j\u00e4rgult eelmise toiduga. Hoida kuivas ja jahedas, eemal otsesest p\u00e4ikesevalgusest.&#13;<\/p>\n<figure class=\"table\">\n<table>\n<tbody>\n<tr>\n<th>Kassi kaal (kg)<\/th>\n<th>2-3<\/th>\n<th>3-5<\/th>\n<th>5-7<\/th>\n<th>7-9<\/th>\n<\/tr>\n<tr>\n<th>Kogus (g\/p\u00e4evas)<\/th>\n<th>40-55<\/th>\n<th>55-75<\/th>\n<th>75-85<\/th>\n<th>85-95<\/th>\n<\/tr>\n<\/tbody>\n<\/table>\n<\/figure>\n","protected":false},"excerpt":{"rendered":"<p>Eriti maitsev ja vastupandamatu toit n\u00f5udlikele kassidele.<\/p>\n","protected":false},"featured_media":17466,"template":"","meta":[],"product_cat":[689,75],"product_tag":[],"class_list":{"0":"post-17465","1":"product","2":"type-product","3":"status-publish","4":"has-post-thumbnail","6":"product_cat-kassid","7":"product_cat-kassitoit","8":"pa_brand-sams-field","9":"pa_ean-2934","10":"pa_kaal-2-500","11":"pa_tootjariik-tsehhi","13":"first","14":"instock","15":"taxable","16":"shipping-taxable","17":"purchasable","18":"product-type-simple"},"_links":{"self":[{"href":"https:\/\/kasskoer.ee\/en\/wp-json\/wp\/v2\/product\/17465","targetHints":{"allow":["GET"]}}],"collection":[{"href":"https:\/\/kasskoer.ee\/en\/wp-json\/wp\/v2\/product"}],"about":[{"href":"https:\/\/kasskoer.ee\/en\/wp-json\/wp\/v2\/types\/product"}],"wp:featuredmedia":[{"embeddable":true,"href":"https:\/\/kasskoer.ee\/en\/wp-json\/wp\/v2\/media\/17466"}],"wp:attachment":[{"href":"https:\/\/kasskoer.ee\/en\/wp-json\/wp\/v2\/media?parent=17465"}],"wp:term":[{"taxonomy":"product_cat","embeddable":true,"href":"https:\/\/kasskoer.ee\/en\/wp-json\/wp\/v2\/product_cat?post=17465"},{"taxonomy":"product_tag","embeddable":true,"href":"https:\/\/kasskoer.ee\/en\/wp-json\/wp\/v2\/product_tag?post=17465"}],"curies":[{"name":"wp","href":"https:\/\/api.w.org\/{rel}","templated":true}]}}