{"id":17469,"date":"2026-04-20T03:15:36","date_gmt":"2026-04-20T00:15:36","guid":{"rendered":"https:\/\/kasskoer.ee\/product\/sams-field-kitten-kassitoit-04kg\/"},"modified":"2026-04-20T03:15:37","modified_gmt":"2026-04-20T00:15:37","slug":"sams-field-kitten-kassitoit-04kg","status":"publish","type":"product","link":"https:\/\/kasskoer.ee\/en\/toode\/sams-field-kitten-kassitoit-04kg\/","title":{"rendered":"Sam&#8217;s Field Kitten kassitoit 0,4kg"},"content":{"rendered":"<p><b>Sam&#8217;s Field Kitten t\u00e4istoit kassipoegadele.<\/b><br \/>&#13;<\/p>\n<li>48% kana, puuviljad ja k\u00f6\u00f6giviljad tagavad kassipojale hea alguse eluks.<\/li>\n<p>&#13;<\/p>\n<li>Tagab lihaste ja luude tervisliku kasvu.<\/li>\n<p>&#13;<\/p>\n<li>Toetab elut\u00e4htsate funktsioonide arengut.<\/li>\n<p>&#13;<\/p>\n<li>Toetab immuunsuse tervislikku arengut.<\/li>\n<p>&#13;<br \/>\n<br \/>&#13;<br \/>\n<b>Koostis<\/b><br \/>&#13;<br \/>\nKana 48% (sh v\u00e4rskelt valmistatud kana 20%), riis, linnurasv (s\u00e4ilitatud tokoferoolide seguga, E-vitamiini allikas), kartulid, kuivatatud \u00f5unad 4%, \u00f5llep\u00e4rm, l\u00f5he\u00f5li, kanamaks, tomatid 1%, porgandid 1%, t\u00e4\u00e4kliilia, mineraalid, prebiootikumid (MOS ja FOS 230 mg\/kg), kummel (Matricaria chamomilla, 60 mg\/kg).<br \/>&#13;<br \/>\n<br \/>&#13;<br \/>\n<b>Anal\u00fc\u00fctilised koostisosad<\/b><br \/>&#13;<br \/>\nToorvalk 39%, toorrasv 19%, toorkiud 2,6%, toortuhk 6,0%, niiskus 10%, kaltsium 1,3%, fosfor 1,0%, naatrium 0,4%, magneesium 0,08%, oomega-3 rasvhapped 0,4%, oomega-6 rasvhapped 2,68%.<br \/>&#13;<br \/>\n<br \/>&#13;<br \/>\n<b>S\u00f6\u00f6dalisandid (kg kohta)<\/b><br \/>&#13;<br \/>\nToitainelised lisandid: vitamiin A 25 000 R\u00dc, vitamiin D3 1 000 R\u00dc, vitamiin E 700 mg, tauriin 2 500 mg, vitamiin C 300 mg, koliinkloriid 2 300 mg, L-karnitiin 70 mg, niatsiin 45 mg, biotiin 2 mg, vitamiin B1 2,8 mg, vitamiin B2 4 mg, vitamiin B6 2,3 mg, vitamiin B12 0,03 mg, kaltsium-D-pantotenaat 6 mg, foolhape 0,3 mg, orgaaniline mangaan 60 mg, raud 50 mg, orgaaniline tsink (tsingi ja aminohapete kelaadi h\u00fcdraat) 160 mg, orgaaniline vask (vase ja aminohapete kelaadi h\u00fcdraat) 12 mg, jood 4 mg, orgaaniline seleen (Saccharomyces cerevisiae CNCM I-3060 p\u00e4rmist saadud orgaaniline seleen) 0,26 mg.<br \/>&#13;<br \/>\n<br \/>&#13;<br \/>\n<b>Toitmisjuhend<\/b><br \/>&#13;<br \/>\nServeeri toit kuivalt v\u00f5i kergelt niisutatult. Veendu, et kassil oleks alati piisavalt v\u00e4rsket joogivett. Kasside igap\u00e4evane toitumisvajadus v\u00f5ib varieeruda s\u00f5ltuvalt keskkonnast, suurusest, vanusest ja aktiivsuse tasemest. Soovitatavad p\u00e4evased kogused on toodud toitumistabelis. Hoida kuivas ja jahedas, eemal otsesest p\u00e4ikesevalgusest.&#13;<\/p>\n<figure class=\"table\">\n<table>\n<tbody>\n<tr>\n<th>Kassi vanus (kuudes)<\/th>\n<th>1-4<\/th>\n<th>4-7<\/th>\n<th>7-12<\/th>\n<\/tr>\n<tr>\n<th>Kogus (g\/p\u00e4evas)<\/th>\n<th>30-60<\/th>\n<th>60-70<\/th>\n<th>70-100<\/th>\n<\/tr>\n<\/tbody>\n<\/table>\n<\/figure>\n","protected":false},"excerpt":{"rendered":"<p>T\u00e4isv\u00e4\u00e4rtuslik toit kassipoegadele.<\/p>\n","protected":false},"featured_media":17470,"template":"","meta":[],"product_cat":[689,75],"product_tag":[],"class_list":{"0":"post-17469","1":"product","2":"type-product","3":"status-publish","4":"has-post-thumbnail","6":"product_cat-kassid","7":"product_cat-kassitoit","8":"pa_brand-sams-field","9":"pa_ean-2936","10":"pa_kaal-0-400","11":"pa_tootjariik-tsehhi","13":"first","14":"outofstock","15":"taxable","16":"shipping-taxable","17":"purchasable","18":"product-type-simple"},"_links":{"self":[{"href":"https:\/\/kasskoer.ee\/en\/wp-json\/wp\/v2\/product\/17469","targetHints":{"allow":["GET"]}}],"collection":[{"href":"https:\/\/kasskoer.ee\/en\/wp-json\/wp\/v2\/product"}],"about":[{"href":"https:\/\/kasskoer.ee\/en\/wp-json\/wp\/v2\/types\/product"}],"wp:featuredmedia":[{"embeddable":true,"href":"https:\/\/kasskoer.ee\/en\/wp-json\/wp\/v2\/media\/17470"}],"wp:attachment":[{"href":"https:\/\/kasskoer.ee\/en\/wp-json\/wp\/v2\/media?parent=17469"}],"wp:term":[{"taxonomy":"product_cat","embeddable":true,"href":"https:\/\/kasskoer.ee\/en\/wp-json\/wp\/v2\/product_cat?post=17469"},{"taxonomy":"product_tag","embeddable":true,"href":"https:\/\/kasskoer.ee\/en\/wp-json\/wp\/v2\/product_tag?post=17469"}],"curies":[{"name":"wp","href":"https:\/\/api.w.org\/{rel}","templated":true}]}}