{"id":17480,"date":"2026-04-20T03:05:32","date_gmt":"2026-04-20T00:05:32","guid":{"rendered":"https:\/\/kasskoer.ee\/product\/flamingo-naistenogese-ja-sulega-hiir-kassile-2tk\/"},"modified":"2026-04-20T03:05:35","modified_gmt":"2026-04-20T00:05:35","slug":"flamingo-naistenogese-ja-sulega-hiir-kassile-2tk","status":"publish","type":"product","link":"https:\/\/kasskoer.ee\/en\/toode\/flamingo-naistenogese-ja-sulega-hiir-kassile-2tk\/","title":{"rendered":"Flamingo naisten\u00f5gese ja sulega hiir kassile 2tk"},"content":{"rendered":"<li>Pehme sulest sabaga m\u00e4nguhiir sisaldab naisten\u00f5gest, et olla Teie kassile veelgi atraktiivsem.<\/li>\n<p>&#13;<\/p>\n<li>M\u00e4nguhiir on valmistatud tekstiilist ja umbes 4cm x 15cm suur ning neid on kaks t\u00fckki pakis.<\/li>\n","protected":false},"excerpt":{"rendered":"<p>Flamingo sinine naisten\u00f5gese ja pehme sulest sabaga m\u00e4nguhiir 2tk pakis.<\/p>\n","protected":false},"featured_media":17481,"template":"","meta":[],"product_cat":[1321],"product_tag":[],"class_list":{"0":"post-17480","1":"product","2":"type-product","3":"status-publish","4":"has-post-thumbnail","6":"product_cat-kasside-manguasjad","7":"pa_brand-flamingo","8":"pa_ean-2939","9":"pa_kaal-0-020","10":"pa_tootjariik-hiina","12":"first","13":"instock","14":"taxable","15":"shipping-taxable","16":"purchasable","17":"product-type-simple"},"_links":{"self":[{"href":"https:\/\/kasskoer.ee\/en\/wp-json\/wp\/v2\/product\/17480","targetHints":{"allow":["GET"]}}],"collection":[{"href":"https:\/\/kasskoer.ee\/en\/wp-json\/wp\/v2\/product"}],"about":[{"href":"https:\/\/kasskoer.ee\/en\/wp-json\/wp\/v2\/types\/product"}],"wp:featuredmedia":[{"embeddable":true,"href":"https:\/\/kasskoer.ee\/en\/wp-json\/wp\/v2\/media\/17481"}],"wp:attachment":[{"href":"https:\/\/kasskoer.ee\/en\/wp-json\/wp\/v2\/media?parent=17480"}],"wp:term":[{"taxonomy":"product_cat","embeddable":true,"href":"https:\/\/kasskoer.ee\/en\/wp-json\/wp\/v2\/product_cat?post=17480"},{"taxonomy":"product_tag","embeddable":true,"href":"https:\/\/kasskoer.ee\/en\/wp-json\/wp\/v2\/product_tag?post=17480"}],"curies":[{"name":"wp","href":"https:\/\/api.w.org\/{rel}","templated":true}]}}