{"id":17483,"date":"2026-04-20T03:05:32","date_gmt":"2026-04-20T00:05:32","guid":{"rendered":"https:\/\/kasskoer.ee\/product\/flamingo-koeralelu-manguoks-koiega-15cm\/"},"modified":"2026-04-20T03:05:35","modified_gmt":"2026-04-20T00:05:35","slug":"flamingo-koeralelu-manguoks-koiega-15cm","status":"publish","type":"product","link":"https:\/\/kasskoer.ee\/en\/toode\/flamingo-koeralelu-manguoks-koiega-15cm\/","title":{"rendered":"Flamingo koeralelu m\u00e4nguoks k\u00f6iega 15cm"},"content":{"rendered":"<li>Vastupidav termoplastist puuoks k\u00f6iega, mis pakub palju m\u00e4ngur\u00f5\u00f5mu.<\/li>\n<p>&#13;<\/p>\n<li>Aitab v\u00e4ltida hambakatu teket.<\/li>\n<p>&#13;<br \/>\n<br \/>&#13;<br \/>\n<b>M\u00f5\u00f5tmed<\/b><br \/>&#13;<br \/>\nPikkus, laius ja k\u00f5rgus: 15 x 5 x 5cm.<\/p>\n","protected":false},"excerpt":{"rendered":"<p>Flamingo TPR koeralelu puuoks.<\/p>\n","protected":false},"featured_media":17484,"template":"","meta":[],"product_cat":[1326,688],"product_tag":[],"class_list":{"0":"post-17483","1":"product","2":"type-product","3":"status-publish","4":"has-post-thumbnail","6":"product_cat-koerte-manguasjad","7":"product_cat-koerad","8":"pa_brand-flamingo","9":"pa_ean-2940","10":"pa_kaal-0-140","11":"pa_tootjariik-hiina","13":"first","14":"instock","15":"taxable","16":"shipping-taxable","17":"purchasable","18":"product-type-simple"},"_links":{"self":[{"href":"https:\/\/kasskoer.ee\/en\/wp-json\/wp\/v2\/product\/17483","targetHints":{"allow":["GET"]}}],"collection":[{"href":"https:\/\/kasskoer.ee\/en\/wp-json\/wp\/v2\/product"}],"about":[{"href":"https:\/\/kasskoer.ee\/en\/wp-json\/wp\/v2\/types\/product"}],"wp:featuredmedia":[{"embeddable":true,"href":"https:\/\/kasskoer.ee\/en\/wp-json\/wp\/v2\/media\/17484"}],"wp:attachment":[{"href":"https:\/\/kasskoer.ee\/en\/wp-json\/wp\/v2\/media?parent=17483"}],"wp:term":[{"taxonomy":"product_cat","embeddable":true,"href":"https:\/\/kasskoer.ee\/en\/wp-json\/wp\/v2\/product_cat?post=17483"},{"taxonomy":"product_tag","embeddable":true,"href":"https:\/\/kasskoer.ee\/en\/wp-json\/wp\/v2\/product_tag?post=17483"}],"curies":[{"name":"wp","href":"https:\/\/api.w.org\/{rel}","templated":true}]}}