{"id":17486,"date":"2026-04-20T03:05:35","date_gmt":"2026-04-20T00:05:35","guid":{"rendered":"https:\/\/kasskoer.ee\/product\/flamingo-maiusematt-ookull-koerale-27x33x25cm\/"},"modified":"2026-04-20T03:05:35","modified_gmt":"2026-04-20T00:05:35","slug":"flamingo-maiusematt-ookull-koerale-27x33x25cm","status":"publish","type":"product","link":"https:\/\/kasskoer.ee\/en\/toode\/flamingo-maiusematt-ookull-koerale-27x33x25cm\/","title":{"rendered":"Flamingo maiusematt \u00d6\u00f6kull koerale 27x33x2,5cm"},"content":{"rendered":"<p><b>Tekstiilist maiusematt sinine \u00f6\u00f6kull.<\/b>&#13;<\/p>\n<li>Peida maiused erinevatesse peidupaikadesse ja lase oma karvasel s\u00f5bral t\u00f6\u00f6le asuda.<\/li>\n<p>&#13;<\/p>\n<li>Libisemisvastane kangas takistab libisemist ja matt hoiab \u00e4ra ahmimise.<\/li>\n<p>&#13;<\/p>\n<li>Ideaalne m\u00e4nguasi kutsikatele.<\/li>\n<p>&#13;<br \/>\n<br \/>&#13;<br \/>\n<b>M\u00f5\u00f5tmed<\/b><br \/>&#13;<br \/>\nPikkus, laius ja k\u00f5rgus: 27 x 33 x 2,5cm.<\/p>\n","protected":false},"excerpt":{"rendered":"<p>Flamingo sinine \u00f6\u00f6kull maiusematt koerale.<\/p>\n","protected":false},"featured_media":17487,"template":"","meta":[],"product_cat":[1326,688],"product_tag":[],"class_list":{"0":"post-17486","1":"product","2":"type-product","3":"status-publish","4":"has-post-thumbnail","6":"product_cat-koerte-manguasjad","7":"product_cat-koerad","8":"pa_brand-flamingo","9":"pa_ean-2941","10":"pa_kaal-0-090","11":"pa_tootjariik-hiina","13":"first","14":"instock","15":"taxable","16":"shipping-taxable","17":"purchasable","18":"product-type-simple"},"_links":{"self":[{"href":"https:\/\/kasskoer.ee\/en\/wp-json\/wp\/v2\/product\/17486","targetHints":{"allow":["GET"]}}],"collection":[{"href":"https:\/\/kasskoer.ee\/en\/wp-json\/wp\/v2\/product"}],"about":[{"href":"https:\/\/kasskoer.ee\/en\/wp-json\/wp\/v2\/types\/product"}],"wp:featuredmedia":[{"embeddable":true,"href":"https:\/\/kasskoer.ee\/en\/wp-json\/wp\/v2\/media\/17487"}],"wp:attachment":[{"href":"https:\/\/kasskoer.ee\/en\/wp-json\/wp\/v2\/media?parent=17486"}],"wp:term":[{"taxonomy":"product_cat","embeddable":true,"href":"https:\/\/kasskoer.ee\/en\/wp-json\/wp\/v2\/product_cat?post=17486"},{"taxonomy":"product_tag","embeddable":true,"href":"https:\/\/kasskoer.ee\/en\/wp-json\/wp\/v2\/product_tag?post=17486"}],"curies":[{"name":"wp","href":"https:\/\/api.w.org\/{rel}","templated":true}]}}