{"id":17490,"date":"2026-04-20T03:05:35","date_gmt":"2026-04-20T00:05:35","guid":{"rendered":"https:\/\/kasskoer.ee\/product\/flamingo-laser-manguasi-kassile\/"},"modified":"2026-04-20T03:05:35","modified_gmt":"2026-04-20T00:05:35","slug":"flamingo-laser-manguasi-kassile","status":"publish","type":"product","link":"https:\/\/kasskoer.ee\/en\/toode\/flamingo-laser-manguasi-kassile\/","title":{"rendered":"Flamingo laser m\u00e4nguasi kassile"},"content":{"rendered":"<li>N\u00e4htav kuni 3m kaugusele.<\/li>\n<p>&#13;<\/p>\n<li>Vajab t\u00f6\u00f6tamiseks 3x LR44 patareisid (pakendis kaasas).<\/li>\n<p>&#13;<\/p>\n<li>Lamp n\u00e4itab viite erinevat kujutist: hiir, sipelgas, liblikas, t\u00e4pp ja naerun\u00e4gu.<\/li>\n","protected":false},"excerpt":{"rendered":"<p>Flamingo palju l\u00f5bu pakkuv kassi m\u00e4nguasi laser viie erineva kujutisega.<\/p>\n","protected":false},"featured_media":17491,"template":"","meta":[],"product_cat":[1321],"product_tag":[],"class_list":{"0":"post-17490","1":"product","2":"type-product","3":"status-publish","4":"has-post-thumbnail","6":"product_cat-kasside-manguasjad","7":"pa_brand-flamingo","8":"pa_ean-2942","9":"pa_kaal-0-030","10":"pa_tootjariik-hiina","12":"first","13":"outofstock","14":"taxable","15":"shipping-taxable","16":"purchasable","17":"product-type-simple"},"_links":{"self":[{"href":"https:\/\/kasskoer.ee\/en\/wp-json\/wp\/v2\/product\/17490","targetHints":{"allow":["GET"]}}],"collection":[{"href":"https:\/\/kasskoer.ee\/en\/wp-json\/wp\/v2\/product"}],"about":[{"href":"https:\/\/kasskoer.ee\/en\/wp-json\/wp\/v2\/types\/product"}],"wp:featuredmedia":[{"embeddable":true,"href":"https:\/\/kasskoer.ee\/en\/wp-json\/wp\/v2\/media\/17491"}],"wp:attachment":[{"href":"https:\/\/kasskoer.ee\/en\/wp-json\/wp\/v2\/media?parent=17490"}],"wp:term":[{"taxonomy":"product_cat","embeddable":true,"href":"https:\/\/kasskoer.ee\/en\/wp-json\/wp\/v2\/product_cat?post=17490"},{"taxonomy":"product_tag","embeddable":true,"href":"https:\/\/kasskoer.ee\/en\/wp-json\/wp\/v2\/product_tag?post=17490"}],"curies":[{"name":"wp","href":"https:\/\/api.w.org\/{rel}","templated":true}]}}