{"id":17502,"date":"2026-04-20T03:05:35","date_gmt":"2026-04-20T00:05:35","guid":{"rendered":"https:\/\/kasskoer.ee\/product\/flamingo-koeralelu-janes-l\/"},"modified":"2026-04-20T03:05:36","modified_gmt":"2026-04-20T00:05:36","slug":"flamingo-koeralelu-janes-l","status":"publish","type":"product","link":"https:\/\/kasskoer.ee\/en\/toode\/flamingo-koeralelu-janes-l\/","title":{"rendered":"Flamingo koeralelu j\u00e4nes L"},"content":{"rendered":"<li>Super pehme j\u00e4neselelu valmistatud pl\u00fc\u00fcsist ja varustatud piiksuga, mis pakub lisal\u00f5bu.<\/li>\n<p>&#13;<\/p>\n<li>Ilma t\u00e4idiseta ja eriliselt pikk.<\/li>\n<p>&#13;<br \/>\n<br \/>&#13;<br \/>\n<b>M\u00f5\u00f5tmed<\/b><br \/>&#13;<br \/>\nPikkus, laius ja k\u00f5rgus: 100 x 27 x 6,5cm.<\/p>\n","protected":false},"excerpt":{"rendered":"<p>Flamingo pehme m\u00e4nguasi koerale.<\/p>\n","protected":false},"featured_media":17503,"template":"","meta":[],"product_cat":[1326,688],"product_tag":[],"class_list":{"0":"post-17502","1":"product","2":"type-product","3":"status-publish","4":"has-post-thumbnail","6":"product_cat-koerte-manguasjad","7":"product_cat-koerad","8":"pa_brand-flamingo","9":"pa_ean-2945","10":"pa_kaal-0-120","11":"pa_tootjariik-hiina","13":"first","14":"outofstock","15":"taxable","16":"shipping-taxable","17":"purchasable","18":"product-type-simple"},"_links":{"self":[{"href":"https:\/\/kasskoer.ee\/en\/wp-json\/wp\/v2\/product\/17502","targetHints":{"allow":["GET"]}}],"collection":[{"href":"https:\/\/kasskoer.ee\/en\/wp-json\/wp\/v2\/product"}],"about":[{"href":"https:\/\/kasskoer.ee\/en\/wp-json\/wp\/v2\/types\/product"}],"wp:featuredmedia":[{"embeddable":true,"href":"https:\/\/kasskoer.ee\/en\/wp-json\/wp\/v2\/media\/17503"}],"wp:attachment":[{"href":"https:\/\/kasskoer.ee\/en\/wp-json\/wp\/v2\/media?parent=17502"}],"wp:term":[{"taxonomy":"product_cat","embeddable":true,"href":"https:\/\/kasskoer.ee\/en\/wp-json\/wp\/v2\/product_cat?post=17502"},{"taxonomy":"product_tag","embeddable":true,"href":"https:\/\/kasskoer.ee\/en\/wp-json\/wp\/v2\/product_tag?post=17502"}],"curies":[{"name":"wp","href":"https:\/\/api.w.org\/{rel}","templated":true}]}}