{"id":17510,"date":"2026-04-20T03:15:12","date_gmt":"2026-04-20T00:15:12","guid":{"rendered":"https:\/\/kasskoer.ee\/product\/brit-premium-turkey-lamb-kassimaius-3tk-15g\/"},"modified":"2026-04-20T03:15:13","modified_gmt":"2026-04-20T00:15:13","slug":"brit-premium-turkey-lamb-kassimaius-3tk-15g","status":"publish","type":"product","link":"https:\/\/kasskoer.ee\/en\/toode\/brit-premium-turkey-lamb-kassimaius-3tk-15g\/","title":{"rendered":"Brit Premium Turkey &#038; Lamb kassimaius 3tk 15g"},"content":{"rendered":"<p><b>Brit Premium Turkey &#038; Lamb kalkuni ja lambaga lihapulgad. T\u00e4iends\u00f6\u00f6t kassidele.<\/b><br \/>&#13;<\/p>\n<li>Suur liha sisaldus.<\/li>\n<p>&#13;<\/p>\n<li>Rikastatud tauriiniga, mis toetab n\u00e4gemisteravust ja s\u00fcdame korrektset t\u00f6\u00f6d.<\/li>\n<p>&#13;<\/p>\n<li>Sisaldab \u00f5llep\u00e4rmi, et parandada karvkatte ja k\u00fc\u00fcnte kvaliteeti ning toetada \u00f5iget seedimist.<\/li>\n<p>&#13;<\/p>\n<li>Ei sisalda gluteeni, mis v\u00f5ib p\u00f5hjustada allergilisi reaktsioone.<\/li>\n<p>&#13;<\/p>\n<li>Pole lisatud suhkruid, mis soodustavad \u00fclekaalulisust.<\/li>\n<p>&#13;<br \/>\n<br \/>&#13;<br \/>\n<b>Koostis<\/b><br \/>&#13;<br \/>\n95% liha ja loomset p\u00e4ritolu saadused (26% kalkun, 14% lammas), p\u00e4rmid, mineraalid.<br \/>&#13;<br \/>\n<br \/>&#13;<br \/>\n<b>Anal\u00fc\u00fctilised koostisosad<\/b><br \/>&#13;<br \/>\nToorvalk 38%, toorrasv 23%, niiskus 27%, toortuhk 8%, toorkiud 1%.<br \/>&#13;<br \/>\n<br \/>&#13;<br \/>\n<b>S\u00f6\u00f6dalisandid (kg kohta)<\/b><br \/>&#13;<br \/>\nToitainelised lisandid: vitamiin A (3a672a) 5 000 R\u00dc, vitamiin D3 (3a671) 500 R\u00dc, vitamiin E (3a700) 5 mg, tauriin (3a370) 1 000 mg. S\u00e4ilitusained: kaaliumsorbaat (E202), kaltsiumpropionaat (E282).<br \/>&#13;<br \/>\n<br \/>&#13;<br \/>\n<b>Metaboliseeruv energia<\/b><br \/>&#13;<br \/>\n3602 kcal\/kg<br \/>&#13;<br \/>\n<br \/>&#13;<br \/>\n<b>Toitmisjuhend<\/b><br \/>&#13;<br \/>\nS\u00f6\u00f6ta pehmet lihapulka maiusena. P\u00e4evane annus: kassipojad alates 4. elukuust \u00bd\u20131 pulk p\u00e4evas. T\u00e4iskasvanud kassid 1\u20132 pulka p\u00e4evas (olenevalt kassi suurusest ja aktiivsusest). \u00c4rge unustage tagada, et kassil oleks alati kauss v\u00e4rske joogiveega saadaval.<\/p>\n","protected":false},"excerpt":{"rendered":"<p>Pehmed ja maitsvad lihapulgad kassipoegadele ja kassidele.<\/p>\n","protected":false},"featured_media":17511,"template":"","meta":[],"product_cat":[1211],"product_tag":[],"class_list":{"0":"post-17510","1":"product","2":"type-product","3":"status-publish","4":"has-post-thumbnail","6":"product_cat-kasside-maiused","7":"pa_brand-brit-premium","8":"pa_ean-208","9":"pa_kaal-0-015","10":"pa_tootjariik-euroopa-liit","12":"first","13":"outofstock","14":"taxable","15":"shipping-taxable","16":"purchasable","17":"product-type-simple"},"_links":{"self":[{"href":"https:\/\/kasskoer.ee\/en\/wp-json\/wp\/v2\/product\/17510","targetHints":{"allow":["GET"]}}],"collection":[{"href":"https:\/\/kasskoer.ee\/en\/wp-json\/wp\/v2\/product"}],"about":[{"href":"https:\/\/kasskoer.ee\/en\/wp-json\/wp\/v2\/types\/product"}],"wp:featuredmedia":[{"embeddable":true,"href":"https:\/\/kasskoer.ee\/en\/wp-json\/wp\/v2\/media\/17511"}],"wp:attachment":[{"href":"https:\/\/kasskoer.ee\/en\/wp-json\/wp\/v2\/media?parent=17510"}],"wp:term":[{"taxonomy":"product_cat","embeddable":true,"href":"https:\/\/kasskoer.ee\/en\/wp-json\/wp\/v2\/product_cat?post=17510"},{"taxonomy":"product_tag","embeddable":true,"href":"https:\/\/kasskoer.ee\/en\/wp-json\/wp\/v2\/product_tag?post=17510"}],"curies":[{"name":"wp","href":"https:\/\/api.w.org\/{rel}","templated":true}]}}