{"id":17514,"date":"2026-04-20T03:05:32","date_gmt":"2026-04-20T00:05:32","guid":{"rendered":"https:\/\/kasskoer.ee\/product\/flamingo-traksid-abbi-cherry-red-xl\/"},"modified":"2026-04-20T03:05:34","modified_gmt":"2026-04-20T00:05:34","slug":"flamingo-traksid-abbi-cherry-red-xl","status":"publish","type":"product","link":"https:\/\/kasskoer.ee\/en\/toode\/flamingo-traksid-abbi-cherry-red-xl\/","title":{"rendered":"Flamingo traksid Abbi Cherry Red XL"},"content":{"rendered":"<p><b>Norwegian Abbi rakmed sobivad ideaalselt igale koerale! <\/b><br \/>&#13;<\/p>\n<li>Valmistatud nailonist, pehme neopreenvoodriga lisamugavuse tagamiseks.<\/li>\n<p> &#13;<\/p>\n<li>Varustatud k\u00e4epideme ja l\u00e4ikiva tumehalli viimistlusega metallist r\u00f5ngaga jalutusrihma jaoks.<\/li>\n<p>&#13;<br \/>\n<br \/>&#13;<br \/>\n<b>M\u00f5\u00f5dud<\/b><br \/> A:55cm B:65-80cm x 25mm x 3mm<\/p>\n","protected":false},"excerpt":{"rendered":"<p>Flamingo nailonist rakmed koerale Abbi XL.<\/p>\n","protected":false},"featured_media":17515,"template":"","meta":[],"product_cat":[1324],"product_tag":[],"class_list":{"0":"post-17514","1":"product","2":"type-product","3":"status-publish","4":"has-post-thumbnail","6":"product_cat-koerte-traksid","7":"pa_brand-flamingo","8":"pa_ean-2947","9":"pa_kaal-0-230","10":"pa_tootjariik-hiina","12":"first","13":"instock","14":"taxable","15":"shipping-taxable","16":"purchasable","17":"product-type-simple"},"_links":{"self":[{"href":"https:\/\/kasskoer.ee\/en\/wp-json\/wp\/v2\/product\/17514","targetHints":{"allow":["GET"]}}],"collection":[{"href":"https:\/\/kasskoer.ee\/en\/wp-json\/wp\/v2\/product"}],"about":[{"href":"https:\/\/kasskoer.ee\/en\/wp-json\/wp\/v2\/types\/product"}],"wp:featuredmedia":[{"embeddable":true,"href":"https:\/\/kasskoer.ee\/en\/wp-json\/wp\/v2\/media\/17515"}],"wp:attachment":[{"href":"https:\/\/kasskoer.ee\/en\/wp-json\/wp\/v2\/media?parent=17514"}],"wp:term":[{"taxonomy":"product_cat","embeddable":true,"href":"https:\/\/kasskoer.ee\/en\/wp-json\/wp\/v2\/product_cat?post=17514"},{"taxonomy":"product_tag","embeddable":true,"href":"https:\/\/kasskoer.ee\/en\/wp-json\/wp\/v2\/product_tag?post=17514"}],"curies":[{"name":"wp","href":"https:\/\/api.w.org\/{rel}","templated":true}]}}