{"id":17522,"date":"2026-04-20T03:05:35","date_gmt":"2026-04-20T00:05:35","guid":{"rendered":"https:\/\/kasskoer.ee\/product\/flamingo-kirbu-ja-puugi-vastane-sampoon-koertele-ja-kassidele-200ml\/"},"modified":"2026-04-20T03:05:36","modified_gmt":"2026-04-20T00:05:36","slug":"flamingo-kirbu-ja-puugi-vastane-sampoon-koertele-ja-kassidele-200ml","status":"publish","type":"product","link":"https:\/\/kasskoer.ee\/en\/toode\/flamingo-kirbu-ja-puugi-vastane-sampoon-koertele-ja-kassidele-200ml\/","title":{"rendered":"Flamingo kirbu ja puugi vastane \u0161ampoon koertele ja kassidele 200ml"},"content":{"rendered":"<li>Parasiidivastane \u0161ampoon, mille toimeaineks on dimetikoon, toimib (prof\u00fclaktikana) puukide, kirpude ja lestade vastu.<\/li>\n<p>&#13;<\/p>\n<li>Sobib 3 kuu vanustele ja vanematele loomadele kasutamiseks nahal v\u00f5i karvkattel.<\/li>\n<p>&#13;<\/p>\n<li>Ei sisalda insektitsiide.<\/li>\n<p>&#13;<\/p>\n<li>Mitte lasta sattuda silma v\u00f5i kahjustatud nahale.<\/li>\n<p>&#13;<\/p>\n<li>Ei ole soovituslik kasutada tiinetel ega imetavatel koertel.<\/li>\n","protected":false},"excerpt":{"rendered":"<p>Flamingo koertele ja kassidele m\u00f5eldud kirbu ja puugi vastane \u0161ampoon.<\/p>\n","protected":false},"featured_media":17523,"template":"","meta":[],"product_cat":[2123],"product_tag":[],"class_list":{"0":"post-17522","1":"product","2":"type-product","3":"status-publish","4":"has-post-thumbnail","6":"product_cat-sampoonid","7":"pa_brand-flamingo","8":"pa_ean-2950","9":"pa_kaal-0-200","10":"pa_tootjariik-euroopa-liit","12":"first","13":"outofstock","14":"taxable","15":"shipping-taxable","16":"purchasable","17":"product-type-simple"},"_links":{"self":[{"href":"https:\/\/kasskoer.ee\/en\/wp-json\/wp\/v2\/product\/17522","targetHints":{"allow":["GET"]}}],"collection":[{"href":"https:\/\/kasskoer.ee\/en\/wp-json\/wp\/v2\/product"}],"about":[{"href":"https:\/\/kasskoer.ee\/en\/wp-json\/wp\/v2\/types\/product"}],"wp:featuredmedia":[{"embeddable":true,"href":"https:\/\/kasskoer.ee\/en\/wp-json\/wp\/v2\/media\/17523"}],"wp:attachment":[{"href":"https:\/\/kasskoer.ee\/en\/wp-json\/wp\/v2\/media?parent=17522"}],"wp:term":[{"taxonomy":"product_cat","embeddable":true,"href":"https:\/\/kasskoer.ee\/en\/wp-json\/wp\/v2\/product_cat?post=17522"},{"taxonomy":"product_tag","embeddable":true,"href":"https:\/\/kasskoer.ee\/en\/wp-json\/wp\/v2\/product_tag?post=17522"}],"curies":[{"name":"wp","href":"https:\/\/api.w.org\/{rel}","templated":true}]}}