{"id":17528,"date":"2026-04-20T03:05:35","date_gmt":"2026-04-20T00:05:35","guid":{"rendered":"https:\/\/kasskoer.ee\/product\/flamingo-kana-maitseline-hambapasta-koertele-85g\/"},"modified":"2026-04-20T03:05:36","modified_gmt":"2026-04-20T00:05:36","slug":"flamingo-kana-maitseline-hambapasta-koertele-85g","status":"publish","type":"product","link":"https:\/\/kasskoer.ee\/en\/toode\/flamingo-kana-maitseline-hambapasta-koertele-85g\/","title":{"rendered":"Flamingo kana maitseline hambapasta koertele 85g"},"content":{"rendered":"<p><b>Flamingo kana l\u00f5hna ja maitsega hambapasta.<\/b>&#13;<\/p>\n<li>Tagab v\u00e4rske hinge\u00f5hu.<\/li>\n<p>&#13;<\/p>\n<li>Tugevdab hambaid.<\/li>\n<p>&#13;<\/p>\n<li>Kaitseb hambaaukude ja -katu eest.<\/li>\n<p>&#13;<\/p>\n<li>Hambapasta allaneelamine on teie lemmiklooma jaoks ohutu.<\/li>\n<p>&#13;<br \/>\n<br \/>&#13;<br \/>\n<b>Koostis<\/b><br \/>&#13;<br \/>\nMet\u00fc\u00fclparabeen (0,02%), tselluloosikumm (0,6%-1,5%), naatriumbensoaat (0,05%), r\u00e4nidioksiid (10%-20%), kaltsiumkarbonaat (20%-30%), sorbitool (30%-40%), vesi (4,93%-38,73%), kanaliha pasta (0,5%-3%), kana maitseaine (0,1%-0,5%).<\/p>\n","protected":false},"excerpt":{"rendered":"<p>Flamingo koertele m\u00f5eldud hambapasta.<\/p>\n","protected":false},"featured_media":17529,"template":"","meta":[],"product_cat":[688,365],"product_tag":[],"class_list":{"0":"post-17528","1":"product","2":"type-product","3":"status-publish","4":"has-post-thumbnail","6":"product_cat-koerad","7":"product_cat-koerte-tarvikud","8":"pa_brand-flamingo","9":"pa_ean-2952","10":"pa_kaal-0-085","11":"pa_tootjariik-hiina","13":"first","14":"outofstock","15":"taxable","16":"shipping-taxable","17":"purchasable","18":"product-type-simple"},"_links":{"self":[{"href":"https:\/\/kasskoer.ee\/en\/wp-json\/wp\/v2\/product\/17528","targetHints":{"allow":["GET"]}}],"collection":[{"href":"https:\/\/kasskoer.ee\/en\/wp-json\/wp\/v2\/product"}],"about":[{"href":"https:\/\/kasskoer.ee\/en\/wp-json\/wp\/v2\/types\/product"}],"wp:featuredmedia":[{"embeddable":true,"href":"https:\/\/kasskoer.ee\/en\/wp-json\/wp\/v2\/media\/17529"}],"wp:attachment":[{"href":"https:\/\/kasskoer.ee\/en\/wp-json\/wp\/v2\/media?parent=17528"}],"wp:term":[{"taxonomy":"product_cat","embeddable":true,"href":"https:\/\/kasskoer.ee\/en\/wp-json\/wp\/v2\/product_cat?post=17528"},{"taxonomy":"product_tag","embeddable":true,"href":"https:\/\/kasskoer.ee\/en\/wp-json\/wp\/v2\/product_tag?post=17528"}],"curies":[{"name":"wp","href":"https:\/\/api.w.org\/{rel}","templated":true}]}}