{"id":17542,"date":"2026-04-20T03:05:32","date_gmt":"2026-04-20T00:05:32","guid":{"rendered":"https:\/\/kasskoer.ee\/product\/chicopee-pnl-active-koeratoit-20kg\/"},"modified":"2026-04-20T03:05:33","modified_gmt":"2026-04-20T00:05:33","slug":"chicopee-pnl-active-koeratoit-20kg","status":"publish","type":"product","link":"https:\/\/kasskoer.ee\/en\/toode\/chicopee-pnl-active-koeratoit-20kg\/","title":{"rendered":"Chicopee PNL Active koeratoit 20kg"},"content":{"rendered":"<p><b>Chicopee t\u00e4iss\u00f6\u00f6t igat t\u00f5ugu suurema aktiivsusega t\u00e4iskasvanud koertele.<\/b><br \/>&#13;<\/p>\n<li>K\u00f5rgem rasvasisaldus &#8211; tagab optimaalse energia hulga kontsentreeritud ja kergesti seeditaval kujul, eriti koertele, kellel on erilised vajadused.<\/li>\n<p>&#13;<\/p>\n<li>K\u00f5rgekvaliteetsed ja kergesti seeditavad valgud &#8211; varustavad keha aminohapetega, mis on olulised lihaste arenguks.<\/li>\n<p>&#13;<\/p>\n<li>Rakukaitse toetus \u2013 olulised looduslikud antioks\u00fcdandid, nagu E-vitamiin ja mikroelement seleen, kaitsevad keha rakke kahjulike ainevahetuse j\u00e4\u00e4kproduktide r\u00fcnnakute eest.<\/li>\n<p>&#13;<br \/>\n<br \/>&#13;<br \/>\n<b>Koostis<\/b><br \/>&#13;<br \/>\nLihajahu linnuvalguga (kuivatatud), nisu, loomarasv, mais, nisukliid, oder, riis, peedimass (suhkrud eemaldatud), kalajahu, p\u00e4rm (kuivatatud), herned (kuivatatud), h\u00fcdrol\u00fc\u00fcsitud valk, naatriumkloriid, kaaliumkloriid.<br \/>&#13;<br \/>\n<br \/>&#13;<br \/>\n<b>Anal\u00fc\u00fctilised koostisosad<\/b><br \/>&#13;<br \/>\nToorvalk 30.0 %, toorrasv 20.0 %, toorkiud 2.3 %, toortuhk 7.3 %, kaltsium 1.45 %, fosfor 1.05 %.<br \/>&#13;<br \/>\n<br \/>&#13;<br \/>\n<b>S\u00f6\u00f6dalisandid<\/b><br \/>&#13;<br \/>\nToitainelised lisandid kg kohta: A-vitamiin 15000 R\u00dc, D3-vitamiin 1200 R\u00dc, E-vitamiin 150 mg, vask (vasksulfaadina, pentah\u00fcdraat) 10 mg, tsink (tsinkoksiidina) 90 mg, jood (kaltsiumjodaadina, veevaba) 2 mg, seleen (naatriumseleniidina) 0.2 mg. Tehnoloogilised lisandid: antioks\u00fcdandid.<br \/>&#13;<br \/>\n<br \/>&#13;<br \/>\n<b>S\u00f6\u00f6tmisjuhend<\/b><br \/>&#13;<br \/>\nS\u00f6\u00f6ta kuivalt v\u00f5i vees leotatuna. V\u00e4rske vesi peab alati olema saadaval. Uuele toidule \u00fcleminek tuleks l\u00e4bi viia j\u00e4rk-j\u00e4rgult 3\u20135 p\u00e4eva jooksul. Hoidke toodet jahedas, kuivas kohas, eemal otsesest p\u00e4ikesevalgusest. S\u00f6\u00f6tmisnormid vaata pakendil olevast tabelist.<\/p>\n","protected":false},"excerpt":{"rendered":"<p>Chicopee Pro Nature Line toit aktiivsetele t\u00e4iskasvanud koertele.<\/p>\n","protected":false},"featured_media":17543,"template":"","meta":[],"product_cat":[688,64],"product_tag":[],"class_list":{"0":"post-17542","1":"product","2":"type-product","3":"status-publish","4":"has-post-thumbnail","6":"product_cat-koerad","7":"product_cat-koeratoit","8":"pa_brand-chicopee","9":"pa_ean-2954","10":"pa_kaal-20-000","11":"pa_tootjariik-saksamaa","13":"first","14":"instock","15":"sale","16":"taxable","17":"shipping-taxable","18":"purchasable","19":"product-type-simple"},"_links":{"self":[{"href":"https:\/\/kasskoer.ee\/en\/wp-json\/wp\/v2\/product\/17542","targetHints":{"allow":["GET"]}}],"collection":[{"href":"https:\/\/kasskoer.ee\/en\/wp-json\/wp\/v2\/product"}],"about":[{"href":"https:\/\/kasskoer.ee\/en\/wp-json\/wp\/v2\/types\/product"}],"wp:featuredmedia":[{"embeddable":true,"href":"https:\/\/kasskoer.ee\/en\/wp-json\/wp\/v2\/media\/17543"}],"wp:attachment":[{"href":"https:\/\/kasskoer.ee\/en\/wp-json\/wp\/v2\/media?parent=17542"}],"wp:term":[{"taxonomy":"product_cat","embeddable":true,"href":"https:\/\/kasskoer.ee\/en\/wp-json\/wp\/v2\/product_cat?post=17542"},{"taxonomy":"product_tag","embeddable":true,"href":"https:\/\/kasskoer.ee\/en\/wp-json\/wp\/v2\/product_tag?post=17542"}],"curies":[{"name":"wp","href":"https:\/\/api.w.org\/{rel}","templated":true}]}}