{"id":17544,"date":"2026-04-21T03:05:34","date_gmt":"2026-04-21T00:05:34","guid":{"rendered":"https:\/\/kasskoer.ee\/product\/chicopee-pnl-adult-koeratoit-20kg\/"},"modified":"2026-04-21T03:05:35","modified_gmt":"2026-04-21T00:05:35","slug":"chicopee-pnl-adult-koeratoit-20kg","status":"publish","type":"product","link":"https:\/\/kasskoer.ee\/en\/toode\/chicopee-pnl-adult-koeratoit-20kg\/","title":{"rendered":"Chicopee PNL Adult koeratoit 20kg"},"content":{"rendered":"<p><b>Chicopee t\u00e4iss\u00f6\u00f6t igat t\u00f5ugu t\u00e4iskasvanud koertele.<\/b><br \/>&#13;<\/p>\n<li>Rikkalik toitainete allikas &#8211; t\u00e4nu toitainete rikkusele kulub s\u00f6\u00f6ta v\u00e4hem, mis omakorda v\u00e4hendab seedetrakti koormust.<\/li>\n<p>&#13;<\/p>\n<li>K\u00f5rgekvaliteetsed valgud ja p\u00e4rm &#8211; toetavad karva ja naha tervist.<\/li>\n<p>&#13;<\/p>\n<li>Rakukaitse toetus \u2013 olulised looduslikud antioks\u00fcdandid, nagu E-vitamiin ja mikroelement seleen, kaitsevad keha rakke kahjulike ainevahetuse j\u00e4\u00e4kproduktide r\u00fcnnakute eest.<\/li>\n<p>&#13;<br \/>\n<br \/>&#13;<br \/>\n<b>Koostis<\/b><br \/>&#13;<br \/>\nLihajahu linnuvalguga (kuivatatud), nisu, oder, nisujahu, mais, loomarasv, nisukliid, peedi viljaliha (suhkrud eemaldatud), kalajahu, kuivatatud p\u00e4rm (0.5 %), naatriumkloriid, h\u00fcdrol\u00fc\u00fcsitud valk, riis, kaaliumkloriid.<br \/>&#13;<br \/>\n<br \/>&#13;<br \/>\n<b>Anal\u00fc\u00fctilised koostisosad<\/b><br \/>&#13;<br \/>\nToorvalk 23.0 %, toorrasv 10.0 %, toorkiud 2.5 %, toortuhk 6.9 %, kaltsium 1.35 %, fosfor 1.05 %.<br \/>&#13;<br \/>\n<br \/>&#13;<br \/>\n<b>S\u00f6\u00f6dalisandid<\/b><br \/>&#13;<br \/>\nToitainelised lisandid kg kohta: A-vitamiin 12000 R\u00dc, D3-vitamiin 1200 R\u00dc, E-vitamiin 70 mg, vask (vasksulfaadina, pentah\u00fcdraat) 10 mg, tsink (tsinkoksiidina) 70 mg, jood (kaltsiumjodaadina, veevaba) 2 mg, seleen (naatriumseleniidina) 0.2 mg. Tehnoloogilised lisandid: antioks\u00fcdandid.<br \/>&#13;<br \/>\n<br \/>&#13;<br \/>\n<b>S\u00f6\u00f6tmisjuhend<\/b><br \/>&#13;<br \/>\nS\u00f6\u00f6ta kuivalt v\u00f5i vees leotatuna. V\u00e4rske vesi peab alati olema saadaval. Uuele toidule \u00fcleminek tuleks l\u00e4bi viia j\u00e4rk-j\u00e4rgult 3\u20135 p\u00e4eva jooksul. Hoidke toodet jahedas, kuivas kohas, eemal otsesest p\u00e4ikesevalgusest. S\u00f6\u00f6tmisnormid vaata pakendil olevast tabelist.<\/p>\n","protected":false},"excerpt":{"rendered":"<p>Chicopee Pro Nature Line toit t\u00e4iskasvanud koertele.<\/p>\n","protected":false},"featured_media":17545,"template":"","meta":[],"product_cat":[688,64],"product_tag":[],"class_list":{"0":"post-17544","1":"product","2":"type-product","3":"status-publish","4":"has-post-thumbnail","6":"product_cat-koerad","7":"product_cat-koeratoit","8":"pa_brand-chicopee","9":"pa_ean-2955","10":"pa_kaal-20-000","11":"pa_tootjariik-saksamaa","13":"first","14":"instock","15":"sale","16":"taxable","17":"shipping-taxable","18":"purchasable","19":"product-type-simple"},"_links":{"self":[{"href":"https:\/\/kasskoer.ee\/en\/wp-json\/wp\/v2\/product\/17544","targetHints":{"allow":["GET"]}}],"collection":[{"href":"https:\/\/kasskoer.ee\/en\/wp-json\/wp\/v2\/product"}],"about":[{"href":"https:\/\/kasskoer.ee\/en\/wp-json\/wp\/v2\/types\/product"}],"wp:featuredmedia":[{"embeddable":true,"href":"https:\/\/kasskoer.ee\/en\/wp-json\/wp\/v2\/media\/17545"}],"wp:attachment":[{"href":"https:\/\/kasskoer.ee\/en\/wp-json\/wp\/v2\/media?parent=17544"}],"wp:term":[{"taxonomy":"product_cat","embeddable":true,"href":"https:\/\/kasskoer.ee\/en\/wp-json\/wp\/v2\/product_cat?post=17544"},{"taxonomy":"product_tag","embeddable":true,"href":"https:\/\/kasskoer.ee\/en\/wp-json\/wp\/v2\/product_tag?post=17544"}],"curies":[{"name":"wp","href":"https:\/\/api.w.org\/{rel}","templated":true}]}}