{"id":17546,"date":"2026-04-20T03:05:32","date_gmt":"2026-04-20T00:05:32","guid":{"rendered":"https:\/\/kasskoer.ee\/product\/tropidog-adult-large-probiotic-line-koertoit-12kg\/"},"modified":"2026-04-20T03:05:33","modified_gmt":"2026-04-20T00:05:33","slug":"tropidog-adult-large-probiotic-line-koertoit-12kg","status":"publish","type":"product","link":"https:\/\/kasskoer.ee\/en\/toode\/tropidog-adult-large-probiotic-line-koertoit-12kg\/","title":{"rendered":"TropiDog Adult Large Probiotic Line koertoit 12kg"},"content":{"rendered":"<p><b>TropiDog probiootikumidega t\u00e4iss\u00f6\u00f6t t\u00e4iskasvanud suurt t\u00f5ugu (15 kuud ja vanemad) koertele.<\/b>&#13;<br \/>\n<br \/>&#13;<\/p>\n<li>Elusad mikroobid &#8211; just elusad mikroobid suudavad soolestikus aktiivselt toimida, kolooniaid moodustada ja kasulikku m\u00f5ju avaldada.<\/li>\n<p>&#13;<\/p>\n<li>Probiootiline koostis &#8211; stabiliseerib soolefloorat, parandab toitainete seedimist ja v\u00e4ljaheidete konsistentsi.<\/li>\n<p>&#13;<\/p>\n<li>Prebiootikumid (FOS, MOS) &#8211; kasutamine toidus aitab s\u00e4ilitada soole bakterifloora tasakaalu.<\/li>\n<p>&#13;<\/p>\n<li>Liigeste tugi &#8211; koorikloomadest p\u00e4rinev gl\u00fckoosamiin ja kondroitiin toetavad liigeste struktuuride \u00f5iget toimimist ja aitavad tagada k\u00f5hredele elastsuse ning suurendada k\u00f5hrede ja luude vastupidavust mikrovigastustele.<\/li>\n<p>&#13;<\/p>\n<li>Tauriin &#8211; toetab s\u00fcdame-veresoonkonna t\u00f6\u00f6d ja parandab organismi \u00fcldist sooritusv\u00f5imet.<\/li>\n<p>&#13;<br \/>\n<br \/>&#13;<br \/>\n<b>Koostis<\/b><br \/>&#13;<br \/>\nKuivatatud lambavalk 18%, riis, speltakliid, l\u00f5he\u00f5li, kuivatatud kalkunivalk, kuivatatud p\u00e4rm, h\u00fcdrol\u00fc\u00fcsitud linnulihavalk, krevetijahu (gl\u00fckosamiini looduslik allikas), kuivatatud vetikad Ascophyllum nodosum 1,5%, kuivatatud muna, kuivatatud peet (fruktooligosahhariidide (FOS) looduslik allikas), tselluloosikiud, naatriumpol\u00fcfosfaat 0,3%, saialilleekstrakt (luteiini looduslik allikas) 0,2%, mannooligosahhariidid (MOS) 0,1%, Yucca schidigera (t\u00e4\u00e4kliilia) ekstrakt 0,1%, beeta-1,3\/1,6-gl\u00fckaan 0,1%, gl\u00fckoosamiinsulfaat 0,06%, kondroitiinsulfaat 0,05%. <br \/>&#13;<br \/>\n<br \/>&#13;<br \/>\n<b>Anal\u00fc\u00fctilised koostisosad<\/b><br \/>&#13;<br \/>\nToorvalk 25,0%, toorrasv 18,0%, toorkiud 4,5%, toortuhk 8,8%, niiskus 10,0%.<br \/>&#13;<br \/>\n<br \/>&#13;<br \/>\n<b>S\u00f6\u00f6dalisandid<\/b><br \/>&#13;<br \/>\nToitainelised lisandid: A-vitamiin 12 000 R\u00dc, D3-vitamiin 640 R\u00dc, E-vitamiin 520 mg, C-vitamiin 80 mg, raud (raud (II) sulfaat monoh\u00fcdraat) 200 mg, tsink (tsinkoksiid) 100 mg, mangaan (mangaan (II) oksiid) 40 mg, vask (vask (II) sulfaat pentah\u00fcdraat) 12 mg, jood (kaetud granuleeritud veevaba kaltsiumjodaat) 0,9 mg, seleen (kaetud granuleeritud naatriumseleniit) 0,1 mg, tauriin 1 000 mg. Tehnoloogilised lisandid: antioks\u00fcdandid. Bakterifloora stabilisaatorid: Bacillus subtilis C-3102 (DSM 15544) min 1 x 109 cfu.<br \/>&#13;<br \/>\n<br \/>&#13;<br \/>\n<b>S\u00f6\u00f6tmisjuhend<\/b><br \/>&#13;<br \/>\nP\u00e4evane portsjon tuleb jagada 2-3 s\u00f6\u00f6gikorra vahel. Kohanda p\u00e4evane s\u00f6\u00f6dakogus vastavalt Sinu koera aktiivsuse tasemele, f\u00fc\u00fcsilisele vormile ja individuaalsetele vajadustele. S\u00f6\u00f6da soovitatavad p\u00e4evased kogused v\u00f5ivad s\u00f5ltuvalt koera individuaalsetest vajadustest muutuda. Koera suuremate pingutuste perioodil v\u00f5i talvel v\u00e4ljas viibimise korral tuleb s\u00f6\u00f6da kogust suurendada 10-15% v\u00f5rra. Soovitatav on koera tervislikku seisundit veterinaari juures korrap\u00e4raselt kontrollida. Hoida jahedas ja kuivas kohas, tihedalt suletud pakendis.<\/p>\n","protected":false},"excerpt":{"rendered":"<p>TropiDog probiootikumidega t\u00e4istoit suurt t\u00f5ugu koertele.<\/p>\n","protected":false},"featured_media":17547,"template":"","meta":[],"product_cat":[688,64],"product_tag":[],"class_list":{"0":"post-17546","1":"product","2":"type-product","3":"status-publish","4":"has-post-thumbnail","6":"product_cat-koerad","7":"product_cat-koeratoit","8":"pa_brand-tropidog","9":"pa_ean-2956","10":"pa_kaal-12-000","11":"pa_tootjariik-euroopa-liit","13":"first","14":"instock","15":"sale","16":"taxable","17":"shipping-taxable","18":"purchasable","19":"product-type-simple"},"_links":{"self":[{"href":"https:\/\/kasskoer.ee\/en\/wp-json\/wp\/v2\/product\/17546","targetHints":{"allow":["GET"]}}],"collection":[{"href":"https:\/\/kasskoer.ee\/en\/wp-json\/wp\/v2\/product"}],"about":[{"href":"https:\/\/kasskoer.ee\/en\/wp-json\/wp\/v2\/types\/product"}],"wp:featuredmedia":[{"embeddable":true,"href":"https:\/\/kasskoer.ee\/en\/wp-json\/wp\/v2\/media\/17547"}],"wp:attachment":[{"href":"https:\/\/kasskoer.ee\/en\/wp-json\/wp\/v2\/media?parent=17546"}],"wp:term":[{"taxonomy":"product_cat","embeddable":true,"href":"https:\/\/kasskoer.ee\/en\/wp-json\/wp\/v2\/product_cat?post=17546"},{"taxonomy":"product_tag","embeddable":true,"href":"https:\/\/kasskoer.ee\/en\/wp-json\/wp\/v2\/product_tag?post=17546"}],"curies":[{"name":"wp","href":"https:\/\/api.w.org\/{rel}","templated":true}]}}