{"id":17554,"date":"2026-04-20T03:05:20","date_gmt":"2026-04-20T00:05:20","guid":{"rendered":"https:\/\/kasskoer.ee\/product\/brit-gf-vet-gastrointestinal-low-fat-konserv-koerale-400g\/"},"modified":"2026-04-20T03:05:20","modified_gmt":"2026-04-20T00:05:20","slug":"brit-veterinary-diet-gastrointestinal-low-fat-konserv-koerale-400g","status":"publish","type":"product","link":"https:\/\/kasskoer.ee\/en\/toode\/brit-veterinary-diet-gastrointestinal-low-fat-konserv-koerale-400g\/","title":{"rendered":"Brit Veterinary Diet Gastrointestinal &#8211; Low Fat konserv koerale 400g"},"content":{"rendered":"<p><b>Brit Gastrointestinal &#8211; Low Fat t\u00e4isdieettoit rasvade imendumish\u00e4iretega koertele.<\/b><br \/>&#13;<br \/>\n<br \/>&#13;<br \/>\n<b>N\u00e4idustused<\/b>&#13;<\/p>\n<li>Toitaineline tugi pankreatiidi korral.<\/li>\n<p>&#13;<\/p>\n<li>Sobib koertele, kes p\u00f5evad triadiiti.<\/li>\n<p>&#13;<\/p>\n<li>V\u00e4hendab valgukaotusega enteropaatia s\u00fcmptomeid.<\/li>\n<p>&#13;<br \/>\n<br \/>&#13;<br \/>\n<b>Koostis<\/b><br \/>&#13;<br \/>\nTuunikala (40%), lamba magu (14%), rohelised herned (4%), \u00f5llep\u00e4rm (3%), hernejahu, lignotselluloos, kaltsiumkarbonaat, ps\u00fclliumi kestad ja seemned (0,5%), kuivatatud vetikad (0,5%, Ascophyllum nodosum), mannan-oligosahhariidid (0,005%), B-gl\u00fckaanid (0,005%), frukto-oligosahhariidid (0,004%), Mojave jukka (0,004%), kuivatatud astelpaju (0,004%).&#13;<br \/>\n<br \/>&#13;<br \/>\n<br \/><b>Anal\u00fc\u00fctilised koostisosad<\/b><br \/>&#13;<br \/>\nToorvalk 8,0%, toorrasv 2,0%, toortuhk 2,5%, niiskus 78,0%, toorkiud 1,3%, kogusuhkrud (NFE) 8,2%, kaltsium 0,3%, fosfor 0,3%, naatrium 0,2%, magneesium 0,07%, kaalium 0,3%, oomega-3 rasvhapped 0,2%, oomega-6 rasvhapped 0,2%.&#13;<br \/>\n<br \/>&#13;<br \/>\n<br \/><b>S\u00f6\u00f6dalisandid<\/b><br \/>&#13;<br \/>\nToitainelised lisandid: vitamiin A (3a672a) 5 000 R\u00dc, vitamiin D3 (3a671) 200 R\u00dc, vitamiin E (3a700) 250 mg, vitamiin C (3a312) 80 mg, biotiin (3a880) 0,5 mg, tsink (3b606) 30 mg, raud (3b106) 15 mg, mangaan (3b504) 18 mg, kaaliumjodiid (3b201) 1,0 mg, vask (3b406) 1,2 mg, seleen (3b810) 0,05 mg, L-karnitiin (3a910) 80 mg, tauriin (3a370) 500 mg, mononaatriumglutamaat (2b621) 3 000 mg, L-arginiin (3c361) 1 000 mg. Tehnoloogilised lisaained 1 kg kohta: jaanileivapuujahu (E 410) 5 000 mg, settekivimite linoptiloliit (1g568) 20 000 mg.<br \/>&#13;<br \/>\n<br \/><b>Metaboliseeruv energia<\/b><br \/>&#13;<br \/>\n840 kcal\/kg<br \/>&#13;<br \/>\n<br \/>&#13;<br \/>\n<b>S\u00f6\u00f6tmisjuhend<\/b><br \/>&#13;<br \/>\nKonsulteerige enne Brit VD toidu kasutamist oma veterinaararstiga. Kui kasutate koos kuivtoiduga Brit VD Dog Grain Free Gastrointestinal Low Fat, v\u00e4hendage p\u00e4evast annust vastavalt. Kergesti seeditav toit \u2013 seedeh\u00e4irete korral algselt kuni 12 n\u00e4dalat ja kroonilise pankrease puudulikkuse korral kogu eluks. K\u00f5igil juhtudel soovitatakse enne kasutamist v\u00f5i kasutusperioodi pikendamist konsulteerida veterinaararstiga. Tagage oma koerale pidev juurdep\u00e4\u00e4s v\u00e4rskele joogiveele.<br \/>&#13;<br \/>\n<br \/><b>Soovituslik p\u00e4evane kogus<\/b>&#13;<\/p>\n<figure class=\"table\">\n<table>\n<tbody>\n<tr>\n<td><strong>Koera kaal (kg)<\/strong><\/td>\n<td>5-10<\/td>\n<td>10-30<\/td>\n<td>30-60<\/td>\n<\/tr>\n<tr>\n<td><strong>P\u00e4evane kogus (g\/p\u00e4evas)<\/strong><\/td>\n<td>400-620<\/td>\n<td>620-1400<\/td>\n<td>1200-2200<\/td>\n<\/tr>\n<\/tbody>\n<\/table>\n<\/figure>\n","protected":false},"excerpt":{"rendered":"<p>Brit Veterinary madala rasvasisaldusega konserv seedetrakti h\u00e4iretega koertele.<\/p>\n","protected":false},"featured_media":17555,"template":"","meta":[],"product_cat":[688,106],"product_tag":[],"class_list":{"0":"post-17554","1":"product","2":"type-product","3":"status-publish","4":"has-post-thumbnail","6":"product_cat-koerad","7":"product_cat-konservid-koertele","8":"pa_brand-brit-gf-veterinary-diet","9":"pa_ean-2960","10":"pa_kaal-0-400","11":"pa_tootjariik-tsehhi","13":"first","14":"instock","15":"taxable","16":"shipping-taxable","17":"purchasable","18":"product-type-simple"},"_links":{"self":[{"href":"https:\/\/kasskoer.ee\/en\/wp-json\/wp\/v2\/product\/17554","targetHints":{"allow":["GET"]}}],"collection":[{"href":"https:\/\/kasskoer.ee\/en\/wp-json\/wp\/v2\/product"}],"about":[{"href":"https:\/\/kasskoer.ee\/en\/wp-json\/wp\/v2\/types\/product"}],"wp:featuredmedia":[{"embeddable":true,"href":"https:\/\/kasskoer.ee\/en\/wp-json\/wp\/v2\/media\/17555"}],"wp:attachment":[{"href":"https:\/\/kasskoer.ee\/en\/wp-json\/wp\/v2\/media?parent=17554"}],"wp:term":[{"taxonomy":"product_cat","embeddable":true,"href":"https:\/\/kasskoer.ee\/en\/wp-json\/wp\/v2\/product_cat?post=17554"},{"taxonomy":"product_tag","embeddable":true,"href":"https:\/\/kasskoer.ee\/en\/wp-json\/wp\/v2\/product_tag?post=17554"}],"curies":[{"name":"wp","href":"https:\/\/api.w.org\/{rel}","templated":true}]}}