{"id":17560,"date":"2026-04-20T03:05:20","date_gmt":"2026-04-20T00:05:20","guid":{"rendered":"https:\/\/kasskoer.ee\/product\/brit-veterinary-diet-hypoallergenic-monoprotein-tuna-konserv-koerale-400g\/"},"modified":"2026-04-20T03:05:21","modified_gmt":"2026-04-20T00:05:21","slug":"brit-veterinary-diet-hypoallergenic-monoprotein-tuna-konserv-koerale-400g","status":"publish","type":"product","link":"https:\/\/kasskoer.ee\/en\/toode\/brit-veterinary-diet-hypoallergenic-monoprotein-tuna-konserv-koerale-400g\/","title":{"rendered":"Brit Veterinary Diet Hypoallergenic Monoprotein Tuna konserv koerale 400g"},"content":{"rendered":"<p><b>Brit Veterinary Monoprotein Tuna t\u00e4isdieettoit koertele koostisainete ja toitainete talumatuse v\u00e4hendamiseks.<\/b><br \/>&#13;<\/p>\n<li>\u00dcks valguallikas &#8211; tuunikala koos minimaalse arvu koostisosadega, mis h\u00f5lbustab eliminatsioonidieedi j\u00e4rgimist.<\/li>\n<p>&#13;<\/p>\n<li>Vitamiinid ja mineraalid &#8211; toetavad immuuns\u00fcsteemi.<\/li>\n<p>&#13;<\/p>\n<li>Naha ja karvkatte tugi &#8211; oomega-3 rasvhapped aitavad hoida naha ja karvkatte tervist.<\/li>\n<p>&#13;<\/p>\n<li>Nahafunktsiooni toetamine dermatoosi ja liigse karvakaotuse korral.<\/li>\n<p>&#13;<br \/>\n<br \/>&#13;<br \/>\n<b>Koostis<\/b><br \/>&#13;<br \/>\nTuunikala (70%), bataat (4%), hernejahu (2%), lignotselluloos (0,7%), kaltsiumkarbonaat (0,3%), linaseemne\u00f5li (0,3%).&#13;<br \/>\n<br \/>&#13;<br \/>\n<br \/><b>Anal\u00fc\u00fctilised koostisosad<\/b><br \/>&#13;<br \/>\nToorvalk 9,0%, toorrasv 6,5%, toortuhk 2,2%, toorkiud 0,6%, niiskus 78,0%, kaltsium 0,3%, fosfor 0,2%, naatrium 0,4%, EPA (20:5 n-3) 0,2%, DHA (22:6 n-3) 0,8%, LA (18:2 n-6) 0,4%, oomega-3 rasvhapped 1,7%, oomega-6 rasvhapped 0,65%.&#13;<br \/>\n<br \/>&#13;<br \/>\n<br \/><b>S\u00f6\u00f6dalisandid<\/b><br \/>&#13;<br \/>\nToitainelised lisandid: vitamiin D3 (3a671) 250 R\u00dc, vitamiin E (3a700) 150 mg, vitamiin B1 (3a820) 1 mg, biotiin (3a880) 0,4 mg, tsink (3b612) 15 mg, mangaan (3b505) 3 mg, kaaliumjodiid (3b201) 0,7 mg, raud (3b107) 11 mg.<br \/>&#13;<br \/>\n<br \/><b>Metaboliseeruv energia<\/b><br \/>&#13;<br \/>\n1042 kcal\/kg<br \/>&#13;<br \/>\n<br \/>&#13;<br \/>\n<b>S\u00f6\u00f6tmisjuhend<\/b><br \/>&#13;<br \/>\nKonsulteerige enne Brit VD toidu kasutamist oma veterinaararstiga. Kui talumatuse s\u00fcmptomid kaovad, v\u00f5ib alguses s\u00f6\u00f6ta kuni \u00fche aasta. Dermatoosi ja karvade liigse v\u00e4ljalangemise korral kasutada alguses kuni 2 kuud. Anda lisaks alati v\u00e4rsket joogivett. Peale avamist hoida toodet k\u00fclmikus ja tarvitada \u00e4ra 3 p\u00e4eva jooksul.<\/p>\n","protected":false},"excerpt":{"rendered":"<p>Brit Veterinary h\u00fcpoallergeenne \u00fche valguallikaga konserv koertele.<\/p>\n","protected":false},"featured_media":17561,"template":"","meta":[],"product_cat":[688,106],"product_tag":[],"class_list":{"0":"post-17560","1":"product","2":"type-product","3":"status-publish","4":"has-post-thumbnail","6":"product_cat-koerad","7":"product_cat-konservid-koertele","8":"pa_brand-brit-gf-veterinary-diet","9":"pa_ean-2963","10":"pa_kaal-0-400","11":"pa_tootjariik-tsehhi","13":"first","14":"instock","15":"taxable","16":"shipping-taxable","17":"purchasable","18":"product-type-simple"},"_links":{"self":[{"href":"https:\/\/kasskoer.ee\/en\/wp-json\/wp\/v2\/product\/17560","targetHints":{"allow":["GET"]}}],"collection":[{"href":"https:\/\/kasskoer.ee\/en\/wp-json\/wp\/v2\/product"}],"about":[{"href":"https:\/\/kasskoer.ee\/en\/wp-json\/wp\/v2\/types\/product"}],"wp:featuredmedia":[{"embeddable":true,"href":"https:\/\/kasskoer.ee\/en\/wp-json\/wp\/v2\/media\/17561"}],"wp:attachment":[{"href":"https:\/\/kasskoer.ee\/en\/wp-json\/wp\/v2\/media?parent=17560"}],"wp:term":[{"taxonomy":"product_cat","embeddable":true,"href":"https:\/\/kasskoer.ee\/en\/wp-json\/wp\/v2\/product_cat?post=17560"},{"taxonomy":"product_tag","embeddable":true,"href":"https:\/\/kasskoer.ee\/en\/wp-json\/wp\/v2\/product_tag?post=17560"}],"curies":[{"name":"wp","href":"https:\/\/api.w.org\/{rel}","templated":true}]}}