{"id":17562,"date":"2026-04-20T03:05:20","date_gmt":"2026-04-20T00:05:20","guid":{"rendered":"https:\/\/kasskoer.ee\/product\/brit-veterinary-diet-gastrointestinal-low-fat-erisoot-koertele-2kg\/"},"modified":"2026-04-20T03:05:21","modified_gmt":"2026-04-20T00:05:21","slug":"brit-veterinary-diet-gastrointestinal-low-fat-erisoot-koertele-2kg","status":"publish","type":"product","link":"https:\/\/kasskoer.ee\/en\/toode\/brit-veterinary-diet-gastrointestinal-low-fat-erisoot-koertele-2kg\/","title":{"rendered":"Brit Veterinary Diet Gastrointestinal &#8211; Low Fat eris\u00f6\u00f6t koertele 2kg"},"content":{"rendered":"<p><b>Brit Gastrointestinal &#8211; Low Fat madala rasvasisaldusega t\u00e4isdieettoit seedetrakti h\u00e4iretega koertele.<\/b><br \/>&#13;<br \/>\n<br \/>&#13;<br \/>\n<b>N\u00e4idustused<\/b>&#13;<\/p>\n<li>Rasvade imendumish\u00e4ired.<\/li>\n<p>&#13;<\/p>\n<li>Soolte kaudu valgu kadumise enteropaatia.<\/li>\n<p>&#13;<\/p>\n<li>Pankreatiit.<\/li>\n<p>&#13;<\/p>\n<li>Triadiid.<\/li>\n<p>&#13;<\/p>\n<li>Seedeh\u00e4ired.<\/li>\n<p>&#13;<br \/>\n<br \/>&#13;<br \/>\n<b>Koostis<\/b><br \/>&#13;<br \/>\nKollased herned (35%), deh\u00fcdreeritud heeringas (20%), tatar, h\u00fcdrol\u00fc\u00fcsitud l\u00f5hevalk (12%), kuivatatud \u00f5una viljaliha, l\u00f5he\u00f5li (3%), munad (2%), h\u00fcdrol\u00fc\u00fcsitud l\u00f5hepuljong (2%), munakoored (kaltsiumi allikas), ps\u00fclliumi kestad ja seemned (1%), \u00f5llep\u00e4rm (1%), naatriumkloriid, hernejahu, kuivatatud vetikad (0,5%, Ascophyllum nodosum), kaaliumkloriid, p\u00e4rmiekstrakt (mannan-oligosahhariidide allikas, 0,025%), \u03b2-gl\u00fckaanid (0,022%), frukto-oligosahhariidid (0,02%), t\u00e4\u00e4kliilia (0,02%), kuivatatud astelpaju (0,015%), inaktiveeritud Lactobacillus helveticus HA-122 (15&#215;10\u2079 rakku\/kg).<br \/>&#13;<br \/>\n<br \/>&#13;<br \/>\n<b>Anal\u00fc\u00fctilised koostisosad<\/b><br \/>&#13;<br \/>\nToorvalk 24,0%, toorrasv 7,0%, toorkiud 1,5%, toortuhk 5,3%, niiskus 10,0%, \u00fcldsuhkrud (NFE j\u00e4rgi) 52,2%, oomega-3 rasvhapped 1,3%, oomega-6 rasvhapped 0,6%, kaltsium 0,9%, fosfor 0,6%, naatrium 0,5%, magneesium 0,09%, kaalium 0,7%.<\/b><br \/>&#13;<br \/>\n<br \/>&#13;<br \/>\n<b>S\u00f6\u00f6dalisandid (kg kohta)<\/b><br \/>&#13;<br \/>\nToitainelised lisandid: vitamiin A (3a672a) 22 000 R\u00dc, vitamiin D3 (3a671) 1 000 R\u00dc, vitamiin E (3a700) 1 000 mg, vitamiin C (3a312) 500 mg, koliinkloriid (3a890) 2 300 mg, biotiin (3a880) 2,4 mg, vitamiin B1 (3a821) 11 mg, vitamiin B2 (3a825i) 14 mg, niatsiinamiid (3a315) 94 mg, kaltsium-D-pantotenaat (3a841) 25 mg, vitamiin B6 (3a831) 7 mg, foolhape (3a316) 2,4 mg, vitamiin B12 0,16 mg, tsink (3b606) 140 mg, raud (3b106) 65 mg, mangaan (3b504) 75 mg, jood (3b201) 4,2 mg, vask (3b406) 5 mg, seleen (3b810) 0,2 mg, L-karnitiin (3a910) 350 mg, tauriin (3a370) 2 000 mg. Sisaldab ELis heakskiidetud antioks\u00fcdante: tokoferooliekstraktid taimsest \u00f5list (1b306(i)), askorb\u00fc\u00fclpalmitaat (1b304) ja rosmariiniekstrakt.<br \/>&#13;<br \/>\n<br \/>&#13;<br \/>\n<b>Metaboliseeruv energia<\/b><br \/>&#13;<br \/>\n3515 kcal\/kg<br \/>&#13;<br \/>\n<br \/>&#13;<br \/>\n<b>S\u00f6\u00f6tmisjuhend<\/b><br \/>&#13;<br \/>\nKonsulteerige enne Brit VD toidu kasutamist oma veterinaararstiga.  Serveeri toit kuivalt v\u00f5i leiges vees niisutatult. Soole imendumish\u00e4irete v\u00e4hendamiseks ja seedeh\u00e4irete korral kuni 12 n\u00e4dalat ning kroonilise pankrease puudulikkuse korral kogu elu. Jagage p\u00e4evane toidukogus v\u00e4iksemateks portsjoniteks ja serveerige p\u00e4eva jooksul. Tagage koerale ligip\u00e4\u00e4s v\u00e4rskele joogiveele kogu aeg.<br \/>&#13;<br \/>\n<br \/><b>Soovituslik p\u00e4evane kogus<\/b>&#13;<\/p>\n<figure class=\"table\">\n<table>\n<tbody>\n<tr>\n<td><strong>Koera kaal (kg)<\/strong><\/td>\n<td>2<\/td>\n<td>5<\/td>\n<td>10<\/td>\n<td>15<\/td>\n<td>20<\/td>\n<td>25<\/td>\n<td>30<\/td>\n<td>40<\/td>\n<td>50<\/td>\n<td>60<\/td>\n<td>70<\/td>\n<td>80<\/td>\n<\/tr>\n<tr>\n<td><strong>P\u00e4evane kogus kaalu langetamisel (g\/p\u00e4evas)<\/strong><\/td>\n<td>30<\/td>\n<td>70<\/td>\n<td>120<\/td>\n<td>160<\/td>\n<td>200<\/td>\n<td>230<\/td>\n<td>270<\/td>\n<td>330<\/td>\n<td>390<\/td>\n<td>450<\/td>\n<td>500<\/td>\n<td>560<\/td>\n<\/tr>\n<tr>\n<td><strong>P\u00e4evane kogus kaalu s\u00e4ilitamisel (g\/p\u00e4evas)<\/strong><\/td>\n<td>40<\/td>\n<td>90<\/td>\n<td>140<\/td>\n<td>190<\/td>\n<td>230<\/td>\n<td>270<\/td>\n<td>310<\/td>\n<td>390<\/td>\n<td>450<\/td>\n<td>520<\/td>\n<td>590<\/td>\n<td>650<\/td>\n<\/tr>\n<\/tbody>\n<\/table>\n<\/figure>\n","protected":false},"excerpt":{"rendered":"<p>Brit Veterinary madala rasvasisaldusega t\u00e4istoit seedetrakti h\u00e4iretega koertele.<\/p>\n","protected":false},"featured_media":17563,"template":"","meta":[],"product_cat":[688,64],"product_tag":[],"class_list":{"0":"post-17562","1":"product","2":"type-product","3":"status-publish","4":"has-post-thumbnail","6":"product_cat-koerad","7":"product_cat-koeratoit","8":"pa_brand-brit-gf-veterinary-diet","9":"pa_ean-2964","10":"pa_kaal-2-000","11":"pa_tootjariik-tsehhi","13":"first","14":"instock","15":"taxable","16":"shipping-taxable","17":"purchasable","18":"product-type-simple"},"_links":{"self":[{"href":"https:\/\/kasskoer.ee\/en\/wp-json\/wp\/v2\/product\/17562","targetHints":{"allow":["GET"]}}],"collection":[{"href":"https:\/\/kasskoer.ee\/en\/wp-json\/wp\/v2\/product"}],"about":[{"href":"https:\/\/kasskoer.ee\/en\/wp-json\/wp\/v2\/types\/product"}],"wp:featuredmedia":[{"embeddable":true,"href":"https:\/\/kasskoer.ee\/en\/wp-json\/wp\/v2\/media\/17563"}],"wp:attachment":[{"href":"https:\/\/kasskoer.ee\/en\/wp-json\/wp\/v2\/media?parent=17562"}],"wp:term":[{"taxonomy":"product_cat","embeddable":true,"href":"https:\/\/kasskoer.ee\/en\/wp-json\/wp\/v2\/product_cat?post=17562"},{"taxonomy":"product_tag","embeddable":true,"href":"https:\/\/kasskoer.ee\/en\/wp-json\/wp\/v2\/product_tag?post=17562"}],"curies":[{"name":"wp","href":"https:\/\/api.w.org\/{rel}","templated":true}]}}