{"id":17564,"date":"2026-04-20T03:05:20","date_gmt":"2026-04-20T00:05:20","guid":{"rendered":"https:\/\/kasskoer.ee\/product\/brit-veterinary-diet-ultra-hypoallergenic-erisoot-kassidele-2kg\/"},"modified":"2026-04-20T03:05:21","modified_gmt":"2026-04-20T00:05:21","slug":"brit-veterinary-diet-ultra-hypoallergenic-erisoot-kassidele-2kg","status":"publish","type":"product","link":"https:\/\/kasskoer.ee\/en\/toode\/brit-veterinary-diet-ultra-hypoallergenic-erisoot-kassidele-2kg\/","title":{"rendered":"Brit Veterinary Diet Ultra-Hypoallergenic eris\u00f6\u00f6t kassidele 2kg"},"content":{"rendered":"<p><b>Brit Ultra-Hypoallergenic putukavalguga t\u00e4isdieettoit toidutalumatuse v\u00e4hendamiseks kassidele.<\/b><br \/>&#13;<br \/>\n<br \/>&#13;<br \/>\n<b>N\u00e4idustused<\/b>&#13;<\/p>\n<li>Toiduallergiatest p\u00f5hjustatud naha- ja seedes\u00fcmptomite leevendamine.<\/li>\n<p>&#13;<\/p>\n<li>Atoopiliste ja s\u00fcgelevate nahahaiguste s\u00fcmptomite v\u00e4hendamine.<\/li>\n<p>&#13;<\/p>\n<li>Naha vastupanuv\u00f5ime ja immuuns\u00fcsteemi tugevdamine.<\/li>\n<p>&#13;<\/p>\n<li>P\u00f5letikuliste nahahaiguste paranemise toetamine.<\/li>\n<p>&#13;<br \/>\n<br \/>&#13;<br \/>\n<b>Koostis<\/b><br \/>&#13;<br \/>\nKuivatatud putukad (30%), kollased herned, kuivatatud \u00f5una viljaliha, kookos\u00f5li, hernevalk, linaseemned (4%), kaltsiumkarbonaat, kuivatatud vetikad (2,5%, Schizochytrium limacinum), hernejahu, h\u00fcdrol\u00fc\u00fcsitud p\u00e4rmid (0,5% &#8211; inositooli ja aminohapete allikas), p\u00e4rmiekstrakt (mannan-oligosahhariidide allikas, 0,02%), \u03b2-gl\u00fckaanid (0,02%), kuivatatud astelpaju (0,015%), frukto-oligosahhariidid (0,013%), t\u00e4\u00e4kliilia (0,013%), inaktiveeritud Lactobacillus helveticus HA \u2013 122 (15&#215;10\u2079 rakku\/kg).&#13;<br \/>\n<br \/>&#13;<br \/>\n<br \/><b>Anal\u00fc\u00fctilised koostisosad<\/b><br \/>&#13;<br \/>\nToorvalk 30,0%, toorrasv 15,0%, toorkiud 2,0%, toortuhk 5,5%, niiskus 10,0%, oomega-3 rasvhapped 1,4%, oomega-6 rasvhapped 0,9%, EPA (20:5 n-3) 0,25%, DHA (22:6 n-3) 0,35%, LA (18:2 n-6) 2,2%, kaltsium 0,9%, fosfor 0,5%, naatrium 0,9%, magneesium 0,1%.&#13;<br \/>\n<br \/>&#13;<br \/>\n<br \/><b>S\u00f6\u00f6dalisandid<\/b><br \/>&#13;<br \/>\nToitainelised lisandid: vitamiin A (3a672a) 24 000 R\u00dc, vitamiin D\u2083 (3a671) 850 R\u00dc, vitamiin E (3a700) 1 000 mg, vitamiin C (3a312) 300 mg, koliinkloriid (3a890) 2 300 mg, biotiin (3a880) 3 mg, vitamiin B\u2081 (3a821) 10 mg, vitamiin B\u2082 (3a825i) 30 mg, niatsiinamiid (3a315) 60 mg, kaltsium-D-pantotenaat (3a841) 50 mg, vitamiin B\u2086 (3a831) 35 mg, foolhape (3a316) 15 mg, vitamiin B\u2081\u2082 0,15 mg, tsink (3b606) 110 mg, raud (3b106) 55 mg, mangaan (3b504) 35 mg, jood (3b201) 3 mg, vask (3b406) 3 mg, seleen (3b810) 0,2 mg, tauriin (3a370) 2 300 mg, L-karnitiin (3a910) 600 mg, L-metioniin (3c305) 6 000 mg.<br \/>&#13;<br \/>\n<br \/><b>Metaboliseeruv energia<\/b><br \/>&#13;<br \/>\n3850 kcal\/kg<br \/>&#13;<br \/>\n<br \/>&#13;<br \/>\n<b>S\u00f6\u00f6tmisjuhend<\/b><br \/>&#13;<br \/>\nEnne kasutamist v\u00f5i kasutusperioodi pikendamist konsulteerida veterinaararstiga. Toit sisaldab k\u00f5rget linoolhappe (LA) ning eikosapentaeenhappe (EPA) ja dokosaheksaeenhappe (DHA) taset. Toitu v\u00f5ib anda kuivalt v\u00f5i leige veega niisutatult. Kasutusaeg: 3\u20138 n\u00e4dalat. Kui s\u00fcmptomid kaovad, v\u00f5ib toitu kasutada kuni 1 aasta. Dermatoosi ja liigse karvakaotuse korral kasutada algselt kuni 2 kuud. Tagada kassile pidev juurdep\u00e4\u00e4s v\u00e4rskele joogiveele.<br \/>&#13;<br \/>\n<br \/>&#13;<br \/>\n<b>Soovituslik p\u00e4evane kogus<\/b>&#13;<\/p>\n<figure class=\"table\">\n<table>\n<tbody>\n<tr>\n<td><strong>Kassi kaal (kg)<\/strong><\/td>\n<td>2<\/td>\n<td>3<\/td>\n<td>4<\/td>\n<td>5<\/td>\n<td>6<\/td>\n<td>8<\/td>\n<td>10<\/td>\n<td>12<\/td>\n<\/tr>\n<tr>\n<td><strong>P\u00e4evane kogus (g\/p\u00e4evas)<\/strong><\/td>\n<td>50<\/td>\n<td>55<\/td>\n<td>60<\/td>\n<td>75<\/td>\n<td>80<\/td>\n<td>90<\/td>\n<td>100<\/td>\n<td>110<\/td>\n<\/tr>\n<\/tbody>\n<\/table>\n<\/figure>\n","protected":false},"excerpt":{"rendered":"<p>Brit Veterinary h\u00fcpoallergeenne kassitoit.<\/p>\n","protected":false},"featured_media":17565,"template":"","meta":[],"product_cat":[689,75],"product_tag":[],"class_list":{"0":"post-17564","1":"product","2":"type-product","3":"status-publish","4":"has-post-thumbnail","6":"product_cat-kassid","7":"product_cat-kassitoit","8":"pa_brand-brit-gf-veterinary-diet","9":"pa_ean-2965","10":"pa_kaal-2-000","11":"pa_tootjariik-tsehhi","13":"first","14":"instock","15":"taxable","16":"shipping-taxable","17":"purchasable","18":"product-type-simple"},"_links":{"self":[{"href":"https:\/\/kasskoer.ee\/en\/wp-json\/wp\/v2\/product\/17564","targetHints":{"allow":["GET"]}}],"collection":[{"href":"https:\/\/kasskoer.ee\/en\/wp-json\/wp\/v2\/product"}],"about":[{"href":"https:\/\/kasskoer.ee\/en\/wp-json\/wp\/v2\/types\/product"}],"wp:featuredmedia":[{"embeddable":true,"href":"https:\/\/kasskoer.ee\/en\/wp-json\/wp\/v2\/media\/17565"}],"wp:attachment":[{"href":"https:\/\/kasskoer.ee\/en\/wp-json\/wp\/v2\/media?parent=17564"}],"wp:term":[{"taxonomy":"product_cat","embeddable":true,"href":"https:\/\/kasskoer.ee\/en\/wp-json\/wp\/v2\/product_cat?post=17564"},{"taxonomy":"product_tag","embeddable":true,"href":"https:\/\/kasskoer.ee\/en\/wp-json\/wp\/v2\/product_tag?post=17564"}],"curies":[{"name":"wp","href":"https:\/\/api.w.org\/{rel}","templated":true}]}}