{"id":17566,"date":"2026-04-20T03:05:20","date_gmt":"2026-04-20T00:05:20","guid":{"rendered":"https:\/\/kasskoer.ee\/product\/brit-veterinary-diet-gastrointestinal-low-fat-erisoot-kassidele-2kg\/"},"modified":"2026-04-20T03:05:21","modified_gmt":"2026-04-20T00:05:21","slug":"brit-veterinary-diet-gastrointestinal-low-fat-erisoot-kassidele-2kg","status":"publish","type":"product","link":"https:\/\/kasskoer.ee\/en\/toode\/brit-veterinary-diet-gastrointestinal-low-fat-erisoot-kassidele-2kg\/","title":{"rendered":"Brit Veterinary Diet Gastrointestinal &#8211; Low Fat eris\u00f6\u00f6t kassidele 2kg"},"content":{"rendered":"<p><b>Brit Gastrointestinal &#8211; Low Fat madala rasvasisaldusega t\u00e4isdieettoit seedetrakti h\u00e4iretega kassidele.<\/b><br \/>&#13;<br \/>\n<br \/>&#13;<br \/>\n<b>N\u00e4idustused<\/b>&#13;<\/p>\n<li>Seedetrakti h\u00e4ired (k\u00f5hulahtisus, oksendamine).<\/li>\n<p>&#13;<\/p>\n<li>Seedes\u00fcsteemi rahustamine p\u00e4rast k\u00f5hulahtisuse v\u00f5i oksendamise episoode.<\/li>\n<p>&#13;<\/p>\n<li>\u00c4ge ja krooniline pankreatiit.<\/li>\n<p>&#13;<\/p>\n<li>Pankrease eksokriinne puudulikkus (EPI).<\/li>\n<p>&#13;<\/p>\n<li>Seedeh\u00e4ired.<\/li>\n<p>&#13;<\/p>\n<li>K\u00f5hupuhitus.<\/li>\n<p>&#13;<br \/>\n<br \/>&#13;<br \/>\n<b>Koostis<\/b><br \/>&#13;<br \/>\nKollased herned (30%), kuivatatud heeringas (26%), tatar, h\u00fcdrol\u00fc\u00fcsitud l\u00f5hevalk (10%), munad (4%), kuivatatud \u00f5una viljaliha, l\u00f5he\u00f5li (3%), kaste h\u00fcdrol\u00fc\u00fcsitud l\u00f5hest (2%), naatriumkloriid, munakoored (kaltsiumi allikas), ps\u00fclliumi kestad ja seemned (1%), \u00f5llep\u00e4rm (1%), hernejahu, kuivatatud vetikad (0,5%, Ascophyllum nodosum), kaaliumkloriid, p\u00e4rmiekstrakt (mannan-oligosahhariidide allikas, 0,025%), \u03b2-gl\u00fckaanid (0,022%), frukto-oligosahhariidid (0,02%), t\u00e4\u00e4kliilia (0,02%), kuivatatud astelpaju (0,015%), inaktiveeritud Lactobacillus helveticus HA \u2013 122 (15&#215;10\u2079 rakku\/kg).&#13;<br \/>\n<br \/>&#13;<br \/>\n<br \/><b>Anal\u00fc\u00fctilised koostisosad<\/b><br \/>&#13;<br \/>\nToorvalk 32,0%, toorrasv 8,0%, toorkiud 1,8%, toortuhk 7,2%, niiskus 10,0%, kogusuhkrud (NFE) 42,2%, oomega-3 rasvhapped 1,3%, oomega-6 rasvhapped 0,6%, kaltsium 1,0%, fosfor 0,7%, naatrium 0,5%, magneesium 0,1%, kaalium 0,8%.&#13;<br \/>\n<br \/>&#13;<br \/>\n<br \/><b>S\u00f6\u00f6dalisandid<\/b><br \/>&#13;<br \/>\nToitainelised lisandid: vitamiin A (3a672a) 25 000 R\u00dc, vitamiin D3 (3a671) 850 R\u00dc, vitamiin E (3a700) 1 000 mg, vitamiin C (3a312) 300 mg, koliinkloriid (3a890) 2 300 mg, biotiin (3a880) 3 mg, vitamiin B1 (3a821) 10 mg, vitamiin B2 (3a825i) 50 mg, niatsiinamiid (3a315) 80 mg, kaltsium-D-pantotenaat (3a841) 50 mg, vitamiin B6 (3a831) 35 mg, foolhape (3a316) 15 mg, vitamiin B12 0,18 mg, tsink (3b606) 120 mg, raud (3b106) 60 mg, mangaan (3b504) 60 mg, jood (3b201) 4 mg, vask (3b406) 3,5 mg, seleen (3b810) 0,2 mg, tauriin (3a370) 2 300 mg, L-karnitiin (3a910) 240 mg, L-metioniin (3c305) 4 000 mg.<br \/>&#13;<br \/>\n<br \/><b>Metaboliseeruv energia<\/b><br \/>&#13;<br \/>\n3490 kcal\/kg<br \/>&#13;<br \/>\n<br \/>&#13;<br \/>\n<b>S\u00f6\u00f6tmisjuhend<\/b><br \/>&#13;<br \/>\nKonsulteerige enne Brit VD toidu kasutamist oma veterinaararstiga. \u00c4gedate imendumish\u00e4irete korral andke kassile 1\u20133 n\u00e4dalat ainult kassitoitu Brit VD Gastrointestinal &#8211; Low Fat ja vett. Krooniliste seedetrakti h\u00e4irete korral tuleb seda kasutada elu l\u00f5puni.<br \/>&#13;<br \/>\n<br \/>&#13;<br \/>\n<b>Soovituslik p\u00e4evane kogus<\/b>&#13;<\/p>\n<figure class=\"table\">\n<table>\n<tbody>\n<tr>\n<td><strong>Kassi kaal (kg)<\/strong><\/td>\n<td>2<\/td>\n<td>3<\/td>\n<td>4<\/td>\n<td>5<\/td>\n<td>6<\/td>\n<td>8<\/td>\n<td>10<\/td>\n<td>12<\/td>\n<\/tr>\n<tr>\n<td><strong>P\u00e4evane kogus kaalu langetamisel (g\/p\u00e4evas)<\/strong><\/td>\n<td>30<\/td>\n<td>40<\/td>\n<td>45<\/td>\n<td>55<\/td>\n<td>70<\/td>\n<td>80<\/td>\n<td>90<\/td>\n<td>100<\/td>\n<\/tr>\n<tr>\n<td><strong>P\u00e4evane kogus kaalu s\u00e4ilitamisel (g\/p\u00e4evas)<\/strong><\/td>\n<td>40<\/td>\n<td>55<\/td>\n<td>70<\/td>\n<td>80<\/td>\n<td>90<\/td>\n<td>100<\/td>\n<td>110<\/td>\n<td>120<\/td>\n<\/tr>\n<\/tbody>\n<\/table>\n<\/figure>\n","protected":false},"excerpt":{"rendered":"<p>Brit Veterinary madala rasvasisaldusega t\u00e4istoit seedetrakti h\u00e4iretega kassidele.<\/p>\n","protected":false},"featured_media":17567,"template":"","meta":[],"product_cat":[689,75],"product_tag":[],"class_list":{"0":"post-17566","1":"product","2":"type-product","3":"status-publish","4":"has-post-thumbnail","6":"product_cat-kassid","7":"product_cat-kassitoit","8":"pa_brand-brit-gf-veterinary-diet","9":"pa_ean-2966","10":"pa_kaal-2-000","11":"pa_tootjariik-tsehhi","13":"first","14":"instock","15":"taxable","16":"shipping-taxable","17":"purchasable","18":"product-type-simple"},"_links":{"self":[{"href":"https:\/\/kasskoer.ee\/en\/wp-json\/wp\/v2\/product\/17566","targetHints":{"allow":["GET"]}}],"collection":[{"href":"https:\/\/kasskoer.ee\/en\/wp-json\/wp\/v2\/product"}],"about":[{"href":"https:\/\/kasskoer.ee\/en\/wp-json\/wp\/v2\/types\/product"}],"wp:featuredmedia":[{"embeddable":true,"href":"https:\/\/kasskoer.ee\/en\/wp-json\/wp\/v2\/media\/17567"}],"wp:attachment":[{"href":"https:\/\/kasskoer.ee\/en\/wp-json\/wp\/v2\/media?parent=17566"}],"wp:term":[{"taxonomy":"product_cat","embeddable":true,"href":"https:\/\/kasskoer.ee\/en\/wp-json\/wp\/v2\/product_cat?post=17566"},{"taxonomy":"product_tag","embeddable":true,"href":"https:\/\/kasskoer.ee\/en\/wp-json\/wp\/v2\/product_tag?post=17566"}],"curies":[{"name":"wp","href":"https:\/\/api.w.org\/{rel}","templated":true}]}}