{"id":17570,"date":"2026-04-20T03:05:35","date_gmt":"2026-04-20T00:05:35","guid":{"rendered":"https:\/\/kasskoer.ee\/product\/chicopee-gourmet-special-duck-chicken-konserv-kassidele-195g\/"},"modified":"2026-04-20T03:05:36","modified_gmt":"2026-04-20T00:05:36","slug":"chicopee-gourmet-special-duck-chicken-konserv-kassidele-195g","status":"publish","type":"product","link":"https:\/\/kasskoer.ee\/en\/toode\/chicopee-gourmet-special-duck-chicken-konserv-kassidele-195g\/","title":{"rendered":"Chicopee Gourmet Special Duck &#038; Chicken konserv kassidele 195g"},"content":{"rendered":"<p><b>Chicopee pardi- ja kanalihaga konserv gurmaanidele. T\u00e4iss\u00f6\u00f6t t\u00e4iskasvanud kassidele.<\/b><br \/>&#13;<\/p>\n<li>94% pardiliha, kanaliha ja pardipuljong.<\/li>\n<p>&#13;<\/p>\n<li>6% v\u00e4\u00e4rtuslikke koostisosi.<\/li>\n<p>&#13;<\/p>\n<li>0% gluteeni sisaldavaid teravilju.<\/li>\n<p>&#13;<br \/>\n<br \/>&#13;<br \/>\n<b>Koostis<\/b><br \/>&#13;<br \/>\n41% part (liha, maksa, s\u00fcdame ja kaela segu), pardipuljong (27%), 26% kana (liha, maksa, s\u00fcdame ja kaela segu), porgandid (4%), riisijahu (1%), mineraalid (1%).<br \/>&#13;<br \/>\n<br \/>&#13;<br \/>\n<b>Anal\u00fc\u00fctilised koostisosad<\/b><br \/>&#13;<br \/>\nToorvalk 9.0 %, toorrasv 6.0 %, toortuhk 2.5 %, toorkiud 0.2 %, niiskus 78.0 %.<br \/>&#13;<br \/>\n<br \/>&#13;<br \/>\n<b>S\u00f6\u00f6dalisandid<\/b><br \/>&#13;<br \/>\nToitainelised lisandid kg kohta: D-vitamiin (D3) 250 R\u00dc, E-vitamiin 25 mg, tauriin 450 mg, tsink (tsinkoksiidina) 20 mg, jood (kaltsiumjodaat, veevaba) 0,75 mg. Tehnoloogilised lisandid: kassiakumm 2500 mg\/kg.<br \/>&#13;<br \/>\n<br \/>&#13;<br \/>\n<b>S\u00f6\u00f6tmisjuhend<\/b><br \/>&#13;<br \/>\nS\u00f6\u00f6ta toatemperatuuril. Avatuna s\u00e4ilitada k\u00fclmkapis. Soovituslikud s\u00f6\u00f6tmisnormid vaata pakendil olevast tabelist. Individuaalsed vajadused s\u00f5ltuvad teguritest nagu vanus, t\u00f5ug, aktiivsus ja elamistingimused. V\u00e4rske vesi peab alati olema saadaval.<\/p>\n","protected":false},"excerpt":{"rendered":"<p>Chicopee pardi- ja kanalihaga konserv t\u00e4iskasvanud kassidele.<\/p>\n","protected":false},"featured_media":17571,"template":"","meta":[],"product_cat":[689,33],"product_tag":[],"class_list":{"0":"post-17570","1":"product","2":"type-product","3":"status-publish","4":"has-post-thumbnail","6":"product_cat-kassid","7":"product_cat-konservid-kassidele","8":"pa_brand-chicopee","9":"pa_ean-2968","10":"pa_kaal-0-195","11":"pa_tootjariik-saksamaa","13":"first","14":"instock","15":"taxable","16":"shipping-taxable","17":"purchasable","18":"product-type-simple"},"_links":{"self":[{"href":"https:\/\/kasskoer.ee\/en\/wp-json\/wp\/v2\/product\/17570","targetHints":{"allow":["GET"]}}],"collection":[{"href":"https:\/\/kasskoer.ee\/en\/wp-json\/wp\/v2\/product"}],"about":[{"href":"https:\/\/kasskoer.ee\/en\/wp-json\/wp\/v2\/types\/product"}],"wp:featuredmedia":[{"embeddable":true,"href":"https:\/\/kasskoer.ee\/en\/wp-json\/wp\/v2\/media\/17571"}],"wp:attachment":[{"href":"https:\/\/kasskoer.ee\/en\/wp-json\/wp\/v2\/media?parent=17570"}],"wp:term":[{"taxonomy":"product_cat","embeddable":true,"href":"https:\/\/kasskoer.ee\/en\/wp-json\/wp\/v2\/product_cat?post=17570"},{"taxonomy":"product_tag","embeddable":true,"href":"https:\/\/kasskoer.ee\/en\/wp-json\/wp\/v2\/product_tag?post=17570"}],"curies":[{"name":"wp","href":"https:\/\/api.w.org\/{rel}","templated":true}]}}