{"id":17572,"date":"2026-04-20T03:05:20","date_gmt":"2026-04-20T00:05:20","guid":{"rendered":"https:\/\/kasskoer.ee\/product\/brit-veterinary-diet-calm-stress-relief-erisoot-kassidele-2kg\/"},"modified":"2026-04-20T03:05:21","modified_gmt":"2026-04-20T00:05:21","slug":"brit-veterinary-diet-calm-stress-relief-erisoot-kassidele-2kg","status":"publish","type":"product","link":"https:\/\/kasskoer.ee\/en\/toode\/brit-veterinary-diet-calm-stress-relief-erisoot-kassidele-2kg\/","title":{"rendered":"Brit Veterinary Diet Calm &#038; Stress Relief eris\u00f6\u00f6t kassidele 2kg"},"content":{"rendered":"<p><b>Brit Calm &#038; Stress Relief t\u00e4isdieettoit stressiga seotud probleemide korral.<\/b><br \/>&#13;<br \/>\n<br \/>&#13;<br \/>\n<b>N\u00e4idustused<\/b>&#13;<\/p>\n<li>Stressiga seotud kuseteede h\u00e4irete, \u00e4revuse ja k\u00e4itumish\u00e4irete v\u00e4hendamine.<\/li>\n<p>&#13;<\/p>\n<li>Struviitkivide lahustamine.<\/li>\n<p>&#13;<\/p>\n<li>Kuseteede haigused.<\/li>\n<p>&#13;<\/p>\n<li>Kuseteede bakteriaalsed infektsioonid.<\/li>\n<p>&#13;<\/p>\n<li>Soole mikrobioomi toetamine.<\/li>\n<p>&#13;<br \/>\n<br \/>&#13;<br \/>\n<b>Koostis<\/b><br \/>&#13;<br \/>\nKollased herned, kuivatatud l\u00f5he (26%), hernevalk, h\u00fcdrol\u00fc\u00fcsitud linnuliha valk (10%), vadak (5%), lignotselluloos, kanarasv, h\u00fcdrol\u00fc\u00fcsitud kanamaks, l\u00f5he\u00f5li (2%), ps\u00fclliumi kestad ja seemned (1%), kaltsiumsulfaat (0,7%, uriini hapestav aine), p\u00e4rmiekstrakt (mannan-oligosahhariidide allikas, 0,022%), \u03b2-gl\u00fckaanid (0,02%), frukto-oligosahhariidid (0,02%), t\u00e4\u00e4kliilia (0,02%), kuivatatud astelpaju (0,015%), inaktiveeritud Lactobacillus helveticus HA \u2013 122 (15&#215;10\u2079 rakku\/kg).&#13;<br \/>\n<br \/>&#13;<br \/>\n<br \/><b>Anal\u00fc\u00fctilised koostisosad<\/b><br \/>&#13;<br \/>\nToorvalk 36,0%, toorrasv 11,0%, toorkiud 4,0%, toortuhk 8,4%, niiskus 10,0%, oomega-3 rasvhapped 1,0%, oomega-6 rasvhapped 1,3%, kaltsium 1,0%, fosfor 0,8%, naatrium 1,3%, magneesium 0,06%, kaalium 0,6%, kloriidid 1,8%, v\u00e4\u00e4vel 0,6%, tauriin 0,23%, h\u00fcdroks\u00fcproliin 0,4%, vitamiin D 500 R\u00dc\/kg, metioniin 1,0%.&#13;<br \/>\n<br \/>&#13;<br \/>\n<br \/><b>S\u00f6\u00f6dalisandid<\/b><br \/>&#13;<br \/>\nToitainelised lisandid: Vitamiin A (3a672a) 25 000 R\u00dc, vitamiin D3 (3a671) 500 R\u00dc, vitamiin E (3a700) 1 000 mg, koliinkloriid (3a890) 2 300 mg, biotiin (3a880) 3 mg, vitamiin B1 (3a821) 10 mg, vitamiin B2 (3a825i) 30 mg, niatsiinamiid (3a315) 100 mg, kaltsium-D-pantotenaat (3a841) 60 mg, vitamiin B6 (3a831) 35 mg, foolhape (3a316) 15 mg, vitamiin B12 0,18 mg, tsink (3b606) 120 mg, raud (3b106) 60 mg, mangaan (3b504) 60 mg, jood (3b201) 4 mg, vask (3b406) 3,5 mg, seleen (3b810) 0,2 mg, tauriin (3a370) 2 300 mg, L-karnitiin (3a910) 238 mg, L-metioniin (3c305) 4 000 mg, L-tr\u00fcptofaan (3c440) 4 400 mg.<br \/>&#13;<br \/>\n<br \/><b>Metaboliseeruv energia<\/b><br \/>&#13;<br \/>\n3520 kcal\/kg<br \/>&#13;<br \/>\n<br \/>&#13;<br \/>\n<b>S\u00f6\u00f6tmisjuhend<\/b><br \/>&#13;<br \/>\nKonsulteerige Brit VD dieettoidu kasutamisel oma veterinaararstiga. Toidul on uriini k\u00fcllastamatust ja hapestamist soodustavad omadused struviitkivide lahustamiseks. Serveeri kuivalt v\u00f5i leige veega niisutatult. Kasutage struviitkivide lahustamiseks algselt 5\u201312 n\u00e4dalat ja kuni 6 kuud nende kordumise v\u00e4ltimiseks. Soovitatav on veterinaararsti n\u00f5u enne kasutamist v\u00f5i kasutusperioodi pikendamist. Tagage kassile pidev juurdep\u00e4\u00e4s v\u00e4rskele joogiveele.<br \/>&#13;<br \/>\n<br \/>&#13;<br \/>\n<b>Soovituslik p\u00e4evane kogus<\/b>&#13;<\/p>\n<figure class=\"table\">\n<table>\n<tbody>\n<tr>\n<td><strong>Kassi kaal (kg)<\/strong><\/td>\n<td>2<\/td>\n<td>3<\/td>\n<td>4<\/td>\n<td>5<\/td>\n<td>6<\/td>\n<td>8<\/td>\n<td>10<\/td>\n<td>12<\/td>\n<\/tr>\n<tr>\n<td><strong>P\u00e4evane kogus (g\/p\u00e4evas)<\/strong><\/td>\n<td>40<\/td>\n<td>50<\/td>\n<td>60<\/td>\n<td>70<\/td>\n<td>85<\/td>\n<td>100<\/td>\n<td>110<\/td>\n<td>120<\/td>\n<\/tr>\n<\/tbody>\n<\/table>\n<\/figure>\n","protected":false},"excerpt":{"rendered":"<p>Brit Veterinary stressi maandamist toetav kassitoit.<\/p>\n","protected":false},"featured_media":17573,"template":"","meta":[],"product_cat":[689,75],"product_tag":[],"class_list":{"0":"post-17572","1":"product","2":"type-product","3":"status-publish","4":"has-post-thumbnail","6":"product_cat-kassid","7":"product_cat-kassitoit","8":"pa_brand-brit-gf-veterinary-diet","9":"pa_ean-2969","10":"pa_kaal-2-000","11":"pa_tootjariik-tsehhi","13":"first","14":"instock","15":"taxable","16":"shipping-taxable","17":"purchasable","18":"product-type-simple"},"_links":{"self":[{"href":"https:\/\/kasskoer.ee\/en\/wp-json\/wp\/v2\/product\/17572","targetHints":{"allow":["GET"]}}],"collection":[{"href":"https:\/\/kasskoer.ee\/en\/wp-json\/wp\/v2\/product"}],"about":[{"href":"https:\/\/kasskoer.ee\/en\/wp-json\/wp\/v2\/types\/product"}],"wp:featuredmedia":[{"embeddable":true,"href":"https:\/\/kasskoer.ee\/en\/wp-json\/wp\/v2\/media\/17573"}],"wp:attachment":[{"href":"https:\/\/kasskoer.ee\/en\/wp-json\/wp\/v2\/media?parent=17572"}],"wp:term":[{"taxonomy":"product_cat","embeddable":true,"href":"https:\/\/kasskoer.ee\/en\/wp-json\/wp\/v2\/product_cat?post=17572"},{"taxonomy":"product_tag","embeddable":true,"href":"https:\/\/kasskoer.ee\/en\/wp-json\/wp\/v2\/product_tag?post=17572"}],"curies":[{"name":"wp","href":"https:\/\/api.w.org\/{rel}","templated":true}]}}