{"id":17577,"date":"2026-04-20T03:05:32","date_gmt":"2026-04-20T00:05:32","guid":{"rendered":"https:\/\/kasskoer.ee\/product\/tropical-weekend-kalatoit-20g\/"},"modified":"2026-04-20T03:05:33","modified_gmt":"2026-04-20T00:05:33","slug":"tropical-weekend-kalatoit-20g","status":"publish","type":"product","link":"https:\/\/kasskoer.ee\/en\/toode\/tropical-weekend-kalatoit-20g\/","title":{"rendered":"Tropical Weekend kalatoit 20g"},"content":{"rendered":"<p><b>Weekend tabletid on m\u00f5eldud kasutamiseks akvaariumi hooldaja puudumise ajal. T\u00e4istoit dekoratiivkaladele.<\/b><br \/>&#13;<br \/>\nTablettide eriline koostis tagab kalade suurep\u00e4rase tervise ja ei kahjusta vee kvaliteeti. Weekend tabletid ei lagune vees kergesti. Asetatuna akvaariumisse pehmenevad nad v\u00e4ga aeglaselt, meelitades kalu ja krevette s\u00f6\u00f6ma. Sobivad ka nanoakvaariumidesse. Toimivad kuni 10 p\u00e4eva.<br \/>&#13;<br \/>\n<br \/>&#13;<br \/>\n<b>Koostis<\/b><br \/>&#13;<br \/>\nKala ja kalasaadused, taimset p\u00e4ritolu derivaadid, taimse valgu ekstraktid, molluskid ja koorikloomad, teraviljad, liha ja loomset p\u00e4ritolu derivaadid, vetikad, p\u00e4rm, \u00f5lid ja rasvad, mineraalid.<br \/>&#13;<br \/>\n<br \/>&#13;<br \/>\n<b>Anal\u00fc\u00fctilised koostisosad<\/b><br \/>&#13;<br \/>\nToorvalk 40,0%, toor\u00f5lid ja -rasvad 6,0%, toorkiud 2,5%, niiskus 9,0%.<br \/>&#13;<br \/>\n<br \/>&#13;<br \/>\n<b>S\u00f6\u00f6dalisandid (kg kohta)<\/b><br \/>&#13;<br \/>\nVitamiinid, provitamiinid ja sarnase toimega keemiliselt m\u00e4\u00e4ratletud ained: vitamiin A 24 500 R\u00dc, vitamiin D3 1 350 R\u00dc, vitamiin E 95 mg, vitamiin C 350 mg. Mikroelementide \u00fchendid: raud (Fe, E1) 18,6 mg, tsink (Zn, E6) 6,0 mg, mangaan (Mn, E5) 4,3 mg, vask (Cu, E4) 1,1 mg, jood (I, E2) 0,1 mg, seleen (Se, E8) 0,1 mg, mol\u00fcbdeen (Mo, E7) 0,03 mg. V\u00e4rvained. Antioks\u00fcdandid.<\/p>\n","protected":false},"excerpt":{"rendered":"<p>Mitmekomponentsed p\u00f5hja vajuvad tabletid dekoratiivkaladele.<\/p>\n","protected":false},"featured_media":17578,"template":"","meta":[],"product_cat":[2973,3079,693],"product_tag":[],"class_list":{"0":"post-17577","1":"product","2":"type-product","3":"status-publish","4":"has-post-thumbnail","6":"product_cat-kalatoit","7":"product_cat-kalad","8":"product_cat-muud-loomad","9":"pa_brand-tropical","10":"pa_ean-2974","11":"pa_kaal-0-020","12":"pa_tootjariik-euroopa-liit","14":"first","15":"outofstock","16":"taxable","17":"shipping-taxable","18":"purchasable","19":"product-type-simple"},"_links":{"self":[{"href":"https:\/\/kasskoer.ee\/en\/wp-json\/wp\/v2\/product\/17577","targetHints":{"allow":["GET"]}}],"collection":[{"href":"https:\/\/kasskoer.ee\/en\/wp-json\/wp\/v2\/product"}],"about":[{"href":"https:\/\/kasskoer.ee\/en\/wp-json\/wp\/v2\/types\/product"}],"wp:featuredmedia":[{"embeddable":true,"href":"https:\/\/kasskoer.ee\/en\/wp-json\/wp\/v2\/media\/17578"}],"wp:attachment":[{"href":"https:\/\/kasskoer.ee\/en\/wp-json\/wp\/v2\/media?parent=17577"}],"wp:term":[{"taxonomy":"product_cat","embeddable":true,"href":"https:\/\/kasskoer.ee\/en\/wp-json\/wp\/v2\/product_cat?post=17577"},{"taxonomy":"product_tag","embeddable":true,"href":"https:\/\/kasskoer.ee\/en\/wp-json\/wp\/v2\/product_tag?post=17577"}],"curies":[{"name":"wp","href":"https:\/\/api.w.org\/{rel}","templated":true}]}}