{"id":17581,"date":"2026-04-20T03:05:32","date_gmt":"2026-04-20T00:05:32","guid":{"rendered":"https:\/\/kasskoer.ee\/product\/tropidog-lamb-snack-koeramaius-70g\/"},"modified":"2026-04-20T03:05:33","modified_gmt":"2026-04-20T00:05:33","slug":"tropidog-lamb-snack-koeramaius-70g","status":"publish","type":"product","link":"https:\/\/kasskoer.ee\/en\/toode\/tropidog-lamb-snack-koeramaius-70g\/","title":{"rendered":"TropiDog Lamb Snack koeramaius 70g"},"content":{"rendered":"<p><b>TropiDog lambaga maitsvad maiused. T\u00e4iends\u00f6\u00f6t koertele.<\/b><br \/>&#13;<\/p>\n<li>95% lammas &#8211; suur lihasisaldus muudab maiuse vastupandamatuks ka k\u00f5ige valivamale koerale.<\/li>\n<p>&#13;<\/p>\n<li>Alla 3 kcal maiuse kohta.<\/li>\n<p>&#13;<\/p>\n<li>T\u00e4iuslik suurus \u00fcheks portsjoniks \u2013 ideaalne treenimisel.<\/li>\n<p>&#13;<\/p>\n<li>Isu\u00e4ratav l\u00f5hn, mida koerad armastavad.<\/li>\n<p>&#13;<\/p>\n<li>Lihtne koostis \u2013 suurep\u00e4rane tundliku seedes\u00fcsteemiga v\u00f5i allergilistele koertele.<\/li>\n<p>&#13;<\/p>\n<li>Toetab koera suuh\u00fcgieeni.<\/li>\n<p>&#13;<\/p>\n<li>Ei sisalda &#8211; suhkrut, s\u00e4ilitusaineid, teravilju, kunstlikke lisandeid.<\/li>\n<p>&#13;<br \/>\n<br \/>&#13;<br \/>\n<b>Koostis<\/b><br \/>&#13;<br \/>\nKuivatatud lammas (95%), k\u00f6\u00f6giviljad, puuviljad, naatriumpol\u00fcfosfaat.&#13;<br \/>\n<br \/>&#13;<br \/>\n<br \/><b>Anal\u00fc\u00fctilised koostisosad<\/b><br \/>&#13;<br \/>\nToorvalk 52,0%, toorrasv 10,0%, toorkiud 2,8%, toortuhk 22,0%.<br \/>&#13;<br \/>\n<br \/>&#13;<br \/>\n<b>Soovituslik p\u00e4evane kogus<\/b>&#13;<\/p>\n<figure class=\"table\">\n<table>\n<tbody>\n<tr>\n<td><strong>Koera kaal (kg)<\/strong><\/td>\n<td><15<\/td>\n<td>15-30<\/td>\n<td>>30<\/td>\n<\/tr>\n<tr>\n<td><strong>P\u00e4evane kogus (tk\/p\u00e4evas)<\/strong><\/td>\n<td>5-10<\/td>\n<td>10-20<\/td>\n<td>20-30<\/td>\n<\/tr>\n<\/tbody>\n<\/table>\n<\/figure>\n","protected":false},"excerpt":{"rendered":"<p>Mono-valgu ja lihtsa retseptiga tervislik ja maitsev maiustus koerale.<\/p>\n","protected":false},"featured_media":17582,"template":"","meta":[],"product_cat":[1210,688],"product_tag":[],"class_list":{"0":"post-17581","1":"product","2":"type-product","3":"status-publish","4":"has-post-thumbnail","6":"product_cat-koerte-maiused","7":"product_cat-koerad","8":"pa_brand-tropidog","9":"pa_ean-2976","10":"pa_kaal-0-070","11":"pa_tootjariik-euroopa-liit","13":"first","14":"instock","15":"taxable","16":"shipping-taxable","17":"purchasable","18":"product-type-simple"},"_links":{"self":[{"href":"https:\/\/kasskoer.ee\/en\/wp-json\/wp\/v2\/product\/17581","targetHints":{"allow":["GET"]}}],"collection":[{"href":"https:\/\/kasskoer.ee\/en\/wp-json\/wp\/v2\/product"}],"about":[{"href":"https:\/\/kasskoer.ee\/en\/wp-json\/wp\/v2\/types\/product"}],"wp:featuredmedia":[{"embeddable":true,"href":"https:\/\/kasskoer.ee\/en\/wp-json\/wp\/v2\/media\/17582"}],"wp:attachment":[{"href":"https:\/\/kasskoer.ee\/en\/wp-json\/wp\/v2\/media?parent=17581"}],"wp:term":[{"taxonomy":"product_cat","embeddable":true,"href":"https:\/\/kasskoer.ee\/en\/wp-json\/wp\/v2\/product_cat?post=17581"},{"taxonomy":"product_tag","embeddable":true,"href":"https:\/\/kasskoer.ee\/en\/wp-json\/wp\/v2\/product_tag?post=17581"}],"curies":[{"name":"wp","href":"https:\/\/api.w.org\/{rel}","templated":true}]}}