{"id":17590,"date":"2026-04-20T03:05:32","date_gmt":"2026-04-20T00:05:32","guid":{"rendered":"https:\/\/kasskoer.ee\/product\/tropical-goldfish-colour-pellet-kalatoit-36g-100ml\/"},"modified":"2026-04-20T03:05:32","modified_gmt":"2026-04-20T00:05:32","slug":"tropical-goldfish-colour-pellet-kalatoit-36g-100ml","status":"publish","type":"product","link":"https:\/\/kasskoer.ee\/en\/toode\/tropical-goldfish-colour-pellet-kalatoit-36g-100ml\/","title":{"rendered":"Tropical Goldfish Colour Pellet kalatoit 36g \/ 100ml"},"content":{"rendered":"<p><b>Goldfish Colour Pellet on v\u00e4rvi intensiivistav t\u00e4istoit pisikeste, ujuvate graanulite kujul, m\u00f5eldud igap\u00e4evaseks toitmiseks k\u00f5igile kuldkala liikidele ja noortele koi-karpidele, kes elavad nii akvaariumites kui ka tiikides.<\/b><br \/>&#13;<\/p>\n<li>Looduslikud karotenoidid, sealhulgas kergesti omastatav astaksantiin, tugevdavad kalade v\u00e4rvust, eriti punaseid, oran\u017ee ja kollaseid toone. <\/li>\n<p>&#13;<\/p>\n<li>Stabiliseeritud C-vitamiin ja beeta-gl\u00fckaan \u2013 looduslik p\u00e4rmist saadud immuunstimulaator \u2013 toetavad immuuns\u00fcsteemi ja parandavad kalade vastupanuv\u00f5imet haigustele.<\/li>\n<p>&#13;<br \/>\n<br \/>&#13;<br \/>\n<b>Koostis<\/b><br \/>&#13;<br \/>\nKala ja kalatooted, taimset p\u00e4ritolu derivaadid (sh punase pipra ekstrakt 2 200 mg\/kg), taimse valgu ekstraktid, molluskid ja koorikloomad, teraviljad, vetikad, p\u00e4rm (sh Beta-1.3\/1.6-gl\u00fckaan 1 000 mg\/kg), \u00f5lid ja rasvad, mineraalid (sh tseoliit 1%).<br \/>&#13;<br \/>\n<br \/>&#13;<br \/>\n<b>Anal\u00fc\u00fctilised koostisosad<\/b><br \/>&#13;<br \/>\nToorvalk 45,0%, toor\u00f5lid ja -rasvad 7,0%, toorkiud 3,0%, niiskus 10,0%.<br \/>&#13;<br \/>\n<br \/>&#13;<br \/>\n<b>S\u00f6\u00f6dalisandid (kg kohta)<\/b><br \/>&#13;<br \/>\nVitamiinid, provitamiinid ja sarnase toimega keemiliselt m\u00e4\u00e4ratletud ained: vitamiin A 29 900 R\u00dc, vitamiin D3 1 895 R\u00dc, vitamiin E 100 mg, vitamiin C 250 mg. Mikroelementide \u00fchendid: raud (Fe, E1) 40,1 mg, tsink (Zn, E6) 11,3 mg, mangaan (Mn, E5) 8,5 mg, vask (Cu, E4) 2,0 mg, jood (I, E2) 0,2 mg, seleen (Se, E8) 0,2 mg, mol\u00fcbdeen (Mo, E7) 0,05 mg. V\u00e4rvained: astaksantiin 80 mg. Antioks\u00fcdandid.<\/p>\n","protected":false},"excerpt":{"rendered":"<p>V\u00e4rvi intensiivistavad graanulid kuldkaladele.<\/p>\n","protected":false},"featured_media":17591,"template":"","meta":[],"product_cat":[2973,3079,693],"product_tag":[],"class_list":{"0":"post-17590","1":"product","2":"type-product","3":"status-publish","4":"has-post-thumbnail","6":"product_cat-kalatoit","7":"product_cat-kalad","8":"product_cat-muud-loomad","9":"pa_brand-tropical","10":"pa_ean-2981","11":"pa_kaal-0-036","12":"pa_tootjariik-euroopa-liit","14":"first","15":"instock","16":"taxable","17":"shipping-taxable","18":"purchasable","19":"product-type-simple"},"_links":{"self":[{"href":"https:\/\/kasskoer.ee\/en\/wp-json\/wp\/v2\/product\/17590","targetHints":{"allow":["GET"]}}],"collection":[{"href":"https:\/\/kasskoer.ee\/en\/wp-json\/wp\/v2\/product"}],"about":[{"href":"https:\/\/kasskoer.ee\/en\/wp-json\/wp\/v2\/types\/product"}],"wp:featuredmedia":[{"embeddable":true,"href":"https:\/\/kasskoer.ee\/en\/wp-json\/wp\/v2\/media\/17591"}],"wp:attachment":[{"href":"https:\/\/kasskoer.ee\/en\/wp-json\/wp\/v2\/media?parent=17590"}],"wp:term":[{"taxonomy":"product_cat","embeddable":true,"href":"https:\/\/kasskoer.ee\/en\/wp-json\/wp\/v2\/product_cat?post=17590"},{"taxonomy":"product_tag","embeddable":true,"href":"https:\/\/kasskoer.ee\/en\/wp-json\/wp\/v2\/product_tag?post=17590"}],"curies":[{"name":"wp","href":"https:\/\/api.w.org\/{rel}","templated":true}]}}