{"id":17593,"date":"2026-04-20T03:05:32","date_gmt":"2026-04-20T00:05:32","guid":{"rendered":"https:\/\/kasskoer.ee\/product\/tropical-vitality-color-granules-kalatoit-55g-100ml\/"},"modified":"2026-04-20T03:05:33","modified_gmt":"2026-04-20T00:05:33","slug":"tropical-vitality-color-granules-kalatoit-55g-100ml","status":"publish","type":"product","link":"https:\/\/kasskoer.ee\/en\/toode\/tropical-vitality-color-granules-kalatoit-55g-100ml\/","title":{"rendered":"Tropical Vitality &#038; Color Granules kalatoit 55g \/ 100ml"},"content":{"rendered":"<p><b>Vitality &#038; Color k\u00f5rge valgusisaldusega, aeglaselt vajuvad graanulid v\u00e4rvi intensiivistavate ja eluj\u00f5udu suurendavate omadustega k\u00f5iges\u00f6\u00f6jatest ja r\u00f6\u00f6vkala liikidele, kes toituvad akvaariumi keskmistes v\u00f5i p\u00f5hjakihi veekihtides.<\/b><br \/>&#13;<\/p>\n<li>Intensiivistab kalade v\u00e4rvust.<\/li>\n<p>&#13;<\/p>\n<li>Toetab kasvu ja arengut.<\/li>\n<p>&#13;<\/p>\n<li>Stimuleerib paljunemist.<\/li>\n<p>&#13;<\/p>\n<li>Soodustab tervisliku bakteriaalse mikrofloora arengut seedetraktis.<\/li>\n<p>&#13;<\/p>\n<li>Parandab immuunsust.<\/li>\n<p>&#13;<br \/>\n<br \/>&#13;<br \/>\n<b>Koostis<\/b><br \/>&#13;<br \/>\nKala ja kalatooted, teraviljad, taimse valgu ekstraktid, molluskid ja koorikloomad (sh krevetijahu 10%, krillijahu 8%), taimset p\u00e4ritolu derivaadid (sh punase pipra ekstrakt 3 000 mg\/kg), vetikad, p\u00e4rm (sh 1.3\/1.6 gl\u00fckaan 1 000 mg\/kg), \u00f5lid ja rasvad, mineraalid.<br \/>&#13;<br \/>\n<br \/>&#13;<br \/>\n<b>Anal\u00fc\u00fctilised koostisosad<\/b><br \/>&#13;<br \/>\nToorvalk 49,0%, toor\u00f5lid ja -rasvad 9,0%, toorkiud 3,0%, niiskus 10,0%.<br \/>&#13;<br \/>\n<br \/>&#13;<br \/>\n<b>S\u00f6\u00f6dalisandid (kg kohta)<\/b><br \/>&#13;<br \/>\nVitamiinid: vitamiin A 30 000 R\u00dc, vitamiin D3 1 900 R\u00dc, vitamiin E 100 mg, vitamiin C 550 mg, L-karnitiin 500 mg. Mikroelementide \u00fchendid: raud (raud(II)sulfaat monoh\u00fcdraat) 40,0 mg, tsink (tsinkoksiid) 10,5 mg, mangaan (mangaan(II)oksiid) 8,4 mg, vask (vask(II)sulfaat pentah\u00fcdraat) 2,0 mg, jood (kaaliumjodiid) 0,2 mg. Letsitiin 15 000 mg. V\u00e4rvained: astaksantiin 84 mg. Antioks\u00fcdandid.<\/p>\n","protected":false},"excerpt":{"rendered":"<p>V\u00e4rvi ja eluj\u00f5udu toetav toit akvaariumikaladele.<\/p>\n","protected":false},"featured_media":17594,"template":"","meta":[],"product_cat":[2973,3079,693],"product_tag":[],"class_list":{"0":"post-17593","1":"product","2":"type-product","3":"status-publish","4":"has-post-thumbnail","6":"product_cat-kalatoit","7":"product_cat-kalad","8":"product_cat-muud-loomad","9":"pa_brand-tropical","10":"pa_ean-2983","11":"pa_kaal-0-055","12":"pa_tootjariik-euroopa-liit","14":"first","15":"instock","16":"taxable","17":"shipping-taxable","18":"purchasable","19":"product-type-simple"},"_links":{"self":[{"href":"https:\/\/kasskoer.ee\/en\/wp-json\/wp\/v2\/product\/17593","targetHints":{"allow":["GET"]}}],"collection":[{"href":"https:\/\/kasskoer.ee\/en\/wp-json\/wp\/v2\/product"}],"about":[{"href":"https:\/\/kasskoer.ee\/en\/wp-json\/wp\/v2\/types\/product"}],"wp:featuredmedia":[{"embeddable":true,"href":"https:\/\/kasskoer.ee\/en\/wp-json\/wp\/v2\/media\/17594"}],"wp:attachment":[{"href":"https:\/\/kasskoer.ee\/en\/wp-json\/wp\/v2\/media?parent=17593"}],"wp:term":[{"taxonomy":"product_cat","embeddable":true,"href":"https:\/\/kasskoer.ee\/en\/wp-json\/wp\/v2\/product_cat?post=17593"},{"taxonomy":"product_tag","embeddable":true,"href":"https:\/\/kasskoer.ee\/en\/wp-json\/wp\/v2\/product_tag?post=17593"}],"curies":[{"name":"wp","href":"https:\/\/api.w.org\/{rel}","templated":true}]}}