{"id":17596,"date":"2026-04-20T03:05:42","date_gmt":"2026-04-20T00:05:42","guid":{"rendered":"https:\/\/kasskoer.ee\/product\/tropical-supervit-flakes-kalatoit-20g-100ml\/"},"modified":"2026-04-20T03:05:42","modified_gmt":"2026-04-20T00:05:42","slug":"tropical-supervit-flakes-kalatoit-20g-100ml","status":"publish","type":"product","link":"https:\/\/kasskoer.ee\/en\/toode\/tropical-supervit-flakes-kalatoit-20g-100ml\/","title":{"rendered":"Tropical Supervit Flakes kalatoit 20g \/ 100ml"},"content":{"rendered":"<p><b>Supervit Flakes on mitmekomponentne t\u00e4istoit helveste kujul igap\u00e4evaseks toitmiseks k\u00f5iges\u00f6\u00f6jatele ja r\u00f6\u00f6vkala liikidele.<\/b><br \/>&#13;<\/p>\n<li>Ideaalne lahendus mitmeliigiliste akvaariumide jaoks.<\/li>\n<p>&#13;<\/p>\n<li>Rikkalik ja mitmekesine retsept tagab tasakaalustatud toitained k\u00f5igile populaarsetele akvaariumikalaliikidele.<\/li>\n<p>&#13;<\/p>\n<li>Looduslik immuuns\u00fcsteemi tugevdaja \u2013 beeta-gl\u00fckaan \u2013 ja stabiliseeritud C-vitamiin suurendavad kalade vastupanuv\u00f5imet haigustele.<\/li>\n<p>&#13;<\/p>\n<li>Kiudained ja kitiin reguleerivad seedimist.<\/li>\n<p>&#13;<\/p>\n<li>Looduslikud karotenoidid, sealhulgas piprast saadud, intensiivistavad kalade v\u00e4rvust.<\/li>\n<p>&#13;<\/p>\n<li>Letsitiin suurendab eluj\u00f5udu ja soodustab kudemist.<\/li>\n<p>&#13;<\/p>\n<li>Toit ei sisalda GMO-sid, s\u00e4ilitusaineid, maitsetugevdajaid ega l\u00f5hnaaineid.<\/li>\n<p>&#13;<br \/>\n<br \/>&#13;<br \/>\n<b>Koostis<\/b><br \/>&#13;<br \/>\nKala ja kalasaadused, teraviljad, taimse valgu ekstraktid, molluskid ja koorikloomad (sh krillijahu 1%, kalmaarijahu 1%), taimset p\u00e4ritolu derivaadid (sh punase pipra ekstrakt 1 200 mg\/kg), vetikad (Spirulina platensis 0,5%), p\u00e4rm (sh Beta-1.3\/1.6-gl\u00fckaan 1 000 mg\/kg), \u00f5lid ja rasvad, mineraalid.<br \/>&#13;<br \/>\n<br \/>&#13;<br \/>\n<b>Anal\u00fc\u00fctilised koostisosad<\/b><br \/>&#13;<br \/>\nToorvalk 48,0%, toor\u00f5lid ja -rasvad 8,0%, toorkiud 2,5%, niiskus 6,0%.<br \/>&#13;<br \/>\n<br \/>&#13;<br \/>\n<b>S\u00f6\u00f6dalisandid (kg kohta)<\/b><br \/>&#13;<br \/>\nVitamiinid: vitamiin A 38 900 R\u00dc, vitamiin D3 2 100 R\u00dc, vitamiin E 130 mg, vitamiin C 580 mg. Mikroelementide \u00fchendid: raud (raud(II)sulfaat monoh\u00fcdraat) 44,7 mg, tsink (tsinkoksiid) 12,4 mg, mangaan (mangaan(II)oksiid) 9,3 mg, vask (vask(II)sulfaat pentah\u00fcdraat) 2,2 mg, jood (kaaliumjodiid) 0,3 mg. Letsitiin. V\u00e4rvained. Antioks\u00fcdandid.<\/p>\n","protected":false},"excerpt":{"rendered":"<p>Mitmekomponentne toit akvaariumikaladele.<\/p>\n","protected":false},"featured_media":17597,"template":"","meta":[],"product_cat":[2973,3079,693],"product_tag":[],"class_list":{"0":"post-17596","1":"product","2":"type-product","3":"status-publish","4":"has-post-thumbnail","6":"product_cat-kalatoit","7":"product_cat-kalad","8":"product_cat-muud-loomad","9":"pa_brand-tropical","10":"pa_ean-2984","11":"pa_kaal-0-020","12":"pa_tootjariik-euroopa-liit","14":"first","15":"instock","16":"taxable","17":"shipping-taxable","18":"purchasable","19":"product-type-simple"},"_links":{"self":[{"href":"https:\/\/kasskoer.ee\/en\/wp-json\/wp\/v2\/product\/17596","targetHints":{"allow":["GET"]}}],"collection":[{"href":"https:\/\/kasskoer.ee\/en\/wp-json\/wp\/v2\/product"}],"about":[{"href":"https:\/\/kasskoer.ee\/en\/wp-json\/wp\/v2\/types\/product"}],"wp:featuredmedia":[{"embeddable":true,"href":"https:\/\/kasskoer.ee\/en\/wp-json\/wp\/v2\/media\/17597"}],"wp:attachment":[{"href":"https:\/\/kasskoer.ee\/en\/wp-json\/wp\/v2\/media?parent=17596"}],"wp:term":[{"taxonomy":"product_cat","embeddable":true,"href":"https:\/\/kasskoer.ee\/en\/wp-json\/wp\/v2\/product_cat?post=17596"},{"taxonomy":"product_tag","embeddable":true,"href":"https:\/\/kasskoer.ee\/en\/wp-json\/wp\/v2\/product_tag?post=17596"}],"curies":[{"name":"wp","href":"https:\/\/api.w.org\/{rel}","templated":true}]}}