{"id":17599,"date":"2026-04-20T03:05:42","date_gmt":"2026-04-20T00:05:42","guid":{"rendered":"https:\/\/kasskoer.ee\/product\/tropical-guppy-kalatoit-20g-100ml\/"},"modified":"2026-04-20T03:05:43","modified_gmt":"2026-04-20T00:05:43","slug":"tropical-guppy-kalatoit-20g-100ml","status":"publish","type":"product","link":"https:\/\/kasskoer.ee\/en\/toode\/tropical-guppy-kalatoit-20g-100ml\/","title":{"rendered":"Tropical Guppy kalatoit 20g \/ 100ml"},"content":{"rendered":"<p><b>Guppy on mitmekomponentne helveste kujul t\u00e4istoit, mis on m\u00f5eldud igap\u00e4evaseks toitmiseks gupidele, molliiniale, plat\u00fcdele ja teistele eluss\u00fcnnitajatele.<\/b><br \/>&#13;<\/p>\n<li>Rikastatud meresoolaga &#8211; avaldab positiivset m\u00f5ju elektrol\u00fc\u00fctide tasemele ja osmootsele r\u00f5hule, mis omakorda toetab tiinust, poegimist ja noorkalade elluj\u00e4\u00e4misv\u00f5imalusi ning kudepaare, eriti emasloomi.<\/li>\n<p>&#13;<\/p>\n<li>Spirulina ja kiudained \u2013 seedimatute taimset p\u00e4ritolu koostisosade segu \u2013 tagavad seedetrakti \u00f5ige toimimise.<\/li>\n<p>&#13;<\/p>\n<li>K\u00f5rge valgusisaldus koos optimaalselt tasakaalustatud vitamiinide ja mikroelementidega tagab \u00fchtlase kasvu, suurep\u00e4rase tervise ja konditsiooni.<\/li>\n<p>&#13;<\/p>\n<li>Optimaalne fosforisisaldus vastab kalade vajadustele ja v\u00e4hendab vetikate vohamist.<\/li>\n<p>&#13;<br \/>\n<br \/>&#13;<br \/>\n<b>Koostis<\/b><br \/>&#13;<br \/>\nKala ja kalasaadused, teraviljad, taimse valgu ekstraktid, molluskid ja koorikloomad, p\u00e4rm, taimset p\u00e4ritolu derivaadid, vetikad (Spirulina platensis min. 2,25%), \u00f5lid ja rasvad, mineraalid (sh tseoliit 1%, naatriumkloriid (meresool) 280 mg\/kg).<br \/>&#13;<br \/>\n<br \/>&#13;<br \/>\n<b>Anal\u00fc\u00fctilised koostisosad<\/b><br \/>&#13;<br \/>\nToorvalk 50,0%, toor\u00f5lid ja -rasvad 8,0%, toorkiud 3,0%, niiskus 7,0%.<br \/>&#13;<br \/>\n<br \/>&#13;<br \/>\n<b>S\u00f6\u00f6dalisandid (kg kohta)<\/b><br \/>&#13;<br \/>\nVitamiinid, provitamiinid ja sarnase toimega keemiliselt m\u00e4\u00e4ratletud ained: vitamiin A 12 800 R\u00dc, vitamiin D3 1 240 R\u00dc, vitamiin E 80 mg, vitamiin C 230 mg. Mikroelementide \u00fchendid: raud (Fe, E1) 48,8 mg, tsink (Zn, E6) 13,7 mg, mangaan (Mn, E5) 11,2 mg, vask (Cu, E4) 2,4 mg, jood (I, E2) 0,33 mg, seleen (Se, E8) 0,33 mg, mol\u00fcbdeen (Mo, E7) 0,8 mg. Letsitiin. V\u00e4rvained. Antioks\u00fcdandid.<\/p>\n","protected":false},"excerpt":{"rendered":"<p>Mitmekomponentne toit akvaariumikaladele.<\/p>\n","protected":false},"featured_media":17600,"template":"","meta":[],"product_cat":[2973,3079,693],"product_tag":[],"class_list":{"0":"post-17599","1":"product","2":"type-product","3":"status-publish","4":"has-post-thumbnail","6":"product_cat-kalatoit","7":"product_cat-kalad","8":"product_cat-muud-loomad","9":"pa_brand-tropical","10":"pa_ean-2985","11":"pa_kaal-0-020","12":"pa_tootjariik-euroopa-liit","14":"first","15":"outofstock","16":"taxable","17":"shipping-taxable","18":"purchasable","19":"product-type-simple"},"_links":{"self":[{"href":"https:\/\/kasskoer.ee\/en\/wp-json\/wp\/v2\/product\/17599","targetHints":{"allow":["GET"]}}],"collection":[{"href":"https:\/\/kasskoer.ee\/en\/wp-json\/wp\/v2\/product"}],"about":[{"href":"https:\/\/kasskoer.ee\/en\/wp-json\/wp\/v2\/types\/product"}],"wp:featuredmedia":[{"embeddable":true,"href":"https:\/\/kasskoer.ee\/en\/wp-json\/wp\/v2\/media\/17600"}],"wp:attachment":[{"href":"https:\/\/kasskoer.ee\/en\/wp-json\/wp\/v2\/media?parent=17599"}],"wp:term":[{"taxonomy":"product_cat","embeddable":true,"href":"https:\/\/kasskoer.ee\/en\/wp-json\/wp\/v2\/product_cat?post=17599"},{"taxonomy":"product_tag","embeddable":true,"href":"https:\/\/kasskoer.ee\/en\/wp-json\/wp\/v2\/product_tag?post=17599"}],"curies":[{"name":"wp","href":"https:\/\/api.w.org\/{rel}","templated":true}]}}