{"id":17602,"date":"2026-04-20T03:05:42","date_gmt":"2026-04-20T00:05:42","guid":{"rendered":"https:\/\/kasskoer.ee\/product\/tropical-goldfish-color-flakes-kalatoit-20g-100ml\/"},"modified":"2026-04-20T03:05:43","modified_gmt":"2026-04-20T00:05:43","slug":"tropical-goldfish-color-flakes-kalatoit-20g-100ml","status":"publish","type":"product","link":"https:\/\/kasskoer.ee\/en\/toode\/tropical-goldfish-color-flakes-kalatoit-20g-100ml\/","title":{"rendered":"Tropical Goldfish Color Flakes kalatoit 20g \/ 100ml"},"content":{"rendered":"<p><b>Goldfish Colour Flakes on mitmekomponentne v\u00e4rvust intensiivistav t\u00e4iss\u00f6\u00f6t helveste kujul, m\u00f5eldud igap\u00e4evaseks toitmiseks k\u00f5igile kuldkala liikidele ja noortele koi-karpidele, kes elavad nii akvaariumides kui ka tiikides.<\/b>&#13;<\/p>\n<li>Looduslikud karotenoidid, sealhulgas kergesti omastatav astaksantiin, tugevdavad kalade v\u00e4rvust, eriti punaseid, oran\u017ee ja kollaseid toone.<\/li>\n<p>&#13;<\/p>\n<li>Stabiliseeritud C-vitamiin ja beeta-gl\u00fckaan \u2013 looduslik p\u00e4rmist saadud immuunstimulaator \u2013 toetavad immuuns\u00fcsteemi ja parandavad kalade vastupanuv\u00f5imet haigustele.<\/li>\n<p>&#13;<\/p>\n<li>K\u00f5rge kiudainesisaldus, sh rohusegu, toetab selle kalagrupi pika seedekulgla korrektset toimimist.<\/li>\n<p>&#13;<\/p>\n<li>Nisuidud on v\u00e4\u00e4rtuslike k\u00fcllastumata rasvhapete ning kontsentreeritud vitamiinide ja mikroelementide allikaks.<\/li>\n<p>&#13;<br \/>\n<br \/>&#13;<br \/>\n<b>Koostis<\/b><br \/>&#13;<br \/>\nKala ja kalasaadused, teraviljad, taimsed valguekstraktid, molluskid ja koorikloomad, taimset p\u00e4ritolu derivaadid (sh. nisuidud 4,8%, rohtude ja lutserni jahu 3%, punase paprika ekstrakt 2 200 mg\/kg), vetikad (Spirulina platensis 1%), p\u00e4rm (sh. beeta-1,3\/1,6-gl\u00fckaan 1000 mg\/kg), \u00f5lid ja rasvad, mineraalained.<br \/>&#13;<br \/>\n<br \/>&#13;<br \/>\n<b>Anal\u00fc\u00fctiline koostis<\/b><br \/>&#13;<br \/>\nToorvalk 45,0%, toorrasv 8,5%, toorkiud 3,0%, niiskus 6,0%.<br \/>&#13;<br \/>\n<br \/>&#13;<br \/>\n<b>S\u00f6\u00f6dalisandid (1 kg kohta)<\/b><br \/>&#13;<br \/>\nToitainelised lisandid: vitamiin A (3a672a) 35 500 R\u00dc, vitamiin D3 (3a671) 2 160 R\u00dc, vitamiin E (3a700) 130 mg, vitamiin C (3a312) 300 mg, beeta-karoteen 140 mg, raud (3b107) (raud(II)sulfaatmonoh\u00fcdraat) 37,8 mg, tsink (3b612) (tsinkoksiid) 10,5 mg, mangaan (3b505) (mangaan(II)oksiid) 7,8 mg, vask (3b407) (vask(II)sulfaatpentah\u00fcdraat) 1,9 mg, jood (3b201) (kaaliumjodiid) 0,23 mg.<br \/>&#13;<br \/>\nV\u00e4rvained: astaksantiin 80 mg.<br \/>&#13;<br \/>\nTehnoloogilised lisandid: letsitiin, antioks\u00fcdandid.<br \/>&#13;<br \/>\n<br \/>&#13;<br \/>\n<b>S\u00f6\u00f6tmisjuhend<\/b><br \/>&#13;<br \/>\nS\u00f6\u00f6ta mitu korda p\u00e4evas v\u00e4ikeste portsjonitena.<\/p>\n","protected":false},"excerpt":{"rendered":"<p>V\u00e4rvi intensiivistavad helbed kuldkaladele.<\/p>\n","protected":false},"featured_media":17603,"template":"","meta":[],"product_cat":[2973,3079,693],"product_tag":[],"class_list":{"0":"post-17602","1":"product","2":"type-product","3":"status-publish","4":"has-post-thumbnail","6":"product_cat-kalatoit","7":"product_cat-kalad","8":"product_cat-muud-loomad","9":"pa_brand-tropical","10":"pa_ean-2986","11":"pa_kaal-0-020","12":"pa_tootjariik-euroopa-liit","14":"first","15":"outofstock","16":"taxable","17":"shipping-taxable","18":"purchasable","19":"product-type-simple"},"_links":{"self":[{"href":"https:\/\/kasskoer.ee\/en\/wp-json\/wp\/v2\/product\/17602","targetHints":{"allow":["GET"]}}],"collection":[{"href":"https:\/\/kasskoer.ee\/en\/wp-json\/wp\/v2\/product"}],"about":[{"href":"https:\/\/kasskoer.ee\/en\/wp-json\/wp\/v2\/types\/product"}],"wp:featuredmedia":[{"embeddable":true,"href":"https:\/\/kasskoer.ee\/en\/wp-json\/wp\/v2\/media\/17603"}],"wp:attachment":[{"href":"https:\/\/kasskoer.ee\/en\/wp-json\/wp\/v2\/media?parent=17602"}],"wp:term":[{"taxonomy":"product_cat","embeddable":true,"href":"https:\/\/kasskoer.ee\/en\/wp-json\/wp\/v2\/product_cat?post=17602"},{"taxonomy":"product_tag","embeddable":true,"href":"https:\/\/kasskoer.ee\/en\/wp-json\/wp\/v2\/product_tag?post=17602"}],"curies":[{"name":"wp","href":"https:\/\/api.w.org\/{rel}","templated":true}]}}