{"id":17605,"date":"2026-04-20T03:05:32","date_gmt":"2026-04-20T00:05:32","guid":{"rendered":"https:\/\/kasskoer.ee\/product\/tropical-aqua-plant-vahend-veetaimedele-30ml\/"},"modified":"2026-04-20T03:05:32","modified_gmt":"2026-04-20T00:05:32","slug":"tropical-aqua-plant-vahend-veetaimedele-30ml","status":"publish","type":"product","link":"https:\/\/kasskoer.ee\/en\/toode\/tropical-aqua-plant-vahend-veetaimedele-30ml\/","title":{"rendered":"Tropical Aqua Plant vahend veetaimedele 30ml"},"content":{"rendered":"<p><b>Aqua Plant mineraaliderikas vedelv\u00e4etis, mis tagab veetaimede \u00f5ige kasvu ja arengu.<\/b><br \/>&#13;<\/p>\n<li>T\u00e4nu l\u00e4mmastiku ja fosfori sisaldusele on Aqua Plant m\u00f5eldud akvaariumitele, kus on v\u00e4he dekoratiivkalu &#8211; sellistes tingimustes v\u00f5ib nende kahe elemendi puudus p\u00e4rssida taimede kasvu.<\/li>\n<p>&#13;<\/p>\n<li>Regulaarne kasutamine tagab veetaimede intensiivse kasvu ja \u00f5ige arengu.<\/li>\n<p>&#13;<br \/>\n<br \/>&#13;<br \/>\n<b>Kasutamine<\/b><br \/>&#13;<br \/>\nLisada 10 ml Aqua Planti 100 l vee kohta. Iga akvaarium on erinev \u2013 alusta v\u00e4etamist v\u00e4ikeste kogustega ja j\u00e4lgi taimede kasvu.<br \/>&#13;<br \/>\n<br \/>&#13;<br \/>\n<b>Koostis<\/b><br \/>&#13;<br \/>\n10 ml toodet sisaldab: l\u00e4mmastik (N) \u2013 110 mg, fosfor (P) \u2013 10 mg, kaalium (K) \u2013 160 mg.<\/p>\n","protected":false},"excerpt":{"rendered":"<p>Aqua Plant vedelv\u00e4etis veetaimedele.<\/p>\n","protected":false},"featured_media":17606,"template":"","meta":[],"product_cat":[2988,3079,693],"product_tag":[],"class_list":{"0":"post-17605","1":"product","2":"type-product","3":"status-publish","4":"has-post-thumbnail","6":"product_cat-akvaariumi-hooldusvahendid","7":"product_cat-kalad","8":"product_cat-muud-loomad","9":"pa_brand-tropical","10":"pa_ean-2987","11":"pa_kaal-0-050","12":"pa_tootjariik-euroopa-liit","14":"first","15":"instock","16":"taxable","17":"shipping-taxable","18":"purchasable","19":"product-type-simple"},"_links":{"self":[{"href":"https:\/\/kasskoer.ee\/en\/wp-json\/wp\/v2\/product\/17605","targetHints":{"allow":["GET"]}}],"collection":[{"href":"https:\/\/kasskoer.ee\/en\/wp-json\/wp\/v2\/product"}],"about":[{"href":"https:\/\/kasskoer.ee\/en\/wp-json\/wp\/v2\/types\/product"}],"wp:featuredmedia":[{"embeddable":true,"href":"https:\/\/kasskoer.ee\/en\/wp-json\/wp\/v2\/media\/17606"}],"wp:attachment":[{"href":"https:\/\/kasskoer.ee\/en\/wp-json\/wp\/v2\/media?parent=17605"}],"wp:term":[{"taxonomy":"product_cat","embeddable":true,"href":"https:\/\/kasskoer.ee\/en\/wp-json\/wp\/v2\/product_cat?post=17605"},{"taxonomy":"product_tag","embeddable":true,"href":"https:\/\/kasskoer.ee\/en\/wp-json\/wp\/v2\/product_tag?post=17605"}],"curies":[{"name":"wp","href":"https:\/\/api.w.org\/{rel}","templated":true}]}}