{"id":17607,"date":"2026-04-20T03:05:32","date_gmt":"2026-04-20T00:05:32","guid":{"rendered":"https:\/\/kasskoer.ee\/product\/tropical-ecoclar-veehooldusvahend-250ml\/"},"modified":"2026-04-20T03:05:32","modified_gmt":"2026-04-20T00:05:32","slug":"tropical-ecoclar-veehooldusvahend-250ml","status":"publish","type":"product","link":"https:\/\/kasskoer.ee\/en\/toode\/tropical-ecoclar-veehooldusvahend-250ml\/","title":{"rendered":"Tropical Ecoclar veehooldusvahend 250ml"},"content":{"rendered":"<p><b>Tropical Ecoclar on looduslikel mineraalidel p\u00f5hinev veepuhastusvahend, mis on m\u00f5eldud kasutamiseks mageveeakvaariumides.<\/b><br \/>&#13;<\/p>\n<li>P\u00e4rast akvaariumivette lisamist hakkab see koheselt vett looduslikul viisil puhastama.<\/li>\n<p>&#13;<\/p>\n<li>Tugevalt killustatud looduslikud mineraalid, millel on kolmem\u00f5\u00f5tmeline v\u00f5rgustikulaadne struktuur, seovad akvaariumiveest h\u00e4gususe, ebameeldiva l\u00f5hna ning looduslikest ja keemilistest teguritest p\u00f5hjustatud v\u00e4rvimuutuse eest vastutavad ained.<\/li>\n<p>&#13;<\/p>\n<li>Ecoclar mineraalide suspensioon mitte ainult ei muuda akvaariumivett kristallselgeks, vaid puhastab selle ka orgaanilistest ja keemilistest lisanditest, sealhulgas ammooniumioonidest (NH4+). See suurendab akvaariumi esteetilisust ja parandab vee-elustiku elutingimusi.<\/li>\n<p>&#13;<\/p>\n<li>Ecoclar on t\u00e4iesti ohutu kaladele, koorikloomadele ja veetaimedele.<\/li>\n<p>&#13;<br \/>\n<br \/>&#13;<br \/>\n<b>Kasutamine<\/b><br \/>&#13;<br \/>\nLisada 20 ml (1 korgit\u00e4is) Ecoclari 100 l vee kohta. Enne kasutamist loksutada tugevalt. Ecoclar muudab p\u00e4rast lisamist akvaariumivee h\u00e4guseks. See on loomulik n\u00e4htus. Selle aja jooksul eemaldavad mineraaliosakesed j\u00e4rk-j\u00e4rgult veest lisandid. Vee h\u00e4gusus v\u00f5ib p\u00fcsida kuni 24 tundi. Seej\u00e4rel muutub akvaariumivesi kristallselgeks. P\u00e4rast kasutamist ei ole vaja vett vahetada. \u00c4ra kasuta samaaegselt teiste veekonditsioneeridega. Teisi veeparandustooteid v\u00f5ib kasutada v\u00e4hemalt 24 tundi p\u00e4rast Ecoclari lisamist.<\/p>\n","protected":false},"excerpt":{"rendered":"<p>Looduslik veepuhastuspreparaat mageveeakvaariumidele.<\/p>\n","protected":false},"featured_media":17608,"template":"","meta":[],"product_cat":[2988,3079,693],"product_tag":[],"class_list":{"0":"post-17607","1":"product","2":"type-product","3":"status-publish","4":"has-post-thumbnail","6":"product_cat-akvaariumi-hooldusvahendid","7":"product_cat-kalad","8":"product_cat-muud-loomad","9":"pa_brand-tropical","10":"pa_ean-2989","11":"pa_kaal-0-300","12":"pa_tootjariik-euroopa-liit","14":"first","15":"outofstock","16":"taxable","17":"shipping-taxable","18":"purchasable","19":"product-type-simple"},"_links":{"self":[{"href":"https:\/\/kasskoer.ee\/en\/wp-json\/wp\/v2\/product\/17607","targetHints":{"allow":["GET"]}}],"collection":[{"href":"https:\/\/kasskoer.ee\/en\/wp-json\/wp\/v2\/product"}],"about":[{"href":"https:\/\/kasskoer.ee\/en\/wp-json\/wp\/v2\/types\/product"}],"wp:featuredmedia":[{"embeddable":true,"href":"https:\/\/kasskoer.ee\/en\/wp-json\/wp\/v2\/media\/17608"}],"wp:attachment":[{"href":"https:\/\/kasskoer.ee\/en\/wp-json\/wp\/v2\/media?parent=17607"}],"wp:term":[{"taxonomy":"product_cat","embeddable":true,"href":"https:\/\/kasskoer.ee\/en\/wp-json\/wp\/v2\/product_cat?post=17607"},{"taxonomy":"product_tag","embeddable":true,"href":"https:\/\/kasskoer.ee\/en\/wp-json\/wp\/v2\/product_tag?post=17607"}],"curies":[{"name":"wp","href":"https:\/\/api.w.org\/{rel}","templated":true}]}}