{"id":17611,"date":"2026-04-20T03:05:32","date_gmt":"2026-04-20T00:05:32","guid":{"rendered":"https:\/\/kasskoer.ee\/product\/tropical-esklarin-aloe-vera-veehooldusvahend-30ml\/"},"modified":"2026-04-20T03:05:32","modified_gmt":"2026-04-20T00:05:32","slug":"tropical-esklarin-aloe-vera-veehooldusvahend-30ml","status":"publish","type":"product","link":"https:\/\/kasskoer.ee\/en\/toode\/tropical-esklarin-aloe-vera-veehooldusvahend-30ml\/","title":{"rendered":"Tropical Esklarin + Aloe Vera veehooldusvahend 30ml"},"content":{"rendered":"<p><b>Esklarin on aaloe ekstraktiga preparaat, mis on m\u00f5eldud kraanivee kiireks t\u00f6\u00f6tlemiseks enne selle kasutamist akvaariumis.<\/b><br \/>&#13;<\/p>\n<li>Eriti soovitatav uute akvaariumide k\u00e4ivitamisel, vee vahetamisel juba toimivates akvaariumides ning kalade taastumise ja karantiiniperioodide ajal.<\/li>\n<p>&#13;<\/p>\n<li>Neutraliseerib raskmetallide sooli, mis on kaladele m\u00fcrgised.<\/li>\n<p>&#13;<\/p>\n<li>Kaitseb kalade nahka, l\u00f5puseid ja silmi kraanivees leiduvate kahjulike ainete eest.<\/li>\n<p>&#13;<\/p>\n<li>Lisatud stressi leevendavad ained rahustavad kalu, kes v\u00f5ivad olla hirmul puhastamise, transpordi v\u00f5i uue elukeskkonnaga kohanemise t\u00f5ttu.<\/li>\n<p>&#13;<\/p>\n<li>Aaloe aitab ravida nahavigastusi, kiirendades nende taastumist ja v\u00e4hendades nakkusohtu. Lisaks tugevdab see immuunsust ja soodustab seedimisprotsesse.<\/li>\n<p>&#13;<\/p>\n<li>Doseerimine: 20 ml \/ 100 liitri vee kohta.<br \/>\n","protected":false},"excerpt":{"rendered":"<p>Esklarin kraanivee konditsioneer.<\/p>\n","protected":false},"featured_media":17612,"template":"","meta":[],"product_cat":[2988,3079,693],"product_tag":[],"class_list":{"0":"post-17611","1":"product","2":"type-product","3":"status-publish","4":"has-post-thumbnail","6":"product_cat-akvaariumi-hooldusvahendid","7":"product_cat-kalad","8":"product_cat-muud-loomad","9":"pa_brand-tropical","10":"pa_ean-2991","11":"pa_kaal-0-050","12":"pa_tootjariik-euroopa-liit","14":"first","15":"outofstock","16":"taxable","17":"shipping-taxable","18":"purchasable","19":"product-type-simple"},"_links":{"self":[{"href":"https:\/\/kasskoer.ee\/en\/wp-json\/wp\/v2\/product\/17611","targetHints":{"allow":["GET"]}}],"collection":[{"href":"https:\/\/kasskoer.ee\/en\/wp-json\/wp\/v2\/product"}],"about":[{"href":"https:\/\/kasskoer.ee\/en\/wp-json\/wp\/v2\/types\/product"}],"wp:featuredmedia":[{"embeddable":true,"href":"https:\/\/kasskoer.ee\/en\/wp-json\/wp\/v2\/media\/17612"}],"wp:attachment":[{"href":"https:\/\/kasskoer.ee\/en\/wp-json\/wp\/v2\/media?parent=17611"}],"wp:term":[{"taxonomy":"product_cat","embeddable":true,"href":"https:\/\/kasskoer.ee\/en\/wp-json\/wp\/v2\/product_cat?post=17611"},{"taxonomy":"product_tag","embeddable":true,"href":"https:\/\/kasskoer.ee\/en\/wp-json\/wp\/v2\/product_tag?post=17611"}],"curies":[{"name":"wp","href":"https:\/\/api.w.org\/{rel}","templated":true}]}}