{"id":17613,"date":"2026-04-20T03:05:32","date_gmt":"2026-04-20T00:05:32","guid":{"rendered":"https:\/\/kasskoer.ee\/product\/tropical-green-algae-wafers-kalatoit-45g-100ml\/"},"modified":"2026-04-20T03:05:32","modified_gmt":"2026-04-20T00:05:32","slug":"tropical-green-algae-wafers-kalatoit-45g-100ml","status":"publish","type":"product","link":"https:\/\/kasskoer.ee\/en\/toode\/tropical-green-algae-wafers-kalatoit-45g-100ml\/","title":{"rendered":"Tropical Green Algae Wafers kalatoit 45g \/ 100ml"},"content":{"rendered":"<p><b>Green Algae Wafers on p\u00f5hja vajuv taimne t\u00e4istoit tablettide kujul, mis on m\u00f5eldud igap\u00e4evaseks toitmiseks Loricariidae sugukonna kaladele, kelle toitumine n\u00f5uab suures koguses taimseid saadusi ja vetikaid.<\/b><br \/>&#13;<\/p>\n<li>Sobib samuti suurep\u00e4raselt mitmekesise toitumise t\u00e4ienduseks p\u00f5hjast toituvatele k\u00f5iges\u00f6\u00f6jatest kaladele ning magevee- ja merekoorikloomadele.<\/li>\n<p>&#13;<\/p>\n<li>Toit ei lagune ega reosta vett isegi siis, kui nad j\u00e4\u00e4vad akvaariumi p\u00f5hja pikemaks ajaks.<\/li>\n<p>&#13;<br \/>\n<br \/>&#13;<br \/>\n<b>Koostis<\/b><br \/>&#13;<br \/>\nTaimset p\u00e4ritolu derivaadid (sh Terminalia catappa min. 2%), taimse valgu ekstraktid, vetikad (sh Ascophyllum nodosum min. 4%, Spirulina platensis min. 3%), kala ja kalasaadused, molluskid ja koorikloomad, teraviljad, p\u00e4rm, \u00f5lid ja rasvad, mineraalid (sh tseoliit 1%).&#13;<br \/>\n<br \/>&#13;<br \/>\n<br \/>&#13;<br \/>\n<b>Anal\u00fc\u00fctilised koostisosad<\/b><br \/>&#13;<br \/>\nToorvalk 45,0%, toor\u00f5lid ja -rasvad 6,0%, toorkiud 5,0%, niiskus 10,0%.<br \/>&#13;<br \/>\n<br \/>&#13;<br \/>\n<b>S\u00f6\u00f6dalisandid (kg kohta)<\/b><br \/>&#13;<br \/>\nVitamiinid, provitamiinid ja sarnase toimega keemiliselt m\u00e4\u00e4ratletud ained: vitamiin A 28 000 R\u00dc, vitamiin D3 2 000 R\u00dc, vitamiin E 120 mg, vitamiin C 585 mg. Mikroelementide \u00fchendid: raud (Fe, E1) 43,2 mg, tsink (Zn, E6) 12,0 mg, mangaan (Mn, E5) 9,0 mg, vask (Cu, E4) 2,2 mg, jood (I, E2) 0,26 mg, seleen (Se, E8) 0,26 mg, mol\u00fcbdeen (Mo, E7) 0,06 mg. V\u00e4rvained. Antioks\u00fcdandid.<\/p>\n","protected":false},"excerpt":{"rendered":"<p>Taimne p\u00f5hja vajuv toit spirulinaga vetikatoidulistele kaladele.<\/p>\n","protected":false},"featured_media":17614,"template":"","meta":[],"product_cat":[2973,3079,693],"product_tag":[],"class_list":{"0":"post-17613","1":"product","2":"type-product","3":"status-publish","4":"has-post-thumbnail","6":"product_cat-kalatoit","7":"product_cat-kalad","8":"product_cat-muud-loomad","9":"pa_brand-tropical","10":"pa_ean-2992","11":"pa_kaal-0-045","12":"pa_tootjariik-euroopa-liit","14":"first","15":"outofstock","16":"taxable","17":"shipping-taxable","18":"purchasable","19":"product-type-simple"},"_links":{"self":[{"href":"https:\/\/kasskoer.ee\/en\/wp-json\/wp\/v2\/product\/17613","targetHints":{"allow":["GET"]}}],"collection":[{"href":"https:\/\/kasskoer.ee\/en\/wp-json\/wp\/v2\/product"}],"about":[{"href":"https:\/\/kasskoer.ee\/en\/wp-json\/wp\/v2\/types\/product"}],"wp:featuredmedia":[{"embeddable":true,"href":"https:\/\/kasskoer.ee\/en\/wp-json\/wp\/v2\/media\/17614"}],"wp:attachment":[{"href":"https:\/\/kasskoer.ee\/en\/wp-json\/wp\/v2\/media?parent=17613"}],"wp:term":[{"taxonomy":"product_cat","embeddable":true,"href":"https:\/\/kasskoer.ee\/en\/wp-json\/wp\/v2\/product_cat?post=17613"},{"taxonomy":"product_tag","embeddable":true,"href":"https:\/\/kasskoer.ee\/en\/wp-json\/wp\/v2\/product_tag?post=17613"}],"curies":[{"name":"wp","href":"https:\/\/api.w.org\/{rel}","templated":true}]}}